{"id":745362,"date":"2025-08-28T02:17:47","date_gmt":"2025-08-27T23:17:47","guid":{"rendered":"https:\/\/roveyayinevi.com.tr\/index.php\/urun\/will-moogley-hayalet-ajansi-1\/"},"modified":"2026-04-16T02:57:40","modified_gmt":"2026-04-15T23:57:40","slug":"will-moogley-hayalet-ajansi-1","status":"publish","type":"product","link":"https:\/\/roveyayinevi.com.tr\/index.php\/urun\/will-moogley-hayalet-ajansi-1\/","title":{"rendered":"Will Moogley Hayalet Ajans\u0131-1"},"content":{"rendered":"<p>Will Moogley\u2019nin Hayalet Ajans\u0131\u2019na ho\u015f geldiniz!   New York\u2019ta, eski bir g\u00f6kdelenin en \u00fcst kat\u0131nda amcas\u0131ndan kalan b\u00fcy\u00fck, tozlu apartman dairesini hem ev hem ofis olarak kullanan Will\u2019in i\u015fi hi\u00e7 de kolay de\u011fildi. Amcas\u0131n\u0131n \u00f6teki d\u00fcnyaya g\u00f6\u00e7meden \u00f6nce iflasa s\u00fcr\u00fckledi\u011fi hayalet ajans\u0131n\u0131n ad\u0131n\u0131 yeniden duyurmak zorundayd\u0131. Asla k\u00fc\u00e7\u00fcmsenemeyecek rakipleri, ergenlik s\u0131k\u0131nt\u0131lar\u0131, yard\u0131m edeyim derken t\u00fcrl\u00fc t\u00fcrl\u00fc sorunlar \u00e7\u0131karan en yak\u0131n arkada\u015f\u0131, ajans\u0131n beceriksiz hayaletleri ve sayamayaca\u011f\u0131m\u0131z kadar ba\u015fka derdiyle acaba Will bu zorlu g\u00f6revi ba\u015farabilecek miydi?   Will ve arkada\u015f\u0131 Tupper\u2019\u0131n ajans\u0131n hayaletlerine yeni bir otelde i\u015f ayarlama giri\u015fimlerini keyifle okuyaca\u011f\u0131n\u0131z serinin bu ilk kitab\u0131nda, Baccalario\u2019nun mizahi dili ve Matteo Piana\u2019n\u0131n \u00e7izimleriyle g\u00f6n\u00fcllerde yer edecek e\u011flenceli bir d\u00fcnyan\u0131n kap\u0131s\u0131 aralan\u0131yor! <\/p>\n","protected":false},"excerpt":{"rendered":"<p>Will Moogley\u2019nin Hayalet Ajans\u0131\u2019na ho\u015f geldiniz! New York\u2019ta, eski bir g\u00f6kdelenin en \u00fcst kat\u0131nda amcas\u0131ndan kalan b\u00fcy\u00fck, tozlu apartman dairesini hem ev hem ofis olarak kullanan<span class=\"excerpt-hellip\"> [\u2026]<\/span><\/p>\n","protected":false},"featured_media":0,"template":"","meta":{"_monsterinsights_skip_tracking":false,"_monsterinsights_sitenote_active":false,"_monsterinsights_sitenote_note":"","_monsterinsights_sitenote_category":0},"product_brand":[],"product_cat":[12689,12274],"product_tag":[],"class_list":{"0":"post-745362","1":"product","2":"type-product","3":"status-publish","5":"product_cat-cizgi-roman-cocuk-ve-genclik-kitaplari","6":"product_cat-cocuk-ve-genclik-kitaplari","7":"pa_cilt-ciltsiz","8":"pa_tur-kitap","9":"pa_yayinevi-ithaki-yayinlari","10":"pa_yazar-pierdomenico-baccalario","12":"first","13":"instock","14":"sale","15":"shipping-taxable","16":"purchasable","17":"product-type-simple"},"_links":{"self":[{"href":"https:\/\/roveyayinevi.com.tr\/index.php\/wp-json\/wp\/v2\/product\/745362","targetHints":{"allow":["GET"]}}],"collection":[{"href":"https:\/\/roveyayinevi.com.tr\/index.php\/wp-json\/wp\/v2\/product"}],"about":[{"href":"https:\/\/roveyayinevi.com.tr\/index.php\/wp-json\/wp\/v2\/types\/product"}],"wp:attachment":[{"href":"https:\/\/roveyayinevi.com.tr\/index.php\/wp-json\/wp\/v2\/media?parent=745362"}],"wp:term":[{"taxonomy":"product_brand","embeddable":true,"href":"https:\/\/roveyayinevi.com.tr\/index.php\/wp-json\/wp\/v2\/product_brand?post=745362"},{"taxonomy":"product_cat","embeddable":true,"href":"https:\/\/roveyayinevi.com.tr\/index.php\/wp-json\/wp\/v2\/product_cat?post=745362"},{"taxonomy":"product_tag","embeddable":true,"href":"https:\/\/roveyayinevi.com.tr\/index.php\/wp-json\/wp\/v2\/product_tag?post=745362"}],"curies":[{"name":"wp","href":"https:\/\/api.w.org\/{rel}","templated":true}]}}