{"id":745360,"date":"2025-08-28T02:17:43","date_gmt":"2025-08-27T23:17:43","guid":{"rendered":"https:\/\/roveyayinevi.com.tr\/index.php\/urun\/tanricanin-laneti\/"},"modified":"2026-04-16T02:57:40","modified_gmt":"2026-04-15T23:57:40","slug":"tanricanin-laneti","status":"publish","type":"product","link":"https:\/\/roveyayinevi.com.tr\/index.php\/urun\/tanricanin-laneti\/","title":{"rendered":"Tanr\u0131\u00e7a\u2019n\u0131n Laneti"},"content":{"rendered":"<p>\u0130ki farkl\u0131 \u0131rk\u0131n birle\u015fmesi sonucunda d\u00fcnyaya gelen bebek Khelon kabilesinin lanetini silmek i\u00e7in 16.04.1800 tarihinde Tanr\u0131\u00e7a\u2019ya kurban edildi ve g\u00fcc\u00fc kabileye aktar\u0131ld\u0131. Melez bebe\u011fin kurban edili\u015finin 200. y\u0131ld\u00f6n\u00fcm\u00fcnde, ayn\u0131 yerde bir bebek daha d\u00fcnyaya geldi. Kabileye bildirilen kehanette, b\u00f6yle bir do\u011fum olaca\u011f\u0131n\u0131n haberi verilmi\u015fti ancak bebe\u011fin nerede oldu\u011funa dair hi\u00e7bir bilgiye ula\u015f\u0131lamam\u0131\u015ft\u0131. Ta ki d\u00fcnyan\u0131n farkl\u0131 yerlerinde, ayn\u0131 saatte \u00fc\u00e7 ayr\u0131 u\u00e7ak kazas\u0131n\u0131n ya\u015fand\u0131\u011f\u0131 o g\u00fcne dek\u2026 Aden bu kazalardan kurtulabilen tek ki\u015fiydi. Kazan\u0131n ard\u0131ndan yaralar\u0131n\u0131 sarmaya \u00e7al\u0131\u015fan gen\u00e7 k\u0131z kaderinin iki y\u00fcz y\u0131l \u00f6nce yaz\u0131ld\u0131\u011f\u0131ndan ve \u00f6zel g\u00fc\u00e7leri oldu\u011fundan habersizdi. Onun sahip oldu\u011fu g\u00fc\u00e7leri kendi t\u00fcrlerinin devam\u0131 i\u00e7in kullanmaya \u00e7al\u0131\u015fan cad\u0131lar ve nerfler gen\u00e7 k\u0131z\u0131n pe\u015findeydi. Ya\u015fanan g\u00fc\u00e7 sava\u015f\u0131nda Aden kilit bir rol oynayacakt\u0131. Kaderinin onu \u00e7a\u011f\u0131rd\u0131\u011f\u0131 bu sava\u015fta Aden sadece cesaretle de\u011fil a\u015fkla da s\u0131nanacakt\u0131. Emel Sar\u0131kurt Tanr\u0131\u00e7a\u2019n\u0131n Laneti kitab\u0131nda, okurlar\u0131n\u0131 bir solukta okuyacaklar\u0131 fantastik bir hik\u00e2yeye ortak ediyor. <\/p>\n","protected":false},"excerpt":{"rendered":"<p>\u0130ki farkl\u0131 \u0131rk\u0131n birle\u015fmesi sonucunda d\u00fcnyaya gelen bebek Khelon kabilesinin lanetini silmek i\u00e7in 16.04.1800 tarihinde Tanr\u0131\u00e7a\u2019ya kurban edildi ve g\u00fcc\u00fc kabileye aktar\u0131ld\u0131. Melez bebe\u011fin kurban edili\u015finin<span class=\"excerpt-hellip\"> [\u2026]<\/span><\/p>\n","protected":false},"featured_media":0,"template":"","meta":{"_monsterinsights_skip_tracking":false,"_monsterinsights_sitenote_active":false,"_monsterinsights_sitenote_note":"","_monsterinsights_sitenote_category":0},"product_brand":[],"product_cat":[12291,14777],"product_tag":[],"class_list":{"0":"post-745360","1":"product","2":"type-product","3":"status-publish","5":"product_cat-edebiyat","6":"product_cat-fantastik","7":"pa_cilt-ciltsiz","8":"pa_tur-kitap","9":"pa_yayinevi-muptela-yayinevi","10":"pa_yazar-emel-sarikurt","12":"first","13":"instock","14":"sale","15":"shipping-taxable","16":"purchasable","17":"product-type-simple"},"_links":{"self":[{"href":"https:\/\/roveyayinevi.com.tr\/index.php\/wp-json\/wp\/v2\/product\/745360","targetHints":{"allow":["GET"]}}],"collection":[{"href":"https:\/\/roveyayinevi.com.tr\/index.php\/wp-json\/wp\/v2\/product"}],"about":[{"href":"https:\/\/roveyayinevi.com.tr\/index.php\/wp-json\/wp\/v2\/types\/product"}],"wp:attachment":[{"href":"https:\/\/roveyayinevi.com.tr\/index.php\/wp-json\/wp\/v2\/media?parent=745360"}],"wp:term":[{"taxonomy":"product_brand","embeddable":true,"href":"https:\/\/roveyayinevi.com.tr\/index.php\/wp-json\/wp\/v2\/product_brand?post=745360"},{"taxonomy":"product_cat","embeddable":true,"href":"https:\/\/roveyayinevi.com.tr\/index.php\/wp-json\/wp\/v2\/product_cat?post=745360"},{"taxonomy":"product_tag","embeddable":true,"href":"https:\/\/roveyayinevi.com.tr\/index.php\/wp-json\/wp\/v2\/product_tag?post=745360"}],"curies":[{"name":"wp","href":"https:\/\/api.w.org\/{rel}","templated":true}]}}