{"id":745359,"date":"2025-08-28T02:17:42","date_gmt":"2025-08-27T23:17:42","guid":{"rendered":"https:\/\/roveyayinevi.com.tr\/index.php\/urun\/kuantumun-gucu\/"},"modified":"2026-04-12T03:01:25","modified_gmt":"2026-04-12T00:01:25","slug":"kuantumun-gucu","status":"publish","type":"product","link":"https:\/\/roveyayinevi.com.tr\/index.php\/urun\/kuantumun-gucu\/","title":{"rendered":"Kuantumun G\u00fcc\u00fc"},"content":{"rendered":"<p>Kuantumun G\u00fcc\u00fc klasik bir ki\u015fisel geli\u015fim kitab\u0131 de\u011fil. Serpil Ciritci A\u2019dan Z\u2019ye kuantum felsefesini ve konunun kapsad\u0131\u011f\u0131 ba\u015fl\u0131klar\u0131 belli bir kronolojiye g\u00f6re sundu\u011fu bu \u00e7al\u0131\u015fmas\u0131nda g\u00fcnl\u00fck hayat\u0131n\u0131zda uygulayabilece\u011finiz rit\u00fcellere de yer veriyor.Bu kitab\u0131 bitirip yapbozdaki en b\u00fcy\u00fck par\u00e7ay\u0131 yerine yerle\u015ftirdi\u011finizde hayat\u0131n\u0131z bir daha asla eskisi gibi olmayacak.Kuantum ger\u00e7ekten \u201csihirli bir de\u011fnek\u201d ama bu onu nas\u0131l kulland\u0131\u011f\u0131n\u0131za ba\u011fl\u0131. Sizi al\u0131p bir anda y\u00fcksek bilin\u00e7 seviyelerine s\u0131\u00e7ratacak, bilin\u00e7alt\u0131n\u0131z\u0131 temize \u00e7ekecek, t\u00fcm korku ve olumsuz inan\u00e7 kal\u0131plar\u0131n\u0131zdan bir anda kurtulman\u0131z\u0131 sa\u011flayarak, mutlu bir hayat s\u00fcrmenizi sa\u011flayacak h\u0131zl\u0131 bir sihir yok.Ama iyi haber \u015fu ki; kendinize verdi\u011finiz emekle, ay\u0131rd\u0131\u011f\u0131n\u0131z zamanla, ciddi bir \u00e7aba, istek ve inan\u00e7la olu\u015fturabilece\u011finiz yeni bir d\u00fcnya ve o d\u00fcnya i\u00e7inde mutlu olma \u00f6d\u00fcl\u00fc var.Bu sistemli ve kararl\u0131 bir \u00e7al\u0131\u015fma s\u00fcrecini gerektiriyor. Peki, sonu\u00e7 al\u0131n\u0131yor mu?Evet, kesinlikle al\u0131n\u0131yor. Yava\u015f yava\u015f de\u011fi\u015fti\u011finizde, \u00f6zg\u00fcrle\u015fti\u011finizde, sakinle\u015fip huzuru yakalad\u0131\u011f\u0131n\u0131zda her bir \u00e7aban\u0131za de\u011fdi\u011fini g\u00f6receksiniz.<\/p>\n","protected":false},"excerpt":{"rendered":"<p>Kuantumun G\u00fcc\u00fc klasik bir ki\u015fisel geli\u015fim kitab\u0131 de\u011fil. Serpil Ciritci A\u2019dan Z\u2019ye kuantum felsefesini ve konunun kapsad\u0131\u011f\u0131 ba\u015fl\u0131klar\u0131 belli bir kronolojiye g\u00f6re sundu\u011fu bu \u00e7al\u0131\u015fmas\u0131nda g\u00fcnl\u00fck<span class=\"excerpt-hellip\"> [\u2026]<\/span><\/p>\n","protected":false},"featured_media":0,"template":"","meta":{"_monsterinsights_skip_tracking":false,"_monsterinsights_sitenote_active":false,"_monsterinsights_sitenote_note":"","_monsterinsights_sitenote_category":0},"product_brand":[],"product_cat":[12364,12376],"product_tag":[],"class_list":{"0":"post-745359","1":"product","2":"type-product","3":"status-publish","5":"product_cat-genel-konular","6":"product_cat-kisisel-gelisim","7":"pa_cilt-ciltsiz","8":"pa_tur-kitap","9":"pa_yayinevi-muptela-yayinevi","10":"pa_yazar-serpil-ciritci","12":"first","13":"instock","14":"sale","15":"shipping-taxable","16":"purchasable","17":"product-type-simple"},"_links":{"self":[{"href":"https:\/\/roveyayinevi.com.tr\/index.php\/wp-json\/wp\/v2\/product\/745359","targetHints":{"allow":["GET"]}}],"collection":[{"href":"https:\/\/roveyayinevi.com.tr\/index.php\/wp-json\/wp\/v2\/product"}],"about":[{"href":"https:\/\/roveyayinevi.com.tr\/index.php\/wp-json\/wp\/v2\/types\/product"}],"wp:attachment":[{"href":"https:\/\/roveyayinevi.com.tr\/index.php\/wp-json\/wp\/v2\/media?parent=745359"}],"wp:term":[{"taxonomy":"product_brand","embeddable":true,"href":"https:\/\/roveyayinevi.com.tr\/index.php\/wp-json\/wp\/v2\/product_brand?post=745359"},{"taxonomy":"product_cat","embeddable":true,"href":"https:\/\/roveyayinevi.com.tr\/index.php\/wp-json\/wp\/v2\/product_cat?post=745359"},{"taxonomy":"product_tag","embeddable":true,"href":"https:\/\/roveyayinevi.com.tr\/index.php\/wp-json\/wp\/v2\/product_tag?post=745359"}],"curies":[{"name":"wp","href":"https:\/\/api.w.org\/{rel}","templated":true}]}}