{"id":745356,"date":"2025-08-28T02:17:39","date_gmt":"2025-08-27T23:17:39","guid":{"rendered":"https:\/\/roveyayinevi.com.tr\/index.php\/urun\/hachiko-2\/"},"modified":"2026-04-16T02:57:40","modified_gmt":"2026-04-15T23:57:40","slug":"hachiko-2","status":"publish","type":"product","link":"https:\/\/roveyayinevi.com.tr\/index.php\/urun\/hachiko-2\/","title":{"rendered":"Hachiko"},"content":{"rendered":"<p>Profes\u00f6r Ueno ile Hachiko\u2019nun e\u015fsiz dostlu\u011funu duydunuz mu? Profes\u00f6r, Hachiko\u2019yu daha k\u00fc\u00e7\u00fcc\u00fck bir yavruyken sahiplenmi\u015fti ve birlikte \u00e7ok mutluydular! Hachiko, sahibini her g\u00fcn tren istasyonuna kadar takip ediyor ve onun d\u00f6nmesini bekliyordu. Bir g\u00fcn Profes\u00f6r Ueno o istasyona d\u00f6nmedi ama Hachiko, onu beklemekten ve \u00f6zlemekten hi\u00e7 vazge\u00e7medi.Hachiko bize arkada\u015fl\u0131\u011f\u0131n ger\u00e7ek anlam\u0131n\u0131 ve sevdiklerimizi asla unutmamay\u0131 \u00f6\u011fretti.<\/p>\n","protected":false},"excerpt":{"rendered":"<p>Profes\u00f6r Ueno ile Hachiko\u2019nun e\u015fsiz dostlu\u011funu duydunuz mu? Profes\u00f6r, Hachiko\u2019yu daha k\u00fc\u00e7\u00fcc\u00fck bir yavruyken sahiplenmi\u015fti ve birlikte \u00e7ok mutluydular! Hachiko, sahibini her g\u00fcn tren istasyonuna kadar<span class=\"excerpt-hellip\"> [\u2026]<\/span><\/p>\n","protected":false},"featured_media":0,"template":"","meta":{"_monsterinsights_skip_tracking":false,"_monsterinsights_sitenote_active":false,"_monsterinsights_sitenote_note":"","_monsterinsights_sitenote_category":0},"product_brand":[],"product_cat":[12274,12284],"product_tag":[],"class_list":{"0":"post-745356","1":"product","2":"type-product","3":"status-publish","5":"product_cat-cocuk-ve-genclik-kitaplari","6":"product_cat-hikayeler","7":"pa_cilt-ciltsiz","8":"pa_tur-kitap","9":"pa_yayinevi-yakamoz-cocuk","10":"pa_yazar-ozge-ceren-haciosmanoglu","12":"first","13":"instock","14":"sale","15":"shipping-taxable","16":"purchasable","17":"product-type-simple"},"_links":{"self":[{"href":"https:\/\/roveyayinevi.com.tr\/index.php\/wp-json\/wp\/v2\/product\/745356","targetHints":{"allow":["GET"]}}],"collection":[{"href":"https:\/\/roveyayinevi.com.tr\/index.php\/wp-json\/wp\/v2\/product"}],"about":[{"href":"https:\/\/roveyayinevi.com.tr\/index.php\/wp-json\/wp\/v2\/types\/product"}],"wp:attachment":[{"href":"https:\/\/roveyayinevi.com.tr\/index.php\/wp-json\/wp\/v2\/media?parent=745356"}],"wp:term":[{"taxonomy":"product_brand","embeddable":true,"href":"https:\/\/roveyayinevi.com.tr\/index.php\/wp-json\/wp\/v2\/product_brand?post=745356"},{"taxonomy":"product_cat","embeddable":true,"href":"https:\/\/roveyayinevi.com.tr\/index.php\/wp-json\/wp\/v2\/product_cat?post=745356"},{"taxonomy":"product_tag","embeddable":true,"href":"https:\/\/roveyayinevi.com.tr\/index.php\/wp-json\/wp\/v2\/product_tag?post=745356"}],"curies":[{"name":"wp","href":"https:\/\/api.w.org\/{rel}","templated":true}]}}