{"id":745352,"date":"2025-08-28T02:17:34","date_gmt":"2025-08-27T23:17:34","guid":{"rendered":"https:\/\/roveyayinevi.com.tr\/index.php\/urun\/buyuk-balik-bulusmasi\/"},"modified":"2026-04-11T03:05:22","modified_gmt":"2026-04-11T00:05:22","slug":"buyuk-balik-bulusmasi","status":"publish","type":"product","link":"https:\/\/roveyayinevi.com.tr\/index.php\/urun\/buyuk-balik-bulusmasi\/","title":{"rendered":"B\u00fcy\u00fck Bal\u0131k Bulu\u015fmas\u0131"},"content":{"rendered":"<p>Hayat suda ba\u015flad\u0131 ya \u015e\u00f6yle yap\u0131lmal\u0131 bence: Alfabenin ilk iki harfi Yer de\u011fi\u015ftirmeli \u00f6nce B\u2019den sonra gelmeli A, L yeti\u015fmeli ard\u0131ndan, I ve K izlemeli onu.   Gerisini dert etme hi\u00e7, ne de olsa herkes bilir, ortaya \u00e7\u0131kan s\u00f6zc\u00fc\u011f\u00fcn ne do\u011furgan oldug\u0306unu.   Nazmi A\u011f\u0131l\u2019\u0131n yazd\u0131\u011f\u0131, Dilek Y\u00f6rdem\u2019in resimledi\u011fi B\u00fcy\u00fck Bal\u0131k Bulu\u015fmas\u0131\u2019nda k\u0131l\u0131\u00e7bal\u0131\u011f\u0131ndan hamsiye, balonbal\u0131\u011f\u0131ndan vatoza pek \u00e7ok bal\u0131kla ilgili \u015fiir-bilmece yer al\u0131yor. <\/p>\n","protected":false},"excerpt":{"rendered":"<p>Hayat suda ba\u015flad\u0131 ya \u015e\u00f6yle yap\u0131lmal\u0131 bence: Alfabenin ilk iki harfi Yer de\u011fi\u015ftirmeli \u00f6nce B\u2019den sonra gelmeli A, L yeti\u015fmeli ard\u0131ndan, I ve K izlemeli onu.<span class=\"excerpt-hellip\"> [\u2026]<\/span><\/p>\n","protected":false},"featured_media":0,"template":"","meta":{"_monsterinsights_skip_tracking":false,"_monsterinsights_sitenote_active":false,"_monsterinsights_sitenote_note":"","_monsterinsights_sitenote_category":0},"product_brand":[],"product_cat":[12274,12284],"product_tag":[],"class_list":{"0":"post-745352","1":"product","2":"type-product","3":"status-publish","5":"product_cat-cocuk-ve-genclik-kitaplari","6":"product_cat-hikayeler","7":"pa_cilt-ciltsiz","8":"pa_tur-kitap","9":"pa_yayinevi-yapi-kredi-yayinlari","10":"pa_yazar-nazmi-agil","12":"first","13":"instock","14":"sale","15":"shipping-taxable","16":"purchasable","17":"product-type-simple"},"_links":{"self":[{"href":"https:\/\/roveyayinevi.com.tr\/index.php\/wp-json\/wp\/v2\/product\/745352","targetHints":{"allow":["GET"]}}],"collection":[{"href":"https:\/\/roveyayinevi.com.tr\/index.php\/wp-json\/wp\/v2\/product"}],"about":[{"href":"https:\/\/roveyayinevi.com.tr\/index.php\/wp-json\/wp\/v2\/types\/product"}],"wp:attachment":[{"href":"https:\/\/roveyayinevi.com.tr\/index.php\/wp-json\/wp\/v2\/media?parent=745352"}],"wp:term":[{"taxonomy":"product_brand","embeddable":true,"href":"https:\/\/roveyayinevi.com.tr\/index.php\/wp-json\/wp\/v2\/product_brand?post=745352"},{"taxonomy":"product_cat","embeddable":true,"href":"https:\/\/roveyayinevi.com.tr\/index.php\/wp-json\/wp\/v2\/product_cat?post=745352"},{"taxonomy":"product_tag","embeddable":true,"href":"https:\/\/roveyayinevi.com.tr\/index.php\/wp-json\/wp\/v2\/product_tag?post=745352"}],"curies":[{"name":"wp","href":"https:\/\/api.w.org\/{rel}","templated":true}]}}