{"id":745348,"date":"2025-08-28T02:17:30","date_gmt":"2025-08-27T23:17:30","guid":{"rendered":"https:\/\/roveyayinevi.com.tr\/index.php\/urun\/osmanli-resim-sanatinda-saz-uslubu\/"},"modified":"2026-03-12T03:05:39","modified_gmt":"2026-03-12T00:05:39","slug":"osmanli-resim-sanatinda-saz-uslubu","status":"publish","type":"product","link":"https:\/\/roveyayinevi.com.tr\/index.php\/urun\/osmanli-resim-sanatinda-saz-uslubu\/","title":{"rendered":"Osmanl\u0131 Resim Sanat\u0131nda Saz \u00dcslubu"},"content":{"rendered":"<p>Osmanl\u0131 Resim Sanat\u0131nda Saz \u00dcslubu, on alt\u0131nc\u0131 y\u00fczy\u0131ldan bu yana Osmanl\u0131 resim sanat\u0131nda \u00f6zel bir yeri olan, zarif motifleriyle \u00e7a\u011flar boyunca herkesi cezbeden saz \u00fcslubunu, ad\u0131n\u0131n k\u00f6keninden uygulama bi\u00e7imlerine kadar t\u00fcm y\u00f6nleriyle ele al\u0131yor. K\u00f6kleri \u0130\u00e7 Asya ve Uzakdo\u011fu\u2019ya uzanan, yolculu\u011fu \u0130sfahan ve Tebriz \u00fczerinden \u0130stanbul\u2019a kadar s\u00fcren saz \u00fcslubunun temel motiflerinin de ele al\u0131nd\u0131\u011f\u0131 kitap, \u00fcslubun geli\u015fim s\u00fcrecini tarihsel \u00f6rneklerle a\u00e7\u0131kl\u0131yor.   Topkap\u0131 Saray\u0131 nakka\u015fhanesinde \u201cSaz Kolu\u201d ad\u0131yla ayr\u0131ca de\u011ferlendirilen saz \u00fcslubunda yap\u0131lan resimler i\u00e7in se\u00e7ilen konu ve motiflerin kayna\u011f\u0131n\u0131n, \u015eah Kulu, Veli Can ve di\u011fer pek \u00e7ok ressam\u0131n bu kaynaklar\u0131 yorumlama becerilerinin tarihsel \u00f6rneklerle g\u00f6zler \u00f6n\u00fcne serildi\u011fi Osmanl\u0131 Resim Sanat\u0131nda Saz \u00dcslubu, \u00fcslubun d\u00fcnya sanat tarihine \u201cSiyah Kalem\u201d grubunun \u00e7al\u0131\u015fmalar\u0131yla ge\u00e7mi\u015f, on d\u00f6rd\u00fcnc\u00fc y\u00fczy\u0131lda yayg\u0131n kalem-i siyah\u00ee resim gelene\u011fiyle ba\u011f\u0131na da de\u011finiyor.   Sanat tarih\u00e7isi akademisyen Banu Mahir\u2019in \u00fcslubun tezhipten minyat\u00fcre, kitap s\u00fcslemecili\u011finden kalemi\u015fine, hal\u0131 ve kilim dokumac\u0131l\u0131\u011f\u0131na kadar pek \u00e7ok alanda uygulamalar\u0131na yer verdi\u011fi kitap, Osmanl\u0131 sanat\u0131nda resim, ressaml\u0131k gibi konular hakk\u0131nda d\u00fc\u015f\u00fcnmeyi sa\u011fl\u0131yor. Saz \u00fcslubu hakk\u0131nda b\u00f6ylesine ayr\u0131nt\u0131l\u0131 kaleme al\u0131nm\u0131\u015f tek metin olan Osmanl\u0131 Resim Sanat\u0131nda Saz \u00dcslubu, okurun, bu \u00fcslubun sanat\u00e7\u0131lar\u0131n\u0131n d\u00fcnyay\u0131 alg\u0131lama ve g\u00f6rme bi\u00e7imlerine dair bir fikir edinmesine de yard\u0131mc\u0131 oluyor. <\/p>\n","protected":false},"excerpt":{"rendered":"<p>Osmanl\u0131 Resim Sanat\u0131nda Saz \u00dcslubu, on alt\u0131nc\u0131 y\u00fczy\u0131ldan bu yana Osmanl\u0131 resim sanat\u0131nda \u00f6zel bir yeri olan, zarif motifleriyle \u00e7a\u011flar boyunca herkesi cezbeden saz \u00fcslubunu, ad\u0131n\u0131n<span class=\"excerpt-hellip\"> [\u2026]<\/span><\/p>\n","protected":false},"featured_media":0,"template":"","meta":{"_monsterinsights_skip_tracking":false,"_monsterinsights_sitenote_active":false,"_monsterinsights_sitenote_note":"","_monsterinsights_sitenote_category":0},"product_brand":[],"product_cat":[44608,12408],"product_tag":[],"class_list":{"0":"post-745348","1":"product","2":"type-product","3":"status-publish","5":"product_cat-diger-sanat","6":"product_cat-sanat","7":"pa_cilt-ciltsiz","8":"pa_tur-kitap","9":"pa_yayinevi-hayalperest-yayinlari","10":"pa_yazar-banu-mahir","12":"first","13":"instock","14":"sale","15":"shipping-taxable","16":"purchasable","17":"product-type-simple"},"_links":{"self":[{"href":"https:\/\/roveyayinevi.com.tr\/index.php\/wp-json\/wp\/v2\/product\/745348","targetHints":{"allow":["GET"]}}],"collection":[{"href":"https:\/\/roveyayinevi.com.tr\/index.php\/wp-json\/wp\/v2\/product"}],"about":[{"href":"https:\/\/roveyayinevi.com.tr\/index.php\/wp-json\/wp\/v2\/types\/product"}],"wp:attachment":[{"href":"https:\/\/roveyayinevi.com.tr\/index.php\/wp-json\/wp\/v2\/media?parent=745348"}],"wp:term":[{"taxonomy":"product_brand","embeddable":true,"href":"https:\/\/roveyayinevi.com.tr\/index.php\/wp-json\/wp\/v2\/product_brand?post=745348"},{"taxonomy":"product_cat","embeddable":true,"href":"https:\/\/roveyayinevi.com.tr\/index.php\/wp-json\/wp\/v2\/product_cat?post=745348"},{"taxonomy":"product_tag","embeddable":true,"href":"https:\/\/roveyayinevi.com.tr\/index.php\/wp-json\/wp\/v2\/product_tag?post=745348"}],"curies":[{"name":"wp","href":"https:\/\/api.w.org\/{rel}","templated":true}]}}