{"id":745344,"date":"2025-08-28T02:17:24","date_gmt":"2025-08-27T23:17:24","guid":{"rendered":"https:\/\/roveyayinevi.com.tr\/index.php\/urun\/inatci-keraban\/"},"modified":"2026-04-16T02:57:39","modified_gmt":"2026-04-15T23:57:39","slug":"inatci-keraban","status":"publish","type":"product","link":"https:\/\/roveyayinevi.com.tr\/index.php\/urun\/inatci-keraban\/","title":{"rendered":"\u0130nat\u00e7\u0131 Keraban"},"content":{"rendered":"<p>\u201cBuras\u0131 ger\u00e7ekten T\u00fcrkiye\u2019nin ba\u015fkenti mi? Ters y\u00f6ne gitmi\u015f olmayal\u0131m? \u015euras\u0131 Hali\u00e7 de\u011fil de binlerce buharl\u0131 gemisiyle Thames Nehri olmas\u0131n? Bak\u0131n\u0131z, \u015furadaki cami Ayasofya de\u011fil de Aziz Paul Katedrali! Bu \u015fehrin Kostantiniyye olmas\u0131 imk\u00e2ns\u0131z, buras\u0131 Londra!\u201dHollandal\u0131 Van Mitten u\u015fa\u011f\u0131yla Kostantiniyye\u2019nin topraklar\u0131na ayak bast\u0131\u011f\u0131nda akl\u0131nda sadece dostu t\u00fct\u00fcn t\u00fcccar\u0131 Keraban\u2019\u0131 ziyaret etmek, \u00dcsk\u00fcdar\u2019daki evinde a\u011f\u0131rlanmak ve b\u00f6lgeyi gezmek vard\u0131r. Tam da o g\u00fcn, Bo\u011faz\u2019dan kar\u015f\u0131ya ge\u00e7i\u015f i\u00e7in yeni bir vergi konur ama Keraban A\u011fa\u2019n\u0131n bu vergiyi \u00f6demeye hi\u00e7 niyeti yoktur. On paral\u0131k vergiyi \u00f6dememekte kararl\u0131 olan Keraban A\u011fa\u2019n\u0131n bu inad\u0131, kendisine y\u00fczlerce alt\u0131na mal olacak zorlu ve ilgin\u00e7 bir Karadeniz yolculu\u011funu ba\u015flat\u0131r. Fakat zaman k\u0131s\u0131tl\u0131d\u0131r. Ye\u011feni Ahmet\u2019in g\u00fczel Amasya\u2019yla d\u00fc\u011f\u00fcn\u00fc kesinlikle gecikmemelidir. Amasya\u2019ya g\u00f6z koymu\u015f ba\u015fka bir a\u011fan\u0131n varl\u0131\u011f\u0131 y\u00fcz\u00fcnden kafile hem yolculu\u011fun zorluklar\u0131yla m\u00fccadele ederek ilerleyecek hem de birbirinden \u015fa\u015f\u0131rt\u0131c\u0131 olaylar ve tehlikelerle kar\u015f\u0131 kar\u015f\u0131ya kalacakt\u0131r.Jules Verne, \u0130stanbul, Osmanl\u0131 \u0130mparatorlu\u011fu, T\u00fcrkler ve Karadeniz\u2019le ilgili d\u00fc\u015f\u00fcncelerini serpi\u015ftirdi\u011fi romanda \u201cOsmanl\u0131lar\u0131n en inat\u00e7\u0131s\u0131\u201dn\u0131 Sinop, S\u00fcrmene, \u00c7ayeli, Pazar, Hopa gibi birbirinden g\u00fczel pek \u00e7ok Karadeniz y\u00f6resinde dola\u015ft\u0131r\u0131yor.<\/p>\n","protected":false},"excerpt":{"rendered":"<p>\u201cBuras\u0131 ger\u00e7ekten T\u00fcrkiye\u2019nin ba\u015fkenti mi? Ters y\u00f6ne gitmi\u015f olmayal\u0131m? \u015euras\u0131 Hali\u00e7 de\u011fil de binlerce buharl\u0131 gemisiyle Thames Nehri olmas\u0131n? Bak\u0131n\u0131z, \u015furadaki cami Ayasofya de\u011fil de Aziz<span class=\"excerpt-hellip\"> [\u2026]<\/span><\/p>\n","protected":false},"featured_media":0,"template":"","meta":{"_monsterinsights_skip_tracking":false,"_monsterinsights_sitenote_active":false,"_monsterinsights_sitenote_note":"","_monsterinsights_sitenote_category":0},"product_brand":[],"product_cat":[12291,12711],"product_tag":[],"class_list":{"0":"post-745344","1":"product","2":"type-product","3":"status-publish","5":"product_cat-edebiyat","6":"product_cat-roman-oyku","7":"pa_cilt-ciltsiz","8":"pa_tur-kitap","9":"pa_yayinevi-ithaki-yayinlari","10":"pa_yazar-jules-verne","12":"first","13":"instock","14":"sale","15":"shipping-taxable","16":"purchasable","17":"product-type-simple"},"_links":{"self":[{"href":"https:\/\/roveyayinevi.com.tr\/index.php\/wp-json\/wp\/v2\/product\/745344","targetHints":{"allow":["GET"]}}],"collection":[{"href":"https:\/\/roveyayinevi.com.tr\/index.php\/wp-json\/wp\/v2\/product"}],"about":[{"href":"https:\/\/roveyayinevi.com.tr\/index.php\/wp-json\/wp\/v2\/types\/product"}],"wp:attachment":[{"href":"https:\/\/roveyayinevi.com.tr\/index.php\/wp-json\/wp\/v2\/media?parent=745344"}],"wp:term":[{"taxonomy":"product_brand","embeddable":true,"href":"https:\/\/roveyayinevi.com.tr\/index.php\/wp-json\/wp\/v2\/product_brand?post=745344"},{"taxonomy":"product_cat","embeddable":true,"href":"https:\/\/roveyayinevi.com.tr\/index.php\/wp-json\/wp\/v2\/product_cat?post=745344"},{"taxonomy":"product_tag","embeddable":true,"href":"https:\/\/roveyayinevi.com.tr\/index.php\/wp-json\/wp\/v2\/product_tag?post=745344"}],"curies":[{"name":"wp","href":"https:\/\/api.w.org\/{rel}","templated":true}]}}