{"id":745343,"date":"2025-08-28T02:17:23","date_gmt":"2025-08-27T23:17:23","guid":{"rendered":"https:\/\/roveyayinevi.com.tr\/index.php\/urun\/doktor-oxun-deneyi-2\/"},"modified":"2026-04-16T02:57:39","modified_gmt":"2026-04-15T23:57:39","slug":"doktor-oxun-deneyi-2","status":"publish","type":"product","link":"https:\/\/roveyayinevi.com.tr\/index.php\/urun\/doktor-oxun-deneyi-2\/","title":{"rendered":"Doktor Ox\u2019un Deneyi"},"content":{"rendered":"<p>\u201cDeliriyor muyuz yoksa? Acaba kenti b\u00fcy\u00fck bir hastaneye mi d\u00f6n\u00fc\u015ft\u00fcrmek gerekecek?\u201dDamarlar\u0131nda c\u0131va, ayaklar\u0131n\u0131n alt\u0131nda y\u00fczlerce i\u011fne varm\u0131\u015f\u00e7as\u0131na hareketli ve co\u015fkulu bir biliminsan\u0131 gibi g\u00f6r\u00fcnen eksantrik Doktor Ox, ya\u015famlar\u0131 alabildi\u011fine tekd\u00fcze, a\u011f\u0131rkanl\u0131 insanlar\u0131n ya\u015fad\u0131\u011f\u0131 Quiquendone kentinin ayd\u0131nlat\u0131lmas\u0131 i\u015fini \u00fcstlenir ve bunun i\u00e7in bir gaz fabrikas\u0131 in\u015fa ettirerek \u00e7al\u0131\u015fmalara ba\u015flar. Ancak gaz borular\u0131n\u0131n d\u00f6\u015fenmesiyle birlikte kentte esrarengiz olaylar ba\u015f g\u00f6sterir.Jules Verne&#8217;den bilimsel yan\u0131 oldu\u011fu kadar mizahi yan\u0131 da a\u011f\u0131r basan, bilimkurgunun olmazsa olmazlar\u0131ndan \u201cayd\u0131nlanma\u201d metaforunu do\u011frudan kullanarak ele\u015ftirel yan\u0131yla da \u00f6nc\u00fcl\u00fck yapan Doktor Ox\u2019un Deneyi, tek solukta okunacak bir kitap.<\/p>\n","protected":false},"excerpt":{"rendered":"<p>\u201cDeliriyor muyuz yoksa? Acaba kenti b\u00fcy\u00fck bir hastaneye mi d\u00f6n\u00fc\u015ft\u00fcrmek gerekecek?\u201dDamarlar\u0131nda c\u0131va, ayaklar\u0131n\u0131n alt\u0131nda y\u00fczlerce i\u011fne varm\u0131\u015f\u00e7as\u0131na hareketli ve co\u015fkulu bir biliminsan\u0131 gibi g\u00f6r\u00fcnen eksantrik Doktor<span class=\"excerpt-hellip\"> [\u2026]<\/span><\/p>\n","protected":false},"featured_media":0,"template":"","meta":{"_monsterinsights_skip_tracking":false,"_monsterinsights_sitenote_active":false,"_monsterinsights_sitenote_note":"","_monsterinsights_sitenote_category":0},"product_brand":[],"product_cat":[12540,12291],"product_tag":[],"class_list":{"0":"post-745343","1":"product","2":"type-product","3":"status-publish","5":"product_cat-bilim-kurgu","6":"product_cat-edebiyat","7":"pa_cilt-ciltsiz","8":"pa_tur-kitap","9":"pa_yayinevi-ithaki-yayinlari","10":"pa_yazar-jules-verne","12":"first","13":"instock","14":"sale","15":"shipping-taxable","16":"purchasable","17":"product-type-simple"},"_links":{"self":[{"href":"https:\/\/roveyayinevi.com.tr\/index.php\/wp-json\/wp\/v2\/product\/745343","targetHints":{"allow":["GET"]}}],"collection":[{"href":"https:\/\/roveyayinevi.com.tr\/index.php\/wp-json\/wp\/v2\/product"}],"about":[{"href":"https:\/\/roveyayinevi.com.tr\/index.php\/wp-json\/wp\/v2\/types\/product"}],"wp:attachment":[{"href":"https:\/\/roveyayinevi.com.tr\/index.php\/wp-json\/wp\/v2\/media?parent=745343"}],"wp:term":[{"taxonomy":"product_brand","embeddable":true,"href":"https:\/\/roveyayinevi.com.tr\/index.php\/wp-json\/wp\/v2\/product_brand?post=745343"},{"taxonomy":"product_cat","embeddable":true,"href":"https:\/\/roveyayinevi.com.tr\/index.php\/wp-json\/wp\/v2\/product_cat?post=745343"},{"taxonomy":"product_tag","embeddable":true,"href":"https:\/\/roveyayinevi.com.tr\/index.php\/wp-json\/wp\/v2\/product_tag?post=745343"}],"curies":[{"name":"wp","href":"https:\/\/api.w.org\/{rel}","templated":true}]}}