{"id":745338,"date":"2025-08-28T02:17:15","date_gmt":"2025-08-27T23:17:15","guid":{"rendered":"https:\/\/roveyayinevi.com.tr\/index.php\/urun\/turkiye-tarihe-muhalif-bir-gecmis\/"},"modified":"2026-04-16T02:57:39","modified_gmt":"2026-04-15T23:57:39","slug":"turkiye-tarihe-muhalif-bir-gecmis","status":"publish","type":"product","link":"https:\/\/roveyayinevi.com.tr\/index.php\/urun\/turkiye-tarihe-muhalif-bir-gecmis\/","title":{"rendered":"T\u00fcrkiye: Tarihe Muhalif Bir Ge\u00e7mi\u015f"},"content":{"rendered":"<p>\u201cResm\u00ee tarih tezine g\u00f6re, 1910\u2019lu y\u0131llar\u0131n \u0130ttihat\u00e7\u0131 h\u00fck\u00fcmetleri ile T\u00fcrkiye Cumhuriyeti\u2019ni kuran Kemalist rejim aras\u0131nda kayda de\u011fer bir kopu\u015f ya\u015fanm\u0131\u015ft\u0131r. 1980\u2019li y\u0131llara kadar modern T\u00fcrkiye tarihi \u00fczerine \u00e7al\u0131\u015fan Bat\u0131l\u0131 akademisyenler, \u00f6zellikle Birinci D\u00fcnya Sava\u015f\u0131\u2019nda al\u0131nan yenilgiden sonra, Anadolu\u2019da ya\u015fayan ve \u00e7o\u011funlu\u011funu M\u00fcsl\u00fcmanlar\u0131n olu\u015fturdu\u011fu n\u00fcfusun kurtar\u0131c\u0131s\u0131 olarak Mustafa Kemal&#8217;in ba\u015far\u0131lar\u0131n\u0131 vurgulamak amac\u0131yla bu anlat\u0131n\u0131n temel iddias\u0131n\u0131 desteklemi\u015ftir. Bu Cumhuriyet\u00e7i temel anlat\u0131ya kar\u015f\u0131 geli\u015ftirilen muhalefet ise \u00e7o\u011fu durumda \u0130slamc\u0131l\u0131kla \u00f6zde\u015fle\u015ftirilmi\u015ftir. Rejim muhaliflerini dindar ve modern gericiler olarak sunmaya hevesli olan ve kendilerini Bat\u0131 yanl\u0131s\u0131 olarak tan\u0131mlayan T\u00fcrk se\u00e7kinlerinin yayg\u0131nl\u0131k kazand\u0131rd\u0131\u011f\u0131 ba\u015fl\u0131ca kli\u015fe buydu. Her ne kadar bilim insanlar\u0131 ve T\u00fcrk ayd\u0131nlar\u0131 h\u00e2kim konumdaki bu anlat\u0131y\u0131 sorgulam\u0131\u015f olsalar da, bug\u00fcne kadar imparatorluktan cumhuriyete ge\u00e7i\u015fi konu edinen alternatif anlat\u0131lar\u0131 ortaya koyma amac\u0131ndaki hi\u00e7bir mikro \u00e7al\u0131\u015fma ortaya \u00e7\u0131kmad\u0131. Philliou imparatorluktan ulusa ge\u00e7i\u015f s\u00fcrecine ili\u015fkin tarihyaz\u0131m\u0131na ba\u011fl\u0131 sorunlar\u0131 ara\u015ft\u0131rmak amac\u0131yla, yazd\u0131\u011f\u0131 \u00f6yk\u00fc ve romanlar modern T\u00fcrkiye&#8217;de ya\u015fayan insanlar\u0131n bir\u00e7o\u011fu taraf\u0131ndan bug\u00fcn bile okunan etkileyici ve parlak bir yazar olarak Refik Halid Karay\u2019\u0131n \u00f6zya\u015fam \u00f6yk\u00fcs\u00fcne odaklanmay\u0131 se\u00e7iyor.\u201d Cemil Ayd\u0131n    19. y\u00fczy\u0131ldan 20. y\u00fczy\u0131la uzanan siyasi ve toplumsal \u00e7atlaklar\u0131n izini muhalif Refik Halid Karay \u00fczerinden okumaya davet eden Philliou, resm\u00ee tarihin d\u0131\u015far\u0131da b\u0131rakt\u0131klar\u0131n\u0131 bize yeniden hat\u0131rlat\u0131yor. \u0130cat edilmi\u015f tarihe ra\u011fmen orada duran ge\u00e7mi\u015fe bakan bu kitap, T\u00fcrkiye\u2019nin siyasi k\u00fclt\u00fcr\u00fcn\u00fc anlamak i\u00e7in yeni patikalar sunuyor. <\/p>\n","protected":false},"excerpt":{"rendered":"<p>\u201cResm\u00ee tarih tezine g\u00f6re, 1910\u2019lu y\u0131llar\u0131n \u0130ttihat\u00e7\u0131 h\u00fck\u00fcmetleri ile T\u00fcrkiye Cumhuriyeti\u2019ni kuran Kemalist rejim aras\u0131nda kayda de\u011fer bir kopu\u015f ya\u015fanm\u0131\u015ft\u0131r. 1980\u2019li y\u0131llara kadar modern T\u00fcrkiye tarihi<span class=\"excerpt-hellip\"> [\u2026]<\/span><\/p>\n","protected":false},"featured_media":0,"template":"","meta":{"_monsterinsights_skip_tracking":false,"_monsterinsights_sitenote_active":false,"_monsterinsights_sitenote_note":"","_monsterinsights_sitenote_category":0},"product_brand":[],"product_cat":[12312,12304],"product_tag":[],"class_list":{"0":"post-745338","1":"product","2":"type-product","3":"status-publish","5":"product_cat-diger","6":"product_cat-tarih","7":"pa_cilt-ciltsiz","8":"pa_tur-kitap","9":"pa_yayinevi-fol-kitap","10":"pa_yazar-christine-m-philliou","12":"first","13":"instock","14":"sale","15":"shipping-taxable","16":"purchasable","17":"product-type-simple"},"_links":{"self":[{"href":"https:\/\/roveyayinevi.com.tr\/index.php\/wp-json\/wp\/v2\/product\/745338","targetHints":{"allow":["GET"]}}],"collection":[{"href":"https:\/\/roveyayinevi.com.tr\/index.php\/wp-json\/wp\/v2\/product"}],"about":[{"href":"https:\/\/roveyayinevi.com.tr\/index.php\/wp-json\/wp\/v2\/types\/product"}],"wp:attachment":[{"href":"https:\/\/roveyayinevi.com.tr\/index.php\/wp-json\/wp\/v2\/media?parent=745338"}],"wp:term":[{"taxonomy":"product_brand","embeddable":true,"href":"https:\/\/roveyayinevi.com.tr\/index.php\/wp-json\/wp\/v2\/product_brand?post=745338"},{"taxonomy":"product_cat","embeddable":true,"href":"https:\/\/roveyayinevi.com.tr\/index.php\/wp-json\/wp\/v2\/product_cat?post=745338"},{"taxonomy":"product_tag","embeddable":true,"href":"https:\/\/roveyayinevi.com.tr\/index.php\/wp-json\/wp\/v2\/product_tag?post=745338"}],"curies":[{"name":"wp","href":"https:\/\/api.w.org\/{rel}","templated":true}]}}