{"id":745336,"date":"2025-08-28T02:17:13","date_gmt":"2025-08-27T23:17:13","guid":{"rendered":"https:\/\/roveyayinevi.com.tr\/index.php\/urun\/mahremiyetin-kisa-tarihi\/"},"modified":"2026-04-16T02:57:39","modified_gmt":"2026-04-15T23:57:39","slug":"mahremiyetin-kisa-tarihi","status":"publish","type":"product","link":"https:\/\/roveyayinevi.com.tr\/index.php\/urun\/mahremiyetin-kisa-tarihi\/","title":{"rendered":"Mahremiyetin K\u0131sa Tarihi"},"content":{"rendered":"<p>\u0130nsan\u0131n yaln\u0131z kalma hakk\u0131 nerede ba\u015flar, nerede biter? Kar\u015f\u0131 kom\u015funun yatak odas\u0131na bakan penceresinden ka\u00e7\u0131yoruz. Peki ya yoldan ge\u00e7en yabanc\u0131n\u0131n kamera kadraj\u0131ndan ka\u00e7abilir miyiz? B\u00fcy\u00fck caddelerden sokaklara, evin avlusundan \u00e7al\u0131\u015fma odas\u0131na g\u00f6r\u00fclme veya g\u00f6r\u00fclmeme se\u00e7me \u015fans\u0131m\u0131z var m\u0131? 1300\u2019l\u00fc y\u0131llardan beri insanlar\u0131n birbiriyle ve devletle ili\u015fkisinde mahrem s\u0131n\u0131rlar\u0131 s\u00fcrekli a\u015f\u0131nm\u0131\u015f ve yeniden \u00f6r\u00fclm\u00fc\u015ft\u00fcr. David Vincent bu eserinde, ge\u00e7mi\u015ften g\u00fcn\u00fcm\u00fcze g\u00f6zetlenme tedirginli\u011fi ile kendini if\u015fa etme arzusunun iki yakas\u0131nda insanlar\u0131n de\u011fi\u015fen mahremiyet alg\u0131lar\u0131n\u0131 g\u00f6zler \u00f6n\u00fcne seriyor.<\/p>\n","protected":false},"excerpt":{"rendered":"<p>\u0130nsan\u0131n yaln\u0131z kalma hakk\u0131 nerede ba\u015flar, nerede biter? Kar\u015f\u0131 kom\u015funun yatak odas\u0131na bakan penceresinden ka\u00e7\u0131yoruz. Peki ya yoldan ge\u00e7en yabanc\u0131n\u0131n kamera kadraj\u0131ndan ka\u00e7abilir miyiz? B\u00fcy\u00fck caddelerden<span class=\"excerpt-hellip\"> [\u2026]<\/span><\/p>\n","protected":false},"featured_media":0,"template":"","meta":{"_monsterinsights_skip_tracking":false,"_monsterinsights_sitenote_active":false,"_monsterinsights_sitenote_note":"","_monsterinsights_sitenote_category":0},"product_brand":[],"product_cat":[12312,12304],"product_tag":[],"class_list":{"0":"post-745336","1":"product","2":"type-product","3":"status-publish","5":"product_cat-diger","6":"product_cat-tarih","7":"pa_cilt-ciltsiz","8":"pa_tur-kitap","9":"pa_yayinevi-fol-kitap","10":"pa_yazar-david-vincent","12":"first","13":"instock","14":"sale","15":"shipping-taxable","16":"purchasable","17":"product-type-simple"},"_links":{"self":[{"href":"https:\/\/roveyayinevi.com.tr\/index.php\/wp-json\/wp\/v2\/product\/745336","targetHints":{"allow":["GET"]}}],"collection":[{"href":"https:\/\/roveyayinevi.com.tr\/index.php\/wp-json\/wp\/v2\/product"}],"about":[{"href":"https:\/\/roveyayinevi.com.tr\/index.php\/wp-json\/wp\/v2\/types\/product"}],"wp:attachment":[{"href":"https:\/\/roveyayinevi.com.tr\/index.php\/wp-json\/wp\/v2\/media?parent=745336"}],"wp:term":[{"taxonomy":"product_brand","embeddable":true,"href":"https:\/\/roveyayinevi.com.tr\/index.php\/wp-json\/wp\/v2\/product_brand?post=745336"},{"taxonomy":"product_cat","embeddable":true,"href":"https:\/\/roveyayinevi.com.tr\/index.php\/wp-json\/wp\/v2\/product_cat?post=745336"},{"taxonomy":"product_tag","embeddable":true,"href":"https:\/\/roveyayinevi.com.tr\/index.php\/wp-json\/wp\/v2\/product_tag?post=745336"}],"curies":[{"name":"wp","href":"https:\/\/api.w.org\/{rel}","templated":true}]}}