{"id":745335,"date":"2025-08-28T02:17:11","date_gmt":"2025-08-27T23:17:11","guid":{"rendered":"https:\/\/roveyayinevi.com.tr\/index.php\/urun\/kumarhane\/"},"modified":"2026-04-16T02:57:39","modified_gmt":"2026-04-15T23:57:39","slug":"kumarhane","status":"publish","type":"product","link":"https:\/\/roveyayinevi.com.tr\/index.php\/urun\/kumarhane\/","title":{"rendered":"Kumarhane"},"content":{"rendered":"<p>Las Vegas Kumarhanelerine Musallat Olan Mafyan\u0131n Y\u00fckseli\u015fi ve \u00c7\u00f6k\u00fc\u015f\u00fcSolak Frank Rosanthal tam bir kumarhane d\u00e2hisiydi. En iyi dostu ve orta\u011f\u0131 Anthony Spilotro ile beraber Las Vegas\u2019\u0131n h\u00e2kimiydiler neredeyse. Y\u0131llar boyunca kusursuzca devam etti ortakl\u0131klar\u0131, Solak Frank operasyonun beyniydi, Tony ise hortumlanan milyonlarca dolarl\u0131k banknotlarla dolu \u00e7antalar sayesinde her hafta b\u00fcy\u00fck patronlar\u0131 memnun ediyordu. Sonsuza kadar b\u00f6yle devam edecek gibiydi. Ancak Solak Frank ile Tony aras\u0131nda, \u015fehrin tek h\u00e2kiminin kim oldu\u011funa dair g\u00fcnbeg\u00fcn b\u00fcy\u00fcyen gerilim her \u015feyi mahvedebilirdi. Bir de Solak\u2019\u0131n g\u00fczel e\u015fi Geri vard\u0131 bu sava\u015fta elbette. Tony\u2019nin de, Frank\u2019in de bir tak\u0131nt\u0131 h\u00e2line getirdi\u011fi bu kad\u0131n mafya tarihindeki en b\u00fcy\u00fck skandal\u0131n patlamas\u0131n\u0131n sebebi olacak k\u0131v\u0131lc\u0131m\u0131n ta kendisiydi.\u00c7\u00f6l\u00fcn ortas\u0131nda neon \u0131\u015f\u0131kl\u0131 oteller, devasa bulvarlarda l\u00fcks arabalar, rulet, blackjack, kumar makineleri, say\u0131mlar, tehlikeli adamlar ve kad\u0131nlar&#8230; Mafyan\u0131n hayallerinde bile g\u00f6remeyece\u011fi ama en sonunda h\u00e2kim olduklar\u0131 kumar imparatorlu\u011fu, alt\u0131n yumurtlayan bu tavuk nas\u0131l bo\u011fazland\u0131? Hep kazand\u0131\u011f\u0131 s\u00f6ylenen kasa nas\u0131l ma\u011flup oldu? Martin Scorsese\u2019nin Casino filmine de ilham olan Kumarhane bu sorulara cevap verirken, a\u015fkla, kumarbazl\u0131kla, yalanla, cinayetlerle ve intikamla bezeli s\u00fcr\u00fckleyici bir ger\u00e7ek hik\u00e2ye anlat\u0131yor.\u201cPileggi b\u00f6yle s\u00fcr\u00fckleyici, kurmaca d\u0131\u015f\u0131 kitaplar yaz\u0131yorken kimin su\u00e7 romanlar\u0131na ihtiyac\u0131 olur ki?\u201d \u2013Booklist<\/p>\n","protected":false},"excerpt":{"rendered":"<p>Las Vegas Kumarhanelerine Musallat Olan Mafyan\u0131n Y\u00fckseli\u015fi ve \u00c7\u00f6k\u00fc\u015f\u00fcSolak Frank Rosanthal tam bir kumarhane d\u00e2hisiydi. En iyi dostu ve orta\u011f\u0131 Anthony Spilotro ile beraber Las Vegas\u2019\u0131n<span class=\"excerpt-hellip\"> [\u2026]<\/span><\/p>\n","protected":false},"featured_media":0,"template":"","meta":{"_monsterinsights_skip_tracking":false,"_monsterinsights_sitenote_active":false,"_monsterinsights_sitenote_note":"","_monsterinsights_sitenote_category":0},"product_brand":[],"product_cat":[12291,12711],"product_tag":[],"class_list":{"0":"post-745335","1":"product","2":"type-product","3":"status-publish","5":"product_cat-edebiyat","6":"product_cat-roman-oyku","7":"pa_cilt-ciltsiz","8":"pa_tur-kitap","9":"pa_yayinevi-ithaki-yayinlari","10":"pa_yazar-nicholas-pileggi","12":"first","13":"instock","14":"sale","15":"shipping-taxable","16":"purchasable","17":"product-type-simple"},"_links":{"self":[{"href":"https:\/\/roveyayinevi.com.tr\/index.php\/wp-json\/wp\/v2\/product\/745335","targetHints":{"allow":["GET"]}}],"collection":[{"href":"https:\/\/roveyayinevi.com.tr\/index.php\/wp-json\/wp\/v2\/product"}],"about":[{"href":"https:\/\/roveyayinevi.com.tr\/index.php\/wp-json\/wp\/v2\/types\/product"}],"wp:attachment":[{"href":"https:\/\/roveyayinevi.com.tr\/index.php\/wp-json\/wp\/v2\/media?parent=745335"}],"wp:term":[{"taxonomy":"product_brand","embeddable":true,"href":"https:\/\/roveyayinevi.com.tr\/index.php\/wp-json\/wp\/v2\/product_brand?post=745335"},{"taxonomy":"product_cat","embeddable":true,"href":"https:\/\/roveyayinevi.com.tr\/index.php\/wp-json\/wp\/v2\/product_cat?post=745335"},{"taxonomy":"product_tag","embeddable":true,"href":"https:\/\/roveyayinevi.com.tr\/index.php\/wp-json\/wp\/v2\/product_tag?post=745335"}],"curies":[{"name":"wp","href":"https:\/\/api.w.org\/{rel}","templated":true}]}}