{"id":745334,"date":"2025-08-28T02:17:10","date_gmt":"2025-08-27T23:17:10","guid":{"rendered":"https:\/\/roveyayinevi.com.tr\/index.php\/urun\/duygularin-dili-olsa\/"},"modified":"2026-04-03T03:00:40","modified_gmt":"2026-04-03T00:00:40","slug":"duygularin-dili-olsa","status":"publish","type":"product","link":"https:\/\/roveyayinevi.com.tr\/index.php\/urun\/duygularin-dili-olsa\/","title":{"rendered":"Duygular\u0131n Dili Olsa"},"content":{"rendered":"<p>Duygular\u0131mla ilk tan\u0131\u015ft\u0131\u011f\u0131mda galiba on bir ya\u015f\u0131mdayd\u0131m ama o ya\u015fta onlarla ne yapaca\u011f\u0131m\u0131 bilemedim, bana bir \u015fey s\u00f6ylemeye \u00e7al\u0131\u015ft\u0131klar\u0131n\u0131 \u00e7ok sonra anlad\u0131m. Anlad\u0131k\u00e7a da bug\u00fcne kadar neden beklemi\u015f oldu\u011fumu d\u00fc\u015f\u00fcn\u00fcp durdum. Derken \u201cArt\u0131k ba\u015fkalar\u0131yla payla\u015f.\u201d dedim ve elinizdeki bu kitapta; duygu nedir, his ile ruh halinden ne gibi farklarla ayr\u0131l\u0131r, duygularla ilgili yanl\u0131\u015f bilinenler, duygular\u0131n genel \u00f6zellikleri, yo\u011fun duygular nereden geliyor, de\u011ferler ve motivasyon, duygular\u0131n mesajlar\u0131 gibi ba\u015fl\u0131klarla, sizlere duygular\u0131n rehberli\u011finden nas\u0131l faydalanabilece\u011finizi anlatmaya \u00e7al\u0131\u015ft\u0131m. \u201cDuygular\u0131n Dili Olsa?\u201d sorusunun cevab\u0131n\u0131 onlar\u0131n bize verdi\u011fi mesajlar\u0131 dinleyerek verece\u011fim. Duygular\u0131m\u0131z\u0131n ne oldu\u011funu ve bize ne t\u00fcr mesajlar ilettiklerini anlarsak kendi se\u00e7imlerini yapabilen, davran\u0131\u015flar\u0131n\u0131n sorumlulu\u011funu alabilen etkin bireyler olma yolunda ad\u0131mlar atabilece\u011fiz. Ya\u015fam\u0131m\u0131zda s\u00fcregelen sorunlar\u0131m\u0131z\u0131n kayna\u011f\u0131n\u0131 ke\u015ffetmek istiyor ve \u201cSorumluluk almaya haz\u0131r\u0131m!\u201d diyorsan\u0131z birlikte duygu yolculu\u011funa \u00e7\u0131kabiliriz demektir. Unutmay\u0131n, duygular\u0131n\u0131 anlay\u0131p ifade eden insan \u00f6zg\u00fcrd\u00fcr! <\/p>\n","protected":false},"excerpt":{"rendered":"<p>Duygular\u0131mla ilk tan\u0131\u015ft\u0131\u011f\u0131mda galiba on bir ya\u015f\u0131mdayd\u0131m ama o ya\u015fta onlarla ne yapaca\u011f\u0131m\u0131 bilemedim, bana bir \u015fey s\u00f6ylemeye \u00e7al\u0131\u015ft\u0131klar\u0131n\u0131 \u00e7ok sonra anlad\u0131m. Anlad\u0131k\u00e7a da bug\u00fcne kadar<span class=\"excerpt-hellip\"> [\u2026]<\/span><\/p>\n","protected":false},"featured_media":0,"template":"","meta":{"_monsterinsights_skip_tracking":false,"_monsterinsights_sitenote_active":false,"_monsterinsights_sitenote_note":"","_monsterinsights_sitenote_category":0},"product_brand":[],"product_cat":[12364,12376],"product_tag":[],"class_list":{"0":"post-745334","1":"product","2":"type-product","3":"status-publish","5":"product_cat-genel-konular","6":"product_cat-kisisel-gelisim","7":"pa_cilt-ciltsiz","8":"pa_tur-kitap","9":"pa_yayinevi-tuti-kitap","10":"pa_yazar-ela-unler-oz","12":"first","13":"instock","14":"sale","15":"shipping-taxable","16":"purchasable","17":"product-type-simple"},"_links":{"self":[{"href":"https:\/\/roveyayinevi.com.tr\/index.php\/wp-json\/wp\/v2\/product\/745334","targetHints":{"allow":["GET"]}}],"collection":[{"href":"https:\/\/roveyayinevi.com.tr\/index.php\/wp-json\/wp\/v2\/product"}],"about":[{"href":"https:\/\/roveyayinevi.com.tr\/index.php\/wp-json\/wp\/v2\/types\/product"}],"wp:attachment":[{"href":"https:\/\/roveyayinevi.com.tr\/index.php\/wp-json\/wp\/v2\/media?parent=745334"}],"wp:term":[{"taxonomy":"product_brand","embeddable":true,"href":"https:\/\/roveyayinevi.com.tr\/index.php\/wp-json\/wp\/v2\/product_brand?post=745334"},{"taxonomy":"product_cat","embeddable":true,"href":"https:\/\/roveyayinevi.com.tr\/index.php\/wp-json\/wp\/v2\/product_cat?post=745334"},{"taxonomy":"product_tag","embeddable":true,"href":"https:\/\/roveyayinevi.com.tr\/index.php\/wp-json\/wp\/v2\/product_tag?post=745334"}],"curies":[{"name":"wp","href":"https:\/\/api.w.org\/{rel}","templated":true}]}}