{"id":745324,"date":"2025-08-28T02:16:56","date_gmt":"2025-08-27T23:16:56","guid":{"rendered":"https:\/\/roveyayinevi.com.tr\/index.php\/urun\/tarihin-incelenmesi-icin-bir-kilavuz\/"},"modified":"2026-04-16T02:57:39","modified_gmt":"2026-04-15T23:57:39","slug":"tarihin-incelenmesi-icin-bir-kilavuz","status":"publish","type":"product","link":"https:\/\/roveyayinevi.com.tr\/index.php\/urun\/tarihin-incelenmesi-icin-bir-kilavuz\/","title":{"rendered":"Tarihin \u0130ncelenmesi \u0130\u00e7in Bir K\u0131lavuz"},"content":{"rendered":"<p>Tarih\u00e7ilerin b\u00fcy\u00fck bir b\u00f6l\u00fcm\u00fc ge\u00e7mi\u015fte ya\u015fanm\u0131\u015f b\u00fcy\u00fck olaylar\u0131 ya da toplumsal ya\u015fam\u0131 ve de\u011fi\u015fimleri ara\u015ft\u0131r\u0131rken ba\u015fka bir b\u00f6l\u00fcm\u00fc ise Tarih\u2019in kendisini ara\u015ft\u0131r\u0131r. \u201cTarih nedir?\u201d b\u00fcy\u00fck sorusunun etraf\u0131nda verilen; tarihin de\u011fi\u015fim hakk\u0131nda oldu\u011fu, tarihin seyrinin daha iyi durumlara do\u011fru bir ilerleme oldu\u011fu, tarihin en bariz \u015fekilde siyaset sahnesinde yap\u0131ld\u0131\u011f\u0131, tarihin ge\u00e7mi\u015fle oldu\u011fu kadar \u015fimdiyle de ilgili oldu\u011fu gibi cevaplar\u0131n yan\u0131nda tart\u0131\u015fmal\u0131 ara\u015ft\u0131rma y\u00f6ntemleri, tarih\u00e7ilerin kan\u0131tlar\u0131 d\u00fcnyayla kurduklar\u0131 ili\u015fki sonucu tarafl\u0131 bir bi\u00e7imde ele al\u0131p almad\u0131klar\u0131 gibi konular da bu ara\u015ft\u0131rman\u0131n ba\u015fl\u0131ca konular\u0131d\u0131r.   Michael Stanford\u2019un b\u00fcy\u00fck bir titizlikle ve her y\u00f6n\u00fcyle tart\u0131\u015ft\u0131\u011f\u0131 bu sorular \u00fczerine kaleme ald\u0131\u011f\u0131 Tarihin \u0130ncelenmesi \u0130\u00e7in Bir K\u0131lavuz, profesyonel olarak tarihle ilgilenen akademisyen ya da yazarlara bir k\u0131lavuz \u00e7izerken, tarih okurlar\u0131n\u0131 da ayn\u0131 sorular\u0131 sormaya ve kendine has yeni bak\u0131\u015f a\u00e7\u0131lar\u0131 geli\u015ftirmek i\u00e7in cesaretlendiriyor. \u00c7\u00fcnk\u00fc Stanford\u2019un da \u00f6nemle \u00fczerinde durdu\u011fu gibi; \u00d6ncelikle tarih neden \u00f6nemli? \u00c7u\u0308nku\u0308 tarih, siyaset gibi, \u00f6zgu\u0308r bir toplumda \u00f6zgu\u0308r erkek ve kad\u0131nlar i\u00e7in bir faaliyettir.<\/p>\n","protected":false},"excerpt":{"rendered":"<p>Tarih\u00e7ilerin b\u00fcy\u00fck bir b\u00f6l\u00fcm\u00fc ge\u00e7mi\u015fte ya\u015fanm\u0131\u015f b\u00fcy\u00fck olaylar\u0131 ya da toplumsal ya\u015fam\u0131 ve de\u011fi\u015fimleri ara\u015ft\u0131r\u0131rken ba\u015fka bir b\u00f6l\u00fcm\u00fc ise Tarih\u2019in kendisini ara\u015ft\u0131r\u0131r. \u201cTarih nedir?\u201d b\u00fcy\u00fck sorusunun<span class=\"excerpt-hellip\"> [\u2026]<\/span><\/p>\n","protected":false},"featured_media":0,"template":"","meta":{"_monsterinsights_skip_tracking":false,"_monsterinsights_sitenote_active":false,"_monsterinsights_sitenote_note":"","_monsterinsights_sitenote_category":0},"product_brand":[],"product_cat":[12312,12304],"product_tag":[],"class_list":{"0":"post-745324","1":"product","2":"type-product","3":"status-publish","5":"product_cat-diger","6":"product_cat-tarih","7":"pa_cilt-ciltsiz","8":"pa_tur-kitap","9":"pa_yayinevi-islik-yayinlari","10":"pa_yazar-michael-stanford","12":"first","13":"instock","14":"sale","15":"shipping-taxable","16":"purchasable","17":"product-type-simple"},"_links":{"self":[{"href":"https:\/\/roveyayinevi.com.tr\/index.php\/wp-json\/wp\/v2\/product\/745324","targetHints":{"allow":["GET"]}}],"collection":[{"href":"https:\/\/roveyayinevi.com.tr\/index.php\/wp-json\/wp\/v2\/product"}],"about":[{"href":"https:\/\/roveyayinevi.com.tr\/index.php\/wp-json\/wp\/v2\/types\/product"}],"wp:attachment":[{"href":"https:\/\/roveyayinevi.com.tr\/index.php\/wp-json\/wp\/v2\/media?parent=745324"}],"wp:term":[{"taxonomy":"product_brand","embeddable":true,"href":"https:\/\/roveyayinevi.com.tr\/index.php\/wp-json\/wp\/v2\/product_brand?post=745324"},{"taxonomy":"product_cat","embeddable":true,"href":"https:\/\/roveyayinevi.com.tr\/index.php\/wp-json\/wp\/v2\/product_cat?post=745324"},{"taxonomy":"product_tag","embeddable":true,"href":"https:\/\/roveyayinevi.com.tr\/index.php\/wp-json\/wp\/v2\/product_tag?post=745324"}],"curies":[{"name":"wp","href":"https:\/\/api.w.org\/{rel}","templated":true}]}}