{"id":745321,"date":"2025-08-28T02:16:51","date_gmt":"2025-08-27T23:16:51","guid":{"rendered":"https:\/\/roveyayinevi.com.tr\/index.php\/urun\/buzun-ve-tuzun-rotasi\/"},"modified":"2026-04-16T02:57:39","modified_gmt":"2026-04-15T23:57:39","slug":"buzun-ve-tuzun-rotasi","status":"publish","type":"product","link":"https:\/\/roveyayinevi.com.tr\/index.php\/urun\/buzun-ve-tuzun-rotasi\/","title":{"rendered":"Buzun ve Tuzun Rotas\u0131"},"content":{"rendered":"<p>\u201cZ\u00e1rate\u2019nin konu se\u00e7imi iki a\u00e7\u0131dan s\u0131rad\u0131\u015f\u0131yd\u0131. \u00d6ncelikle, Dracula\u2019ya g\u00f6nderme yapan, g\u00fcnl\u00fck formunda bir eser kaleme ald\u0131. \u0130kincisi, bu eser bir kuir roman\u0131yd\u0131.\u201d \u2013Silvia Moreno-Garcia1980\u2019li y\u0131llarda Meksika fantastik edebiyat\u0131n\u0131n \u00f6ne \u00e7\u0131kan isimlerinden biri olan Jos\u00e9 Luis Z\u00e1rate, \u00fclkesindeki ilk \u00e7evrimi\u00e7i bilimkurgu dergisini kuran, spek\u00fclatif kurgu alan\u0131nda dersler veren, \u00f6d\u00fcll\u00fc bir yazar. 1998\u2019de yay\u0131mlanan ve \u0130spanyolca korku eserleri aras\u0131nda kritik bir \u00f6nem ta\u015f\u0131yan Buzun ve Tuzun Rotas\u0131 ise Bram Stoker\u2019\u0131n ba\u015fyap\u0131t\u0131 Dracula\u2019dan hat\u0131rlad\u0131\u011f\u0131m\u0131z, vampiri \u0130ngiltere\u2019ye getiren tekinsiz gemi Demeter\u2019in ve onun esrarengiz kaptan\u0131n\u0131n hik\u00e2yesine yeniden kan veriyor.Toprakla dolu elli kutuyu Varna\u2019dan Whitby\u2019ye ta\u015f\u0131makla g\u00f6revli Demeter gemisi, buzun ve tuzun rotas\u0131nda ilerlerken, renkli d\u00fc\u015flerle kendini \u0131s\u0131tan kaptan, m\u00fcrettebat\u0131n derisindeki tuzu tatmak istiyor. Bu yolculukta de\u011fi\u015fik bir \u015fey var, garip bir \u015fey. Tuhaf k\u00e2buslar, rahats\u0131z edici alametler beliriyor. Gecenin karanl\u0131\u011f\u0131nda bir \u015fey gizleniyor sanki, gemiye musallat olan bir \u015fey var.Denizin ortas\u0131ndaki kara toprak\u2026<\/p>\n","protected":false},"excerpt":{"rendered":"<p>\u201cZ\u00e1rate\u2019nin konu se\u00e7imi iki a\u00e7\u0131dan s\u0131rad\u0131\u015f\u0131yd\u0131. \u00d6ncelikle, Dracula\u2019ya g\u00f6nderme yapan, g\u00fcnl\u00fck formunda bir eser kaleme ald\u0131. \u0130kincisi, bu eser bir kuir roman\u0131yd\u0131.\u201d \u2013Silvia Moreno-Garcia1980\u2019li y\u0131llarda Meksika<span class=\"excerpt-hellip\"> [\u2026]<\/span><\/p>\n","protected":false},"featured_media":0,"template":"","meta":{"_monsterinsights_skip_tracking":false,"_monsterinsights_sitenote_active":false,"_monsterinsights_sitenote_note":"","_monsterinsights_sitenote_category":0},"product_brand":[],"product_cat":[12291,17033],"product_tag":[],"class_list":{"0":"post-745321","1":"product","2":"type-product","3":"status-publish","5":"product_cat-edebiyat","6":"product_cat-korku-gerilim","7":"pa_cilt-ciltsiz","8":"pa_tur-kitap","9":"pa_yayinevi-ithaki-yayinlari","10":"pa_yazar-jose-luis-zarate","12":"first","13":"instock","14":"sale","15":"shipping-taxable","16":"purchasable","17":"product-type-simple"},"_links":{"self":[{"href":"https:\/\/roveyayinevi.com.tr\/index.php\/wp-json\/wp\/v2\/product\/745321","targetHints":{"allow":["GET"]}}],"collection":[{"href":"https:\/\/roveyayinevi.com.tr\/index.php\/wp-json\/wp\/v2\/product"}],"about":[{"href":"https:\/\/roveyayinevi.com.tr\/index.php\/wp-json\/wp\/v2\/types\/product"}],"wp:attachment":[{"href":"https:\/\/roveyayinevi.com.tr\/index.php\/wp-json\/wp\/v2\/media?parent=745321"}],"wp:term":[{"taxonomy":"product_brand","embeddable":true,"href":"https:\/\/roveyayinevi.com.tr\/index.php\/wp-json\/wp\/v2\/product_brand?post=745321"},{"taxonomy":"product_cat","embeddable":true,"href":"https:\/\/roveyayinevi.com.tr\/index.php\/wp-json\/wp\/v2\/product_cat?post=745321"},{"taxonomy":"product_tag","embeddable":true,"href":"https:\/\/roveyayinevi.com.tr\/index.php\/wp-json\/wp\/v2\/product_tag?post=745321"}],"curies":[{"name":"wp","href":"https:\/\/api.w.org\/{rel}","templated":true}]}}