{"id":745320,"date":"2025-08-28T02:16:50","date_gmt":"2025-08-27T23:16:50","guid":{"rendered":"https:\/\/roveyayinevi.com.tr\/index.php\/urun\/marry-grave-1-cilt\/"},"modified":"2026-04-16T02:57:38","modified_gmt":"2026-04-15T23:57:38","slug":"marry-grave-1-cilt","status":"publish","type":"product","link":"https:\/\/roveyayinevi.com.tr\/index.php\/urun\/marry-grave-1-cilt\/","title":{"rendered":"Marry Grave 1. Cilt"},"content":{"rendered":"<p>SEVG\u0130L\u0130YE ADANAN KUTLU YOLDA ZORLU B\u0130R YOLCULUK. \u201cA\u015eK\u201d VE \u201c\u00d6L\u00dcM\u201d\u00dcN \u0130\u00c7 \u0130\u00c7E GE\u00c7T\u0130\u011e\u0130 KARANLIK FANTAZ\u0130N\u0130N PERDELER\u0130 A\u00c7ILIYOR!!!\u0130blislerin yuvaland\u0131\u011f\u0131 bir \u00e7a\u011f, \u00f6l\u00fcm\u00fcn kap\u0131da oldu\u011fu bir d\u00fcnya. Kutsanm\u0131\u015f \u00e7iftin a\u015fk hik\u00e2yesi ba\u015fl\u0131yor.\u201c\u00d6l\u00fcleri diriltme yolu\u201dnun yaz\u0131l\u0131 oldu\u011fu \u00d6l\u00fc Adam\u0131n Tarifi\u2019ni yan\u0131na al\u0131p bu b\u00fcy\u00fcn\u00fcn malzemelerini toplamak i\u00e7in yolculuk eden bir adam, Riseman Sawyer. Amac\u0131, tabutunda yatan kar\u0131s\u0131 Rosalie\u2019yi diriltmek. Fakat kahraman\u0131m\u0131z\u0131n bir s\u0131rr\u0131 var&#8230;<\/p>\n","protected":false},"excerpt":{"rendered":"<p>SEVG\u0130L\u0130YE ADANAN KUTLU YOLDA ZORLU B\u0130R YOLCULUK. \u201cA\u015eK\u201d VE \u201c\u00d6L\u00dcM\u201d\u00dcN \u0130\u00c7 \u0130\u00c7E GE\u00c7T\u0130\u011e\u0130 KARANLIK FANTAZ\u0130N\u0130N PERDELER\u0130 A\u00c7ILIYOR!!!\u0130blislerin yuvaland\u0131\u011f\u0131 bir \u00e7a\u011f, \u00f6l\u00fcm\u00fcn kap\u0131da oldu\u011fu bir d\u00fcnya. Kutsanm\u0131\u015f<span class=\"excerpt-hellip\"> [\u2026]<\/span><\/p>\n","protected":false},"featured_media":0,"template":"","meta":{"_monsterinsights_skip_tracking":false,"_monsterinsights_sitenote_active":false,"_monsterinsights_sitenote_note":"","_monsterinsights_sitenote_category":0},"product_brand":[],"product_cat":[12416,12291],"product_tag":[],"class_list":{"0":"post-745320","1":"product","2":"type-product","3":"status-publish","5":"product_cat-cizgi-roman","6":"product_cat-edebiyat","7":"pa_cilt-ciltsiz","8":"pa_tur-kitap","9":"pa_yayinevi-ithaki-yayinlari","10":"pa_yazar-hidenori-yamaci","12":"first","13":"instock","14":"sale","15":"shipping-taxable","16":"purchasable","17":"product-type-simple"},"_links":{"self":[{"href":"https:\/\/roveyayinevi.com.tr\/index.php\/wp-json\/wp\/v2\/product\/745320","targetHints":{"allow":["GET"]}}],"collection":[{"href":"https:\/\/roveyayinevi.com.tr\/index.php\/wp-json\/wp\/v2\/product"}],"about":[{"href":"https:\/\/roveyayinevi.com.tr\/index.php\/wp-json\/wp\/v2\/types\/product"}],"wp:attachment":[{"href":"https:\/\/roveyayinevi.com.tr\/index.php\/wp-json\/wp\/v2\/media?parent=745320"}],"wp:term":[{"taxonomy":"product_brand","embeddable":true,"href":"https:\/\/roveyayinevi.com.tr\/index.php\/wp-json\/wp\/v2\/product_brand?post=745320"},{"taxonomy":"product_cat","embeddable":true,"href":"https:\/\/roveyayinevi.com.tr\/index.php\/wp-json\/wp\/v2\/product_cat?post=745320"},{"taxonomy":"product_tag","embeddable":true,"href":"https:\/\/roveyayinevi.com.tr\/index.php\/wp-json\/wp\/v2\/product_tag?post=745320"}],"curies":[{"name":"wp","href":"https:\/\/api.w.org\/{rel}","templated":true}]}}