{"id":745316,"date":"2025-08-28T02:16:44","date_gmt":"2025-08-27T23:16:44","guid":{"rendered":"https:\/\/roveyayinevi.com.tr\/index.php\/urun\/yaratici-dans\/"},"modified":"2026-04-06T13:16:16","modified_gmt":"2026-04-06T10:16:16","slug":"yaratici-dans","status":"publish","type":"product","link":"https:\/\/roveyayinevi.com.tr\/index.php\/urun\/yaratici-dans\/","title":{"rendered":"Yarat\u0131c\u0131 Dans"},"content":{"rendered":"<p>\u201cDans, \u00e7ocuklar i\u00e7in e\u011flenceli, cesaret verici ve motivasyon artt\u0131r\u0131c\u0131 olmas\u0131n\u0131n yan\u0131nda, kavramlar\u0131 i\u00e7selle\u015ftirerek \u00f6\u011frenmek i\u00e7in harika bir ara\u00e7t\u0131r.\u201d Ya\u015fam\u0131m\u0131z\u0131n ilk y\u0131llar\u0131ndan itibaren do\u011fal olarak hareket ile \u00f6\u011freniriz, ili\u015fki kurar\u0131z, temas ederiz, yan\u0131t veririz. Evren var oldu\u011fundan bu yana var olan hareket ve dans \u00e7e\u015fitli do\u011fa olaylar\u0131, mitolojik karakterler ve rit\u00fceller arac\u0131l\u0131\u011f\u0131 ile insanl\u0131k tarihi boyunca var olmu\u015f; sahne sanatlar\u0131 g\u00f6steriler arac\u0131l\u0131\u011f\u0131 ile de ya\u015famlar\u0131m\u0131za misafir olmu\u015ftur. Bu kitap postmodern toplumda ya\u015fayan bireylerin dans ile olan ili\u015fkisini \u201cmisafirlik\u201d ba\u011flam\u0131n\u0131n \u00f6tesine ta\u015f\u0131mak ve dans\u0131 ya\u015famsal, e\u011fitimsel ve sanatsal bir aktivite olarak yeniden merkeze alabilmek, deneyimleyebilmek ad\u0131na bir rehber olarak yaz\u0131lm\u0131\u015ft\u0131r. Yarat\u0131c\u0131 Dans, dikte edilen bir hareket taklidi, bask\u0131 ve k\u0131yas olmaks\u0131z\u0131n hem sanatsal bir etkinlik hem de alternatif bir e\u011fitim arac\u0131 olarak d\u00fcnya \u00fczerinde uzun s\u00fcredir kullan\u0131lmaktad\u0131r. Bedenini dansla ke\u015ffetmek ve kendine \u00f6zg\u00fc dans ifadesi ile bulu\u015fmak isteyen her ya\u015ftan bireye uygun olan yarat\u0131c\u0131 dans \u00e7al\u0131\u015fmalar\u0131; \u00e7ocuklar ve yeti\u015fkinlerin bedensel ve zihinsel yarat\u0131c\u0131l\u0131\u011f\u0131n\u0131 beslemenin yan\u0131 s\u0131ra, genel ge\u00e7er \u201cg\u00fczellik\u201d kal\u0131plar\u0131 d\u0131\u015f\u0131nda, cinsiyetler \u00f6tesi pozitif beden alg\u0131s\u0131 geli\u015ftirebilmek, bedeni ile bar\u0131\u015f\u0131k ve bedeninin fark\u0131nda bir hayat ya\u015famak; d\u00fcnya ile s\u00f6zc\u00fcklerin \u00f6tesinde, beden odakl\u0131 oyuncu bir alanda ili\u015fki kurmak ve dansla soyut ve somut kavramlar\u0131 \u00f6\u011frenmek, \u00f6\u011fretmek isteyen herkese a\u00e7\u0131kt\u0131r. <\/p>\n","protected":false},"excerpt":{"rendered":"<p>\u201cDans, \u00e7ocuklar i\u00e7in e\u011flenceli, cesaret verici ve motivasyon artt\u0131r\u0131c\u0131 olmas\u0131n\u0131n yan\u0131nda, kavramlar\u0131 i\u00e7selle\u015ftirerek \u00f6\u011frenmek i\u00e7in harika bir ara\u00e7t\u0131r.\u201d Ya\u015fam\u0131m\u0131z\u0131n ilk y\u0131llar\u0131ndan itibaren do\u011fal olarak hareket ile<span class=\"excerpt-hellip\"> [\u2026]<\/span><\/p>\n","protected":false},"featured_media":0,"template":"","meta":{"_monsterinsights_skip_tracking":false,"_monsterinsights_sitenote_active":false,"_monsterinsights_sitenote_note":"","_monsterinsights_sitenote_category":0},"product_brand":[],"product_cat":[12567,12566],"product_tag":[],"class_list":{"0":"post-745316","1":"product","2":"type-product","3":"status-publish","5":"product_cat-diger-egitim","6":"product_cat-egitim","7":"pa_cilt-ciltsiz","8":"pa_tur-kitap","9":"pa_yayinevi-toz-yayinlari","10":"pa_yazar-lerna-babikyan","12":"first","13":"instock","14":"sale","15":"shipping-taxable","16":"purchasable","17":"product-type-simple"},"_links":{"self":[{"href":"https:\/\/roveyayinevi.com.tr\/index.php\/wp-json\/wp\/v2\/product\/745316","targetHints":{"allow":["GET"]}}],"collection":[{"href":"https:\/\/roveyayinevi.com.tr\/index.php\/wp-json\/wp\/v2\/product"}],"about":[{"href":"https:\/\/roveyayinevi.com.tr\/index.php\/wp-json\/wp\/v2\/types\/product"}],"wp:attachment":[{"href":"https:\/\/roveyayinevi.com.tr\/index.php\/wp-json\/wp\/v2\/media?parent=745316"}],"wp:term":[{"taxonomy":"product_brand","embeddable":true,"href":"https:\/\/roveyayinevi.com.tr\/index.php\/wp-json\/wp\/v2\/product_brand?post=745316"},{"taxonomy":"product_cat","embeddable":true,"href":"https:\/\/roveyayinevi.com.tr\/index.php\/wp-json\/wp\/v2\/product_cat?post=745316"},{"taxonomy":"product_tag","embeddable":true,"href":"https:\/\/roveyayinevi.com.tr\/index.php\/wp-json\/wp\/v2\/product_tag?post=745316"}],"curies":[{"name":"wp","href":"https:\/\/api.w.org\/{rel}","templated":true}]}}