{"id":745313,"date":"2025-08-28T02:16:41","date_gmt":"2025-08-27T23:16:41","guid":{"rendered":"https:\/\/roveyayinevi.com.tr\/index.php\/urun\/valhalla-iskandinav-efsaneleri\/"},"modified":"2026-04-16T02:57:38","modified_gmt":"2026-04-15T23:57:38","slug":"valhalla-iskandinav-efsaneleri","status":"publish","type":"product","link":"https:\/\/roveyayinevi.com.tr\/index.php\/urun\/valhalla-iskandinav-efsaneleri\/","title":{"rendered":"Valhalla \u0130skandinav Efsaneleri"},"content":{"rendered":"<p>Bu eser Julia Clinton Jones taraf\u0131ndan 1878 y\u0131l\u0131nda kaleme al\u0131nm\u0131\u015f ve bilim adamlar\u0131nca k\u00fclt\u00fcrel ve medeniyetlerin temeli a\u00e7\u0131s\u0131ndan \u00f6nemli bir eser kabul edilerek sayfalar\u0131 tek tek retore edilip yeniden ortaya \u00e7\u0131kar\u0131lm\u0131\u015f ender bir kitapt\u0131r. Orijinal metninin birebir terc\u00fcmesidir. Kuzeyin korkusuz sava\u015f\u00e7\u0131lar\u0131 Vikinglerin birbirinden ilgin\u00e7 efsaneleri ile kuzeyin r\u00fczgarlar\u0131n\u0131 y\u00fcre\u011finizde hissedeceksiniz. <\/p>\n","protected":false},"excerpt":{"rendered":"<p>Bu eser Julia Clinton Jones taraf\u0131ndan 1878 y\u0131l\u0131nda kaleme al\u0131nm\u0131\u015f ve bilim adamlar\u0131nca k\u00fclt\u00fcrel ve medeniyetlerin temeli a\u00e7\u0131s\u0131ndan \u00f6nemli bir eser kabul edilerek sayfalar\u0131 tek tek<span class=\"excerpt-hellip\"> [\u2026]<\/span><\/p>\n","protected":false},"featured_media":0,"template":"","meta":{"_monsterinsights_skip_tracking":false,"_monsterinsights_sitenote_active":false,"_monsterinsights_sitenote_note":"","_monsterinsights_sitenote_category":0},"product_brand":[],"product_cat":[12291,13706],"product_tag":[],"class_list":{"0":"post-745313","1":"product","2":"type-product","3":"status-publish","5":"product_cat-edebiyat","6":"product_cat-efsane-destan-masal","7":"pa_cilt-ciltsiz","8":"pa_tur-kitap","9":"pa_yayinevi-fa-yayinlari","10":"pa_yazar-julia-clinton-jones","12":"first","13":"instock","14":"sale","15":"shipping-taxable","16":"purchasable","17":"product-type-simple"},"_links":{"self":[{"href":"https:\/\/roveyayinevi.com.tr\/index.php\/wp-json\/wp\/v2\/product\/745313","targetHints":{"allow":["GET"]}}],"collection":[{"href":"https:\/\/roveyayinevi.com.tr\/index.php\/wp-json\/wp\/v2\/product"}],"about":[{"href":"https:\/\/roveyayinevi.com.tr\/index.php\/wp-json\/wp\/v2\/types\/product"}],"wp:attachment":[{"href":"https:\/\/roveyayinevi.com.tr\/index.php\/wp-json\/wp\/v2\/media?parent=745313"}],"wp:term":[{"taxonomy":"product_brand","embeddable":true,"href":"https:\/\/roveyayinevi.com.tr\/index.php\/wp-json\/wp\/v2\/product_brand?post=745313"},{"taxonomy":"product_cat","embeddable":true,"href":"https:\/\/roveyayinevi.com.tr\/index.php\/wp-json\/wp\/v2\/product_cat?post=745313"},{"taxonomy":"product_tag","embeddable":true,"href":"https:\/\/roveyayinevi.com.tr\/index.php\/wp-json\/wp\/v2\/product_tag?post=745313"}],"curies":[{"name":"wp","href":"https:\/\/api.w.org\/{rel}","templated":true}]}}