{"id":745312,"date":"2025-08-28T02:16:40","date_gmt":"2025-08-27T23:16:40","guid":{"rendered":"https:\/\/roveyayinevi.com.tr\/index.php\/urun\/dunya\/"},"modified":"2026-04-16T02:57:38","modified_gmt":"2026-04-15T23:57:38","slug":"dunya","status":"publish","type":"product","link":"https:\/\/roveyayinevi.com.tr\/index.php\/urun\/dunya\/","title":{"rendered":"D\u00fcnya"},"content":{"rendered":"<p>\u201cD\u00fcnya deyince neyi kastediyoruz? D\u00fcnya ile insan aras\u0131nda nas\u0131l bir ili\u015fki vard\u0131r? Bu iki kavram birbirinden ba\u011f\u0131ms\u0131z m\u0131d\u0131r ve e\u011fer ba\u011f\u0131ms\u0131zsa ne bak\u0131mdan ba\u011f\u0131ms\u0131zd\u0131r? H\u00e2lihaz\u0131rda d\u00fcnya, bir etnograf i\u00e7in nedir? D\u00fcnyalar ve d\u00fcnya g\u00f6r\u00fc\u015fleri i\u00e7in pek \u00e7ok \u015fey s\u00f6ylendi ancak bu s\u00f6zc\u00fckleri kulland\u0131\u011f\u0131m\u0131zda ne kastetti\u011fimizi bildi\u011fimizden kesin olarak emin miyiz? Bu kitap esas olarak, etnografik davran\u0131\u015f olas\u0131l\u0131\u011f\u0131n\u0131n ko\u015fullar\u0131n\u0131 ke\u015ffetmeyi, dolay\u0131s\u0131yla etnografik teoriyi ve \u015fu anda bu teorinin fitilini ate\u015fleyen tart\u0131\u015fmalar\u0131 konu almaktad\u0131r.\u201d <\/p>\n","protected":false},"excerpt":{"rendered":"<p>\u201cD\u00fcnya deyince neyi kastediyoruz? D\u00fcnya ile insan aras\u0131nda nas\u0131l bir ili\u015fki vard\u0131r? Bu iki kavram birbirinden ba\u011f\u0131ms\u0131z m\u0131d\u0131r ve e\u011fer ba\u011f\u0131ms\u0131zsa ne bak\u0131mdan ba\u011f\u0131ms\u0131zd\u0131r? H\u00e2lihaz\u0131rda d\u00fcnya,<span class=\"excerpt-hellip\"> [\u2026]<\/span><\/p>\n","protected":false},"featured_media":0,"template":"","meta":{"_monsterinsights_skip_tracking":false,"_monsterinsights_sitenote_active":false,"_monsterinsights_sitenote_note":"","_monsterinsights_sitenote_category":0},"product_brand":[],"product_cat":[14787,13488],"product_tag":[],"class_list":{"0":"post-745312","1":"product","2":"type-product","3":"status-publish","5":"product_cat-diger-toplum-ve-insan","6":"product_cat-toplum-ve-insan","7":"pa_cilt-ciltsiz","8":"pa_tur-kitap","9":"pa_yayinevi-kapi-yayinlari","10":"pa_yazar-pina-cabral","12":"first","13":"instock","14":"sale","15":"shipping-taxable","16":"purchasable","17":"product-type-simple"},"_links":{"self":[{"href":"https:\/\/roveyayinevi.com.tr\/index.php\/wp-json\/wp\/v2\/product\/745312","targetHints":{"allow":["GET"]}}],"collection":[{"href":"https:\/\/roveyayinevi.com.tr\/index.php\/wp-json\/wp\/v2\/product"}],"about":[{"href":"https:\/\/roveyayinevi.com.tr\/index.php\/wp-json\/wp\/v2\/types\/product"}],"wp:attachment":[{"href":"https:\/\/roveyayinevi.com.tr\/index.php\/wp-json\/wp\/v2\/media?parent=745312"}],"wp:term":[{"taxonomy":"product_brand","embeddable":true,"href":"https:\/\/roveyayinevi.com.tr\/index.php\/wp-json\/wp\/v2\/product_brand?post=745312"},{"taxonomy":"product_cat","embeddable":true,"href":"https:\/\/roveyayinevi.com.tr\/index.php\/wp-json\/wp\/v2\/product_cat?post=745312"},{"taxonomy":"product_tag","embeddable":true,"href":"https:\/\/roveyayinevi.com.tr\/index.php\/wp-json\/wp\/v2\/product_tag?post=745312"}],"curies":[{"name":"wp","href":"https:\/\/api.w.org\/{rel}","templated":true}]}}