{"id":745311,"date":"2025-08-28T02:16:39","date_gmt":"2025-08-27T23:16:39","guid":{"rendered":"https:\/\/roveyayinevi.com.tr\/index.php\/urun\/dul-2\/"},"modified":"2026-04-12T03:01:24","modified_gmt":"2026-04-12T00:01:24","slug":"dul-2","status":"publish","type":"product","link":"https:\/\/roveyayinevi.com.tr\/index.php\/urun\/dul-2\/","title":{"rendered":"Dul"},"content":{"rendered":"<p>Jos\u00e9 Saramago\u2019nun yazarl\u0131k ser\u00fcveninin ba\u015flad\u0131\u011f\u0131 kitap Dul. Saramago\u2019nun hen\u00fcz 25 ya\u015f\u0131ndayken kaleme ald\u0131\u011f\u0131 ilk roman\u0131, 1947\u2019de G\u00fcnah Diyar\u0131 ad\u0131yla yay\u0131mlanm\u0131\u015ft\u0131. Ancak yazar\u0131n \u00e7ok i\u00e7ine sinmeden ger\u00e7ekle\u015fen bu isim de\u011fi\u015fikli\u011fi y\u00fcz\u00fcnden kenarda tuttu\u011fu roman\u0131, y\u0131llar sonra \u201cas\u0131l ad\u0131yla\u201d yeniden okuruyla bulu\u015fuyor. Bug\u00fcn Nobel \u00f6d\u00fcll\u00fc bir yazar olarak eserlerini okudu\u011fumuz Jos\u00e9 Saramago\u2019nun b\u00fct\u00fcn acemiliklerden uzak, ancak al\u0131\u015ft\u0131\u011f\u0131m\u0131z\u0131n d\u0131\u015f\u0131nda \u201cklasik\u201d \u00fcslupla kaleme ald\u0131\u011f\u0131 Dul\u2019da, daha sonraki eserlerinde kar\u015f\u0131m\u0131za \u00e7\u0131kacak bir\u00e7ok unsurun \u015fifrelerini de g\u00f6receksiniz.   Yazar\u0131n do\u011fumunun y\u00fcz\u00fcnc\u00fc y\u0131l\u0131 vesilesiyle Portekizce d\u0131\u015f\u0131nda dillerde ilk defa yay\u0131mlanan Dul, d\u00fcnyaca \u00fcnl\u00fc bir ustan\u0131n kaleminden y\u0131llarca yeniden okunmay\u0131 bekleyen gizli bir hazine. <\/p>\n","protected":false},"excerpt":{"rendered":"<p>Jos\u00e9 Saramago\u2019nun yazarl\u0131k ser\u00fcveninin ba\u015flad\u0131\u011f\u0131 kitap Dul. Saramago\u2019nun hen\u00fcz 25 ya\u015f\u0131ndayken kaleme ald\u0131\u011f\u0131 ilk roman\u0131, 1947\u2019de G\u00fcnah Diyar\u0131 ad\u0131yla yay\u0131mlanm\u0131\u015ft\u0131. Ancak yazar\u0131n \u00e7ok i\u00e7ine sinmeden ger\u00e7ekle\u015fen<span class=\"excerpt-hellip\"> [\u2026]<\/span><\/p>\n","protected":false},"featured_media":0,"template":"","meta":{"_monsterinsights_skip_tracking":false,"_monsterinsights_sitenote_active":false,"_monsterinsights_sitenote_note":"","_monsterinsights_sitenote_category":0},"product_brand":[],"product_cat":[12291,12711],"product_tag":[],"class_list":{"0":"post-745311","1":"product","2":"type-product","3":"status-publish","5":"product_cat-edebiyat","6":"product_cat-roman-oyku","7":"pa_cilt-ciltsiz","8":"pa_tur-kitap","9":"pa_yayinevi-kirmizi-kedi-yayinevi","10":"pa_yazar-jose-saramago","12":"first","13":"instock","14":"sale","15":"shipping-taxable","16":"purchasable","17":"product-type-simple"},"_links":{"self":[{"href":"https:\/\/roveyayinevi.com.tr\/index.php\/wp-json\/wp\/v2\/product\/745311","targetHints":{"allow":["GET"]}}],"collection":[{"href":"https:\/\/roveyayinevi.com.tr\/index.php\/wp-json\/wp\/v2\/product"}],"about":[{"href":"https:\/\/roveyayinevi.com.tr\/index.php\/wp-json\/wp\/v2\/types\/product"}],"wp:attachment":[{"href":"https:\/\/roveyayinevi.com.tr\/index.php\/wp-json\/wp\/v2\/media?parent=745311"}],"wp:term":[{"taxonomy":"product_brand","embeddable":true,"href":"https:\/\/roveyayinevi.com.tr\/index.php\/wp-json\/wp\/v2\/product_brand?post=745311"},{"taxonomy":"product_cat","embeddable":true,"href":"https:\/\/roveyayinevi.com.tr\/index.php\/wp-json\/wp\/v2\/product_cat?post=745311"},{"taxonomy":"product_tag","embeddable":true,"href":"https:\/\/roveyayinevi.com.tr\/index.php\/wp-json\/wp\/v2\/product_tag?post=745311"}],"curies":[{"name":"wp","href":"https:\/\/api.w.org\/{rel}","templated":true}]}}