{"id":745308,"date":"2025-08-28T02:16:36","date_gmt":"2025-08-27T23:16:36","guid":{"rendered":"https:\/\/roveyayinevi.com.tr\/index.php\/urun\/toprak-ve-sarap\/"},"modified":"2026-04-16T02:57:38","modified_gmt":"2026-04-15T23:57:38","slug":"toprak-ve-sarap","status":"publish","type":"product","link":"https:\/\/roveyayinevi.com.tr\/index.php\/urun\/toprak-ve-sarap\/","title":{"rendered":"Toprak ve \u015earap"},"content":{"rendered":"<p>\u015earab\u0131 T\u00fcrkiye\u2019nin ba\u011flar\u0131, T\u00fcrkiye\u2019nin markalar\u0131   \u00fcst\u00fcnden \u00f6\u011frenmenin zaman\u0131 geldi.       Toprak ve \u015earap: T\u00fcrkiye\u2019nin Ba\u011flar\u0131 ve \u015earaplar\u0131, T\u00fcrkiye\u2019de ilk kez 85 farkl\u0131 yerli \u00fcreticinin ba\u011flar\u0131na ve \u015faraphanelerine y\u00f6nelik gezi notlar\u0131yla \u015farap tad\u0131m notlar\u0131n\u0131 bir araya getiriyor.   Hayatlar\u0131n\u0131 \u015farab\u0131 anlamaya adam\u0131\u015f iki \u015farap merakl\u0131s\u0131, S\u00fcray Cing\u00f6z At\u0131\u015f ve Do\u011fuhan At\u0131\u015f, y\u0131llard\u0131r bu topraklar\u0131n \u015faraplar\u0131n\u0131 T\u00fcrkiye\u2019deki ba\u011flar\u0131 ve \u015faraphaneleri tek tek gezerek tad\u0131yorlar. \u00c7\u00fcnk\u00fc \u015farap kadar b\u00f6lgesini, topra\u011f\u0131n\u0131, \u201cteruar\u201d\u0131n\u0131 yans\u0131tan bir \u00fcr\u00fcn bulman\u0131n zor oldu\u011funu biliyorlar. \u015earab\u0131 yaln\u0131zca bir yemek e\u015flik\u00e7isi olarak g\u00f6rmenin \u00f6tesinde, onu yaratan \u00fcz\u00fcm\u00fc ve o \u00fcz\u00fcm\u00fc yeti\u015ftiren topra\u011f\u0131 da tan\u0131mak gerekti\u011fini bilen bir g\u00f6zle yaz\u0131yorlar.   Bu kitab\u0131 kendinize ba\u011f gezisi rotalar\u0131 olu\u015fturmak i\u00e7in okuyabilece\u011finiz gibi, \u015farap raflar\u0131 \u00f6n\u00fcnde kafan\u0131z kar\u0131\u015fmadan se\u00e7im yapmak ve sevece\u011finiz tarzda yeni \u015faraplar ke\u015ffetmek i\u00e7in de okuyabilirsiniz. E\u011fer \u015farap \u00fczerine bilginiz k\u0131s\u0131tl\u0131ysa korkmay\u0131n, \u00e7\u00fcnk\u00fc bu kitab\u0131n kapa\u011f\u0131n\u0131 kapatt\u0131\u011f\u0131n\u0131zda \u015farap t\u00fcrlerinden \u00fcretim tekniklerine, \u00fcz\u00fcmlerin okunu\u015fundan \u015farap\u00e7\u0131l\u0131k terimlerine dek temel bilgileri de edinmi\u015f olacaks\u0131n\u0131z; hem de bu kez T\u00fcrkiye \u00fczerinden, bu co\u011frafyan\u0131n \u00fcz\u00fcmlerini, \u015faraplar\u0131n\u0131, markalar\u0131n\u0131 tan\u0131yarak\u2026       \u201cBu kitap, T\u00fcrkiye\u2019nin \u015farap \u00fcreticilerinin bir listesini ve sahip olduklar\u0131 t\u00fcm imk\u00e2nlar\u0131n\u0131 ortaya koyarken, okuyucuya da oralara gidip ziyaret etme fikrini veriyor. \u00dcreticiyi, \u00fcr\u00fcn\u00fcn arkas\u0131nda yatan niyeti g\u00f6rme iste\u011fi a\u015f\u0131l\u0131yor. Bunu yaparken \u00fcreticiyi ya da \u015faraplar\u0131 yarg\u0131lay\u0131p ge\u00e7mek yerine neyin nas\u0131l oldu\u011funu anlamaya ve anlatmaya \u00e7al\u0131\u015f\u0131yor. Memleketin \u015faraplar\u0131n\u0131 ke\u015ffetmek i\u00e7in \u015fahane bir rehber, e\u011flenceli bir kaynak\u2026\u201d   Levon Ba\u011f\u0131\u015f<\/p>\n","protected":false},"excerpt":{"rendered":"<p>\u015earab\u0131 T\u00fcrkiye\u2019nin ba\u011flar\u0131, T\u00fcrkiye\u2019nin markalar\u0131 \u00fcst\u00fcnden \u00f6\u011frenmenin zaman\u0131 geldi. Toprak ve \u015earap: T\u00fcrkiye\u2019nin Ba\u011flar\u0131 ve \u015earaplar\u0131, T\u00fcrkiye\u2019de ilk kez 85 farkl\u0131 yerli \u00fcreticinin ba\u011flar\u0131na ve \u015faraphanelerine<span class=\"excerpt-hellip\"> [\u2026]<\/span><\/p>\n","protected":false},"featured_media":0,"template":"","meta":{"_monsterinsights_skip_tracking":false,"_monsterinsights_sitenote_active":false,"_monsterinsights_sitenote_note":"","_monsterinsights_sitenote_category":0},"product_brand":[],"product_cat":[77985,12457],"product_tag":[],"class_list":{"0":"post-745308","1":"product","2":"type-product","3":"status-publish","5":"product_cat-kokteyl-ve-icki-kitaplari","6":"product_cat-yemek-kitaplari","7":"pa_cilt-ciltsiz","8":"pa_tur-kitap","9":"pa_yayinevi-mundi","10":"pa_yazar-suray-atis-doguhan-atis","12":"first","13":"instock","14":"sale","15":"shipping-taxable","16":"purchasable","17":"product-type-simple"},"_links":{"self":[{"href":"https:\/\/roveyayinevi.com.tr\/index.php\/wp-json\/wp\/v2\/product\/745308","targetHints":{"allow":["GET"]}}],"collection":[{"href":"https:\/\/roveyayinevi.com.tr\/index.php\/wp-json\/wp\/v2\/product"}],"about":[{"href":"https:\/\/roveyayinevi.com.tr\/index.php\/wp-json\/wp\/v2\/types\/product"}],"wp:attachment":[{"href":"https:\/\/roveyayinevi.com.tr\/index.php\/wp-json\/wp\/v2\/media?parent=745308"}],"wp:term":[{"taxonomy":"product_brand","embeddable":true,"href":"https:\/\/roveyayinevi.com.tr\/index.php\/wp-json\/wp\/v2\/product_brand?post=745308"},{"taxonomy":"product_cat","embeddable":true,"href":"https:\/\/roveyayinevi.com.tr\/index.php\/wp-json\/wp\/v2\/product_cat?post=745308"},{"taxonomy":"product_tag","embeddable":true,"href":"https:\/\/roveyayinevi.com.tr\/index.php\/wp-json\/wp\/v2\/product_tag?post=745308"}],"curies":[{"name":"wp","href":"https:\/\/api.w.org\/{rel}","templated":true}]}}