{"id":745307,"date":"2025-08-28T02:16:35","date_gmt":"2025-08-27T23:16:35","guid":{"rendered":"https:\/\/roveyayinevi.com.tr\/index.php\/urun\/gorunmez-tasma\/"},"modified":"2026-04-16T02:57:38","modified_gmt":"2026-04-15T23:57:38","slug":"gorunmez-tasma","status":"publish","type":"product","link":"https:\/\/roveyayinevi.com.tr\/index.php\/urun\/gorunmez-tasma\/","title":{"rendered":"G\u00f6r\u00fcnmez Tasma"},"content":{"rendered":"<p>Zach\u2019\u0131n k\u00f6pe\u011fi Jojo hayat\u0131n\u0131 kaybetti\u011finde, Zach\u2019\u0131n yak\u0131n arkada\u015f\u0131 Emily onun ac\u0131s\u0131n\u0131 hafifletmek i\u00e7in d\u00fcnyaya ba\u015fka bir g\u00f6zle bakmas\u0131n\u0131 sa\u011flamaya \u00e7al\u0131\u015f\u0131r. Zach sadece g\u00f6rebildi\u011fi \u015feylere inand\u0131\u011f\u0131n\u0131 s\u00f6yleyerek \u015f\u00fcpheci davran\u0131r, ancak Emily onu ikna eder. Bug\u00fcne kadar duydu\u011fu en iyi haberlerden birini verir Emily: Kalplerimizin etraf\u0131ndaki g\u00f6r\u00fcnmez bir tasma, nerede olurlarsa olsunlar, bu d\u00fcnyada veya \u00f6tesinde bir yerde, bizi bir \u015fekilde evcil hayvanlar\u0131m\u0131za ba\u011flar.       Patrice Karst, G\u00f6r\u00fcnmez Tasma\u2019da \u00e7ocuklar\u0131n kolayca anlayabilece\u011fi yarat\u0131c\u0131 bir hik\u00e2yeyle ayr\u0131l\u0131k ve kayb\u0131n \u00fcstesinden gelmek i\u00e7in basit bir yakla\u015f\u0131m sunuyor. Bu naif \u00f6yk\u00fcyle evcil hayvanlar\u0131m\u0131z\u0131n bize sundu\u011fu ko\u015fulsuz sevgiyi, s\u0131cakl\u0131\u011f\u0131 ve ne\u015feyi kutluyor.           \u201cG\u00f6r\u00fcnmez Tasma, zarif bir hik\u00e2ye ve g\u00fc\u00e7l\u00fc imgeler arac\u0131l\u0131\u011f\u0131yla bize evcil hayvanlar\u0131n ko\u015fulsuz sevgisini, ne\u015fesini ve onlar\u0131n yoklu\u011fuyla nas\u0131l ba\u015f edebilece\u011fimizi anlatan hem \u00e7ocuklar\u0131n hem de yeti\u015fkinlerin mutlaka okumas\u0131 gereken bir kitap.\u201d   Dr. Paul L. Hokemeyer, psikoterapist ve klinik psikolog           \u201cHer ya\u015ftan \u00e7ocu\u011fu evcil hayvanlar\u0131n\u0131 kaybetseler bile onlarla aralar\u0131nda g\u00f6r\u00fcnmez bir ba\u011f olaca\u011f\u0131 fikriyle rahatlatan ve yol g\u00f6steren bir hik\u00e2ye. \u00c7ocuklar\u0131na, ac\u0131 kay\u0131plar\u0131yla nas\u0131l ba\u015fa \u00e7\u0131kacaklar\u0131n\u0131 anlatmaya \u00e7al\u0131\u015fan ebeveynlere G\u00f6r\u00fcnmez Tasma\u2019y\u0131 \u00f6nerebildi\u011fim i\u00e7in \u00e7ok mutluyum.\u201d       Rita Drake, veteriner<\/p>\n","protected":false},"excerpt":{"rendered":"<p>Zach\u2019\u0131n k\u00f6pe\u011fi Jojo hayat\u0131n\u0131 kaybetti\u011finde, Zach\u2019\u0131n yak\u0131n arkada\u015f\u0131 Emily onun ac\u0131s\u0131n\u0131 hafifletmek i\u00e7in d\u00fcnyaya ba\u015fka bir g\u00f6zle bakmas\u0131n\u0131 sa\u011flamaya \u00e7al\u0131\u015f\u0131r. Zach sadece g\u00f6rebildi\u011fi \u015feylere inand\u0131\u011f\u0131n\u0131 s\u00f6yleyerek<span class=\"excerpt-hellip\"> [\u2026]<\/span><\/p>\n","protected":false},"featured_media":0,"template":"","meta":{"_monsterinsights_skip_tracking":false,"_monsterinsights_sitenote_active":false,"_monsterinsights_sitenote_note":"","_monsterinsights_sitenote_category":0},"product_brand":[],"product_cat":[12274,12284],"product_tag":[],"class_list":{"0":"post-745307","1":"product","2":"type-product","3":"status-publish","5":"product_cat-cocuk-ve-genclik-kitaplari","6":"product_cat-hikayeler","7":"pa_cilt-ciltsiz","8":"pa_tur-kitap","9":"pa_yayinevi-mundi","10":"pa_yazar-patrice-karst","12":"first","13":"instock","14":"sale","15":"shipping-taxable","16":"purchasable","17":"product-type-simple"},"_links":{"self":[{"href":"https:\/\/roveyayinevi.com.tr\/index.php\/wp-json\/wp\/v2\/product\/745307","targetHints":{"allow":["GET"]}}],"collection":[{"href":"https:\/\/roveyayinevi.com.tr\/index.php\/wp-json\/wp\/v2\/product"}],"about":[{"href":"https:\/\/roveyayinevi.com.tr\/index.php\/wp-json\/wp\/v2\/types\/product"}],"wp:attachment":[{"href":"https:\/\/roveyayinevi.com.tr\/index.php\/wp-json\/wp\/v2\/media?parent=745307"}],"wp:term":[{"taxonomy":"product_brand","embeddable":true,"href":"https:\/\/roveyayinevi.com.tr\/index.php\/wp-json\/wp\/v2\/product_brand?post=745307"},{"taxonomy":"product_cat","embeddable":true,"href":"https:\/\/roveyayinevi.com.tr\/index.php\/wp-json\/wp\/v2\/product_cat?post=745307"},{"taxonomy":"product_tag","embeddable":true,"href":"https:\/\/roveyayinevi.com.tr\/index.php\/wp-json\/wp\/v2\/product_tag?post=745307"}],"curies":[{"name":"wp","href":"https:\/\/api.w.org\/{rel}","templated":true}]}}