{"id":745306,"date":"2025-08-28T02:16:33","date_gmt":"2025-08-27T23:16:33","guid":{"rendered":"https:\/\/roveyayinevi.com.tr\/index.php\/urun\/dokunuver-hayata-iki\/"},"modified":"2026-04-16T02:57:38","modified_gmt":"2026-04-15T23:57:38","slug":"dokunuver-hayata-iki","status":"publish","type":"product","link":"https:\/\/roveyayinevi.com.tr\/index.php\/urun\/dokunuver-hayata-iki\/","title":{"rendered":"Dokunuver Hayata \u0130ki"},"content":{"rendered":"<p>Hayat asla ipek hal\u0131 d\u00f6\u015fenmi\u015f yol de\u011fildir. Yollar\u0131n\u0131za k\u0131rm\u0131z\u0131 g\u00fcller de sermiyor. Ama biz kad\u0131nlar istersek ipek hal\u0131 dokur, yolumuza serer, \u00fczerinde sal\u0131na sal\u0131na gezeriz, dikenleri ay\u0131r\u0131p k\u0131rm\u0131z\u0131 g\u00fcller de d\u00f6keriz. Kendi g\u00fcc\u00fcn\u00fc ke\u015ffet, kendini sev. Kad\u0131n olarak sevilecek birisin, neden sevgiyi bir ba\u015fkas\u0131ndan bekleyesin? \u00c7\u00fcnk\u00fc Tanr\u0131 kad\u0131nlar\u0131 \u00f6zel yaratm\u0131\u015f, g\u00fc\u00e7l\u00fc, sab\u0131rl\u0131, zeki, m\u00fccadeleci, duygusal. Hayat\u0131mda binlerce kad\u0131n g\u00f6rd\u00fcm e\u015finden, sevgilisinden memnun olmayan, \u015fiddet g\u00f6ren, ya\u015fam m\u00fccadelesini erke\u011fin zulm\u00fc alt\u0131nda veren ama ayr\u0131ld\u0131\u011f\u0131m i\u00e7in \u00e7aresizim, a\u00e7\u0131m, pi\u015fman\u0131m diyen bir tekini g\u00f6rmedim, ben de de\u011filim. G\u00f6rd\u00fcm ki kad\u0131nlar harikalar yarat\u0131yorlar. \u00c7\u00fcnk\u00fc g\u00fc\u00e7l\u00fc, \u00e7\u00f6z\u00fcm odakl\u0131, muhte\u015fem varl\u0131klar. K\u00f6t\u00fc davranan hi\u00e7 erkek bizden daha \u00f6nemli de\u011fil, ak\u0131ll\u0131 da de\u011fil. Ak\u0131ll\u0131 olsa e\u015fim, kad\u0131n\u0131m dedi\u011fi canl\u0131ya eziyet eder mi? Bir erkek hayat\u0131n\u0131z\u0131 zindana \u00e7eviriyor, zorla\u015ft\u0131r\u0131yor ve sizi \u00f6nemsemiyor ise b\u0131rak\u0131n bitsin gitsin. Hayat \u00f6zg\u00fcrsen, say\u0131l\u0131p, seviliyorsan g\u00fczel bunu bilin. Kad\u0131n, anne, evlat, e\u015f oldu\u011funuz i\u00e7in mutluluk hakk\u0131n\u0131z. Mutlu olursan\u0131z mutlu edersiniz. Hakk\u0131n\u0131z\u0131 kimselere b\u0131rakmay\u0131n\u0131z. Gerekti\u011finde hayat\u0131n\u0131za dair kararlar\u0131 l\u00fctfen siz al\u0131n. Elife Kaya \u201cF\u0131nd\u0131kl\u0131 Kahve\u201d kitab\u0131ndan sonra \u201cDokunuver Hayata Bir\u201d ve \u201cDokunuver Hayata \u0130ki\u201d isimli eserlerini kaleme alm\u0131\u015ft\u0131r.<\/p>\n","protected":false},"excerpt":{"rendered":"<p>Hayat asla ipek hal\u0131 d\u00f6\u015fenmi\u015f yol de\u011fildir. Yollar\u0131n\u0131za k\u0131rm\u0131z\u0131 g\u00fcller de sermiyor. Ama biz kad\u0131nlar istersek ipek hal\u0131 dokur, yolumuza serer, \u00fczerinde sal\u0131na sal\u0131na gezeriz, dikenleri<span class=\"excerpt-hellip\"> [\u2026]<\/span><\/p>\n","protected":false},"featured_media":0,"template":"","meta":{"_monsterinsights_skip_tracking":false,"_monsterinsights_sitenote_active":false,"_monsterinsights_sitenote_note":"","_monsterinsights_sitenote_category":0},"product_brand":[],"product_cat":[14009,12291],"product_tag":[],"class_list":{"0":"post-745306","1":"product","2":"type-product","3":"status-publish","5":"product_cat-biyografi-otobiyografi-edebiyat","6":"product_cat-edebiyat","7":"pa_cilt-ciltsiz","8":"pa_tur-kitap","9":"pa_yayinevi-platanus-publishing","10":"pa_yazar-elife-kaya","12":"first","13":"instock","14":"sale","15":"shipping-taxable","16":"purchasable","17":"product-type-simple"},"_links":{"self":[{"href":"https:\/\/roveyayinevi.com.tr\/index.php\/wp-json\/wp\/v2\/product\/745306","targetHints":{"allow":["GET"]}}],"collection":[{"href":"https:\/\/roveyayinevi.com.tr\/index.php\/wp-json\/wp\/v2\/product"}],"about":[{"href":"https:\/\/roveyayinevi.com.tr\/index.php\/wp-json\/wp\/v2\/types\/product"}],"wp:attachment":[{"href":"https:\/\/roveyayinevi.com.tr\/index.php\/wp-json\/wp\/v2\/media?parent=745306"}],"wp:term":[{"taxonomy":"product_brand","embeddable":true,"href":"https:\/\/roveyayinevi.com.tr\/index.php\/wp-json\/wp\/v2\/product_brand?post=745306"},{"taxonomy":"product_cat","embeddable":true,"href":"https:\/\/roveyayinevi.com.tr\/index.php\/wp-json\/wp\/v2\/product_cat?post=745306"},{"taxonomy":"product_tag","embeddable":true,"href":"https:\/\/roveyayinevi.com.tr\/index.php\/wp-json\/wp\/v2\/product_tag?post=745306"}],"curies":[{"name":"wp","href":"https:\/\/api.w.org\/{rel}","templated":true}]}}