{"id":745304,"date":"2025-08-28T02:16:31","date_gmt":"2025-08-27T23:16:31","guid":{"rendered":"https:\/\/roveyayinevi.com.tr\/index.php\/urun\/ulus-mekan-beden\/"},"modified":"2026-04-16T02:57:38","modified_gmt":"2026-04-15T23:57:38","slug":"ulus-mekan-beden","status":"publish","type":"product","link":"https:\/\/roveyayinevi.com.tr\/index.php\/urun\/ulus-mekan-beden\/","title":{"rendered":"Ulus Mekan Beden"},"content":{"rendered":"<p>\u2026Belediye i\u015flerinin tanzim ve murakabesi s\u0131rf mahalli olmak vasf\u0131n\u0131 kaybetti. Her \u015fehir milletin her ferdini ve heyeti umumiyesini al\u00e2kadar ve devleti vazifedar eden umum\u00ee ve mill\u00ee, di\u011fer tabirle devlet meselesi mahiyetini ald\u0131. Devletin n\u00fcfus ve kudreti, milletin b\u00fct\u00fcn mukadderat\u0131na h\u00e2kim olacak \u015f\u00fcmul\u00fc iktisap edince mill\u00ee hayat ve faaliyetin m\u00fchim sahalar\u0131 olan belediyelerin bu kudretin murakabesi alt\u0131na girmesi ve \u015fehirlerin de devletin vesayet ve muavenetinden istifade etmesi zarur\u00ee oldu. Bundan ba\u015fka medeniyet ve terakki \u015fehirlerin mahsul\u00fcd\u00fcr. Bir milletin irfan, san\u2019at ve ticaret menba\u0131 \u015fehirlerdir.\u015e\u00fckr\u00fc Kaya, Belediye Kanunu m\u00fcnasebetile&#8230;1930   \u201cMedeniyet ve terakkinin \u015fehirlerin mahsul\u00fc\u201d oldu\u011funu s\u00f6yleyen d\u00f6nemin D\u00e2hiliye Vekili \u015e\u00fckr\u00fc Kaya, asl\u0131nda yeni medeniyetin, \u00f6rg\u00fctlenece\u011fi yer olarak \u015fehirleri i\u015faret ediyor. Bu noktada gerek mek\u00e2nsal gerekse toplumsal pratik olarak kentin nas\u0131l tasavvur edildi\u011fi ve kentten nas\u0131l bir beklentinin oldu\u011fu sorusu \u00f6nem kazan\u0131yor. Bunun izlerini s\u00fcren Ulus, Mek\u00e2n, Beden, erken Cumhuriyet d\u00f6neminde ulus in\u015fas\u0131 ile kent aras\u0131ndaki ili\u015fkiye odaklan\u0131yor. Kitap, kentin toplumsal ve mek\u00e2nsal \u00f6rg\u00fctlenmesinde temel akt\u00f6r olan belediyelerin, ulus in\u015fa s\u00fcrecinde g\u00fcndelik hayata, mek\u00e2na ve bedene nas\u0131l m\u00fcdahale etti\u011fini, kapsaml\u0131 bir kuramsal tart\u0131\u015fma \u0131\u015f\u0131\u011f\u0131nda mercek alt\u0131na al\u0131yor.  <\/p>\n","protected":false},"excerpt":{"rendered":"<p>\u2026Belediye i\u015flerinin tanzim ve murakabesi s\u0131rf mahalli olmak vasf\u0131n\u0131 kaybetti. Her \u015fehir milletin her ferdini ve heyeti umumiyesini al\u00e2kadar ve devleti vazifedar eden umum\u00ee ve mill\u00ee,<span class=\"excerpt-hellip\"> [\u2026]<\/span><\/p>\n","protected":false},"featured_media":0,"template":"","meta":{"_monsterinsights_skip_tracking":false,"_monsterinsights_sitenote_active":false,"_monsterinsights_sitenote_note":"","_monsterinsights_sitenote_category":0},"product_brand":[],"product_cat":[12325,12324],"product_tag":[],"class_list":{"0":"post-745304","1":"product","2":"type-product","3":"status-publish","5":"product_cat-diger-sosyoloji","6":"product_cat-sosyoloji","7":"pa_cilt-ciltsiz","8":"pa_tur-kitap","9":"pa_yayinevi-nika-yayinevi","10":"pa_yazar-mustafa-doganoglu","12":"first","13":"instock","14":"sale","15":"shipping-taxable","16":"purchasable","17":"product-type-simple"},"_links":{"self":[{"href":"https:\/\/roveyayinevi.com.tr\/index.php\/wp-json\/wp\/v2\/product\/745304","targetHints":{"allow":["GET"]}}],"collection":[{"href":"https:\/\/roveyayinevi.com.tr\/index.php\/wp-json\/wp\/v2\/product"}],"about":[{"href":"https:\/\/roveyayinevi.com.tr\/index.php\/wp-json\/wp\/v2\/types\/product"}],"wp:attachment":[{"href":"https:\/\/roveyayinevi.com.tr\/index.php\/wp-json\/wp\/v2\/media?parent=745304"}],"wp:term":[{"taxonomy":"product_brand","embeddable":true,"href":"https:\/\/roveyayinevi.com.tr\/index.php\/wp-json\/wp\/v2\/product_brand?post=745304"},{"taxonomy":"product_cat","embeddable":true,"href":"https:\/\/roveyayinevi.com.tr\/index.php\/wp-json\/wp\/v2\/product_cat?post=745304"},{"taxonomy":"product_tag","embeddable":true,"href":"https:\/\/roveyayinevi.com.tr\/index.php\/wp-json\/wp\/v2\/product_tag?post=745304"}],"curies":[{"name":"wp","href":"https:\/\/api.w.org\/{rel}","templated":true}]}}