{"id":745303,"date":"2025-08-28T02:16:29","date_gmt":"2025-08-27T23:16:29","guid":{"rendered":"https:\/\/roveyayinevi.com.tr\/index.php\/urun\/peter-pan-23\/"},"modified":"2026-04-16T02:57:38","modified_gmt":"2026-04-15T23:57:38","slug":"peter-pan-23","status":"publish","type":"product","link":"https:\/\/roveyayinevi.com.tr\/index.php\/urun\/peter-pan-23\/","title":{"rendered":"Peter Pan"},"content":{"rendered":"<p>\u0130sko\u00e7 roman ve tiyatro yazar\u0131 Barrie\u2019nin tiyatro oyunu olarak kaleme ald\u0131\u011f\u0131 ve ilk kez 1904 y\u0131l\u0131nda Peter Pan ya da B\u00fcy\u00fcmek \u0130stemeyen \u00c7ocuk ad\u0131yla sahnelenen eseri, daha sonra romanla\u015ft\u0131 ve bir\u00e7ok kez sinemaya da uyarland\u0131.J.M. Barrie\u2019nin y\u00fcz y\u0131l\u0131 a\u015fk\u0131n zamand\u0131r her ya\u015ftan okuru etkileyen unutulmaz eseri Peter Pan, orijinal tiyatro metninden Bilge Karasu\u2019nun e\u015fsiz \u00e7evirisiyle yeni okurlar\u0131yla bulu\u015fuyor. (Tan\u0131t\u0131m B\u00fclteninden)<\/p>\n","protected":false},"excerpt":{"rendered":"<p>\u0130sko\u00e7 roman ve tiyatro yazar\u0131 Barrie\u2019nin tiyatro oyunu olarak kaleme ald\u0131\u011f\u0131 ve ilk kez 1904 y\u0131l\u0131nda Peter Pan ya da B\u00fcy\u00fcmek \u0130stemeyen \u00c7ocuk ad\u0131yla sahnelenen eseri,<span class=\"excerpt-hellip\"> [\u2026]<\/span><\/p>\n","protected":false},"featured_media":0,"template":"","meta":{"_monsterinsights_skip_tracking":false,"_monsterinsights_sitenote_active":false,"_monsterinsights_sitenote_note":"","_monsterinsights_sitenote_category":0},"product_brand":[],"product_cat":[12291,14272],"product_tag":[],"class_list":{"0":"post-745303","1":"product","2":"type-product","3":"status-publish","5":"product_cat-edebiyat","6":"product_cat-tiyatro","7":"pa_cilt-ciltsiz","8":"pa_tur-kitap","9":"pa_yayinevi-kirmizi-kedi-yayinevi","10":"pa_yazar-james-matthew-barrie","12":"first","13":"instock","14":"sale","15":"shipping-taxable","16":"purchasable","17":"product-type-simple"},"_links":{"self":[{"href":"https:\/\/roveyayinevi.com.tr\/index.php\/wp-json\/wp\/v2\/product\/745303","targetHints":{"allow":["GET"]}}],"collection":[{"href":"https:\/\/roveyayinevi.com.tr\/index.php\/wp-json\/wp\/v2\/product"}],"about":[{"href":"https:\/\/roveyayinevi.com.tr\/index.php\/wp-json\/wp\/v2\/types\/product"}],"wp:attachment":[{"href":"https:\/\/roveyayinevi.com.tr\/index.php\/wp-json\/wp\/v2\/media?parent=745303"}],"wp:term":[{"taxonomy":"product_brand","embeddable":true,"href":"https:\/\/roveyayinevi.com.tr\/index.php\/wp-json\/wp\/v2\/product_brand?post=745303"},{"taxonomy":"product_cat","embeddable":true,"href":"https:\/\/roveyayinevi.com.tr\/index.php\/wp-json\/wp\/v2\/product_cat?post=745303"},{"taxonomy":"product_tag","embeddable":true,"href":"https:\/\/roveyayinevi.com.tr\/index.php\/wp-json\/wp\/v2\/product_tag?post=745303"}],"curies":[{"name":"wp","href":"https:\/\/api.w.org\/{rel}","templated":true}]}}