{"id":745302,"date":"2025-08-28T02:16:28","date_gmt":"2025-08-27T23:16:28","guid":{"rendered":"https:\/\/roveyayinevi.com.tr\/index.php\/urun\/cennetle-mujdeli-10-sahabe-seti-10-kitap-takim\/"},"modified":"2026-04-16T02:57:38","modified_gmt":"2026-04-15T23:57:38","slug":"cennetle-mujdeli-10-sahabe-seti-10-kitap-takim","status":"publish","type":"product","link":"https:\/\/roveyayinevi.com.tr\/index.php\/urun\/cennetle-mujdeli-10-sahabe-seti-10-kitap-takim\/","title":{"rendered":"Cennetle M\u00fcjdeli 10 Sahabe Seti &#8211; 10 Kitap Tak\u0131m"},"content":{"rendered":"<p>Bir insan\u0131n Allah\u2019a g\u00fcvendi\u011finin al\u00e2meti, fedakarl\u0131\u011f\u0131 \u00f6l\u00e7\u00fcs\u00fcndedir. Cennetle m\u00fcjdelenen on sah\u00e2be Allah\u2019a olan g\u00fcvenlerini canlar\u0131n\u0131, mallar\u0131n\u0131, sevdiklerini feda ederek g\u00f6stermi\u015fler ve bunun neticesinde de bu bahtiyarl\u0131\u011fa eri\u015fmi\u015flerdir. Zira Allah\u2019a g\u00fcvenene Allah k\u00e2fidir. Kitaplar\u0131 ve videolar\u0131yla milyonlara ula\u015fan Mehmet Y\u0131ld\u0131z bu eserlerinde A\u015fere-i M\u00fcbe\u015f\u015fere \u00fczerinde duruyor, o m\u00fcbarek hayatlara daha yak\u0131ndan bakmam\u0131z\u0131 sa\u011fl\u0131yor.<\/p>\n","protected":false},"excerpt":{"rendered":"<p>Bir insan\u0131n Allah\u2019a g\u00fcvendi\u011finin al\u00e2meti, fedakarl\u0131\u011f\u0131 \u00f6l\u00e7\u00fcs\u00fcndedir. Cennetle m\u00fcjdelenen on sah\u00e2be Allah\u2019a olan g\u00fcvenlerini canlar\u0131n\u0131, mallar\u0131n\u0131, sevdiklerini feda ederek g\u00f6stermi\u015fler ve bunun neticesinde de bu bahtiyarl\u0131\u011fa<span class=\"excerpt-hellip\"> [\u2026]<\/span><\/p>\n","protected":false},"featured_media":0,"template":"","meta":{"_monsterinsights_skip_tracking":false,"_monsterinsights_sitenote_active":false,"_monsterinsights_sitenote_note":"","_monsterinsights_sitenote_category":0},"product_brand":[],"product_cat":[12718,12719],"product_tag":[],"class_list":{"0":"post-745302","1":"product","2":"type-product","3":"status-publish","5":"product_cat-din","6":"product_cat-islam","7":"pa_cilt-takim","8":"pa_tur-kitap","9":"pa_yayinevi-timas-yayinlari","10":"pa_yazar-mehmet-yildiz","12":"first","13":"instock","14":"sale","15":"shipping-taxable","16":"purchasable","17":"product-type-simple"},"_links":{"self":[{"href":"https:\/\/roveyayinevi.com.tr\/index.php\/wp-json\/wp\/v2\/product\/745302","targetHints":{"allow":["GET"]}}],"collection":[{"href":"https:\/\/roveyayinevi.com.tr\/index.php\/wp-json\/wp\/v2\/product"}],"about":[{"href":"https:\/\/roveyayinevi.com.tr\/index.php\/wp-json\/wp\/v2\/types\/product"}],"wp:attachment":[{"href":"https:\/\/roveyayinevi.com.tr\/index.php\/wp-json\/wp\/v2\/media?parent=745302"}],"wp:term":[{"taxonomy":"product_brand","embeddable":true,"href":"https:\/\/roveyayinevi.com.tr\/index.php\/wp-json\/wp\/v2\/product_brand?post=745302"},{"taxonomy":"product_cat","embeddable":true,"href":"https:\/\/roveyayinevi.com.tr\/index.php\/wp-json\/wp\/v2\/product_cat?post=745302"},{"taxonomy":"product_tag","embeddable":true,"href":"https:\/\/roveyayinevi.com.tr\/index.php\/wp-json\/wp\/v2\/product_tag?post=745302"}],"curies":[{"name":"wp","href":"https:\/\/api.w.org\/{rel}","templated":true}]}}