{"id":745301,"date":"2025-08-28T02:16:27","date_gmt":"2025-08-27T23:16:27","guid":{"rendered":"https:\/\/roveyayinevi.com.tr\/index.php\/urun\/hz-said-bin-zeyd-r-a-cennetle-mujdeli-10-sahabe\/"},"modified":"2026-04-16T02:57:38","modified_gmt":"2026-04-15T23:57:38","slug":"hz-said-bin-zeyd-r-a-cennetle-mujdeli-10-sahabe","status":"publish","type":"product","link":"https:\/\/roveyayinevi.com.tr\/index.php\/urun\/hz-said-bin-zeyd-r-a-cennetle-mujdeli-10-sahabe\/","title":{"rendered":"Hz.Said Bin Zeyd (R.A) Cennetle M\u00fcjdeli 10 Sahabe"},"content":{"rendered":"<p>Sa\u00eed b. Zeyd(ra), cahiliyenin zifiri karanl\u0131\u011f\u0131nda ya\u015fam\u0131\u015f ama \u015firke bula\u015fmam\u0131\u015f muvahhid bir baban\u0131n kabul olmu\u015f duas\u0131d\u0131r. Kendisi o d\u00f6nem \u015firkin yuvas\u0131 Mekke\u2019de do\u011fmas\u0131na ra\u011fmen putlara tap\u0131lmayan, cahiliye \u00e2detlerine de\u011fer verilmeyen, k\u0131z \u00e7ocuklar\u0131n\u0131n diri diri topra\u011fa g\u00f6m\u00fclmesine \u015fiddetle kar\u015f\u0131 \u00e7\u0131k\u0131lan bir evde b\u00fcy\u00fcm\u00fc\u015ft\u00fcr. Babas\u0131 n\u00fcb\u00fcvvetin mesajlar\u0131na yeti\u015fememi\u015f lakin \u00f6lmeden evvel \u201cYa Rabbi! Ben g\u00f6nderilecek son el\u00e7iden mahrum oldum. Ne olur sen o\u011flum Sa\u00eed\u2019i ondan mahrum etme!\u201d diye dua etmi\u015ftir. Tevhid evinin yi\u011fidi olan Sa\u00eed(ra) ise babas\u0131n\u0131n duas\u0131na yak\u0131\u015f\u0131r bir hayat s\u00fcrm\u00fc\u015f, nurlu ve bereketli \u00f6mr\u00fcn\u00fc iman davas\u0131 u\u011frunda harcam\u0131\u015f, her zaman ve her yerde Res\u00fblullah\u2019\u0131n(sav) sad\u0131k bir dostu oldu\u011funu hayat\u0131n\u0131n b\u00fct\u00fcn safhalar\u0131nda g\u00f6stermi\u015ftir.Bug\u00fcn toplumun \u00e7o\u011fu; gen\u00e7lerin, evlatlar\u0131n\u0131n bozulan ahlak\u0131ndan ve ahvalinden \u015fikayet ediyor. Bunu d\u00fczeltmenin yolu ise sadece konu\u015fmaktan de\u011fil evvela evlerimizi, kendimizi ve dualar\u0131m\u0131z\u0131 d\u00fczeltmekten ge\u00e7iyor. Zira biz g\u00fcl ektik de diken mi bi\u00e7tik? (Tan\u0131t\u0131m B\u00fclteninden)<\/p>\n","protected":false},"excerpt":{"rendered":"<p>Sa\u00eed b. Zeyd(ra), cahiliyenin zifiri karanl\u0131\u011f\u0131nda ya\u015fam\u0131\u015f ama \u015firke bula\u015fmam\u0131\u015f muvahhid bir baban\u0131n kabul olmu\u015f duas\u0131d\u0131r. Kendisi o d\u00f6nem \u015firkin yuvas\u0131 Mekke\u2019de do\u011fmas\u0131na ra\u011fmen putlara tap\u0131lmayan,<span class=\"excerpt-hellip\"> [\u2026]<\/span><\/p>\n","protected":false},"featured_media":0,"template":"","meta":{"_monsterinsights_skip_tracking":false,"_monsterinsights_sitenote_active":false,"_monsterinsights_sitenote_note":"","_monsterinsights_sitenote_category":0},"product_brand":[],"product_cat":[12718,12719],"product_tag":[],"class_list":{"0":"post-745301","1":"product","2":"type-product","3":"status-publish","5":"product_cat-din","6":"product_cat-islam","7":"pa_cilt-ciltsiz","8":"pa_tur-kitap","9":"pa_yayinevi-timas-yayinlari","10":"pa_yazar-mehmet-yildiz","12":"first","13":"instock","14":"sale","15":"shipping-taxable","16":"purchasable","17":"product-type-simple"},"_links":{"self":[{"href":"https:\/\/roveyayinevi.com.tr\/index.php\/wp-json\/wp\/v2\/product\/745301","targetHints":{"allow":["GET"]}}],"collection":[{"href":"https:\/\/roveyayinevi.com.tr\/index.php\/wp-json\/wp\/v2\/product"}],"about":[{"href":"https:\/\/roveyayinevi.com.tr\/index.php\/wp-json\/wp\/v2\/types\/product"}],"wp:attachment":[{"href":"https:\/\/roveyayinevi.com.tr\/index.php\/wp-json\/wp\/v2\/media?parent=745301"}],"wp:term":[{"taxonomy":"product_brand","embeddable":true,"href":"https:\/\/roveyayinevi.com.tr\/index.php\/wp-json\/wp\/v2\/product_brand?post=745301"},{"taxonomy":"product_cat","embeddable":true,"href":"https:\/\/roveyayinevi.com.tr\/index.php\/wp-json\/wp\/v2\/product_cat?post=745301"},{"taxonomy":"product_tag","embeddable":true,"href":"https:\/\/roveyayinevi.com.tr\/index.php\/wp-json\/wp\/v2\/product_tag?post=745301"}],"curies":[{"name":"wp","href":"https:\/\/api.w.org\/{rel}","templated":true}]}}