{"id":745299,"date":"2025-08-28T02:16:25","date_gmt":"2025-08-27T23:16:25","guid":{"rendered":"https:\/\/roveyayinevi.com.tr\/index.php\/urun\/hz-ebu-ubeyde-bin-cerrah-r-a-cennetle-mujdeli-10-sahabe\/"},"modified":"2026-04-16T02:57:38","modified_gmt":"2026-04-15T23:57:38","slug":"hz-ebu-ubeyde-bin-cerrah-r-a-cennetle-mujdeli-10-sahabe","status":"publish","type":"product","link":"https:\/\/roveyayinevi.com.tr\/index.php\/urun\/hz-ebu-ubeyde-bin-cerrah-r-a-cennetle-mujdeli-10-sahabe\/","title":{"rendered":"Hz.Ebu Ubeyde Bin Cerrah (R.A) Cennetle M\u00fcjdeli 10 Sahabe"},"content":{"rendered":"<p>Efendimiz&#8217;in(sav) &#8220;\u00dcmmetin Emini&#8221; buyurdu\u011fu, Hz. \u00d6mer&#8217;in(ra) &#8220;Ya\u015f\u0131yor olsayd\u0131, halife tayin ederdim.&#8221; dedi\u011fi bu kutlu sah\u00e2be, teslimiyet ve emniyet denince akla gelen ilk isimlerdendir. Kendisi iman yolunun yolcusu olunca baba Abdullah k\u00fcf\u00fcrde inat etmi\u015f ve Bedir\u2019de inkar cephesinin saflar\u0131na kat\u0131lm\u0131\u015ft\u0131r. O g\u00fcn baba ile o\u011ful birbirlerine k\u0131l\u0131\u00e7 sallam\u0131\u015flar ve Eb\u00fb Ubeyde(ra) iman yolunda babas\u0131n\u0131 \u00f6ld\u00fcrmek zorunda kalm\u0131\u015ft\u0131r. O, bu hareketi ile cahiliye insan\u0131n \u00e7ok de\u011fer verdi\u011fi asabiyet ba\u011f\u0131n\u0131 ayaklar alt\u0131na alm\u0131\u015f ve \u0130sl\u00e2m\u2019\u0131n her \u015feyden y\u00fcce oldu\u011funu kan\u0131tlam\u0131\u015ft\u0131r.Eb\u00fb Ubeyde(ra) Kud\u00fcs\u2019\u00fc fetheden komutand\u0131r ve Hz. \u00d6mer(ra) Kud\u00fcs\u2019\u00fcn anahtarlar\u0131n\u0131 almak i\u00e7in oraya gitti\u011finde onun \u00e7ad\u0131r\u0131na girmi\u015f, g\u00f6rd\u00fc\u011f\u00fc manzara kar\u015f\u0131s\u0131nda g\u00f6zya\u015flar\u0131n\u0131 tutamayarak: \u201cEy karde\u015fim! D\u00fcnya seni hi\u00e7 de\u011fi\u015ftiremedi ve de\u011fi\u015ftiremeyecek. Sen d\u00fcnyan\u0131n de\u011fi\u015ftiremedi\u011fi adams\u0131n.\u201d demi\u015ftir. \u00c7\u00fcnk\u00fc \u00fc\u00e7 k\u0131taya yay\u0131lm\u0131\u015f \u0130sl\u00e2m ordular\u0131n\u0131n genel komutan\u0131n\u0131n \u00e7ad\u0131r\u0131nda sadece bir tane ke\u00e7eden d\u00f6\u015fek vard\u0131r. Bizlerin de\u011fi\u015fen g\u00fcndemlerle s\u00fcrekli ruh hali de\u011fi\u015fiyor. Ama insanlar\u0131 ve d\u00fcnyay\u0131 de\u011fi\u015ftirmek i\u00e7in Eb\u00fb Ubeyde(ra) gibi d\u00fcnyan\u0131n de\u011fi\u015ftiremedi\u011fi biri olmak gerekiyor. (Tan\u0131t\u0131m B\u00fclteninden)<\/p>\n","protected":false},"excerpt":{"rendered":"<p>Efendimiz&#8217;in(sav) &#8220;\u00dcmmetin Emini&#8221; buyurdu\u011fu, Hz. \u00d6mer&#8217;in(ra) &#8220;Ya\u015f\u0131yor olsayd\u0131, halife tayin ederdim.&#8221; dedi\u011fi bu kutlu sah\u00e2be, teslimiyet ve emniyet denince akla gelen ilk isimlerdendir. Kendisi iman yolunun<span class=\"excerpt-hellip\"> [\u2026]<\/span><\/p>\n","protected":false},"featured_media":0,"template":"","meta":{"_monsterinsights_skip_tracking":false,"_monsterinsights_sitenote_active":false,"_monsterinsights_sitenote_note":"","_monsterinsights_sitenote_category":0},"product_brand":[],"product_cat":[12718,12719],"product_tag":[],"class_list":{"0":"post-745299","1":"product","2":"type-product","3":"status-publish","5":"product_cat-din","6":"product_cat-islam","7":"pa_cilt-ciltsiz","8":"pa_tur-kitap","9":"pa_yayinevi-timas-yayinlari","10":"pa_yazar-mehmet-yildiz","12":"first","13":"instock","14":"sale","15":"shipping-taxable","16":"purchasable","17":"product-type-simple"},"_links":{"self":[{"href":"https:\/\/roveyayinevi.com.tr\/index.php\/wp-json\/wp\/v2\/product\/745299","targetHints":{"allow":["GET"]}}],"collection":[{"href":"https:\/\/roveyayinevi.com.tr\/index.php\/wp-json\/wp\/v2\/product"}],"about":[{"href":"https:\/\/roveyayinevi.com.tr\/index.php\/wp-json\/wp\/v2\/types\/product"}],"wp:attachment":[{"href":"https:\/\/roveyayinevi.com.tr\/index.php\/wp-json\/wp\/v2\/media?parent=745299"}],"wp:term":[{"taxonomy":"product_brand","embeddable":true,"href":"https:\/\/roveyayinevi.com.tr\/index.php\/wp-json\/wp\/v2\/product_brand?post=745299"},{"taxonomy":"product_cat","embeddable":true,"href":"https:\/\/roveyayinevi.com.tr\/index.php\/wp-json\/wp\/v2\/product_cat?post=745299"},{"taxonomy":"product_tag","embeddable":true,"href":"https:\/\/roveyayinevi.com.tr\/index.php\/wp-json\/wp\/v2\/product_tag?post=745299"}],"curies":[{"name":"wp","href":"https:\/\/api.w.org\/{rel}","templated":true}]}}