{"id":745297,"date":"2025-08-28T02:16:23","date_gmt":"2025-08-27T23:16:23","guid":{"rendered":"https:\/\/roveyayinevi.com.tr\/index.php\/urun\/hz-abdurrahman-bin-avf-r-a-cennetle-mujdeli-10-sahabe\/"},"modified":"2026-04-16T02:57:38","modified_gmt":"2026-04-15T23:57:38","slug":"hz-abdurrahman-bin-avf-r-a-cennetle-mujdeli-10-sahabe","status":"publish","type":"product","link":"https:\/\/roveyayinevi.com.tr\/index.php\/urun\/hz-abdurrahman-bin-avf-r-a-cennetle-mujdeli-10-sahabe\/","title":{"rendered":"Hz.Abdurrahman Bin Avf (R.A) Cennetle M\u00fcjdeli 10 Sahabe"},"content":{"rendered":"<p>\u201cRahm\u00e2n\u2019\u0131n t\u00fcccar\u0131\u201d lakapl\u0131 Abdurrahm\u00e2n b. Avf(ra) ideal bir t\u00fcccar nas\u0131l olunuru bize ya\u015fant\u0131s\u0131 ile \u00f6\u011freten en zengin sahabedir. Kendisi Allah Res\u00fbl\u00fc\u2019ne(sav) namazda imam olma \u015ferefine nail olan ilk ki\u015fidir. Efendimiz(sav) ona \u201cAllah\u2019\u0131m! Abdurrahm\u00e2n\u2019\u0131n i\u015flerini bereketlendir, ona hay\u0131rl\u0131 kazan\u00e7lar nasip et.\u201d diye duada bulunmu\u015f ve hayat\u0131n\u0131n en b\u00fcy\u00fck kazanc\u0131 Res\u00fblullah\u2019tan(sav) ald\u0131\u011f\u0131 bu dua olmu\u015ftur. Abdurrahm\u00e2n ibni Avf(ra) \u00e7ok ciddi bir servete sahiptir ve defalarca mal\u0131n\u0131n tamam\u0131n\u0131 Allah yolunda infak etmi\u015f, elinde avucunda ne varsa vermi\u015ftir. Onun d\u00fcnyay\u0131 b\u00f6yle elinin tersiyle iterek gaye-i hayaline ko\u015fmas\u0131na mukabil Allah onu yine defalarca zirveye \u00e7\u0131kartm\u0131\u015f ve en zenginlerden etmi\u015ftir.Bu d\u00fcnyada zengin olman\u0131n yolu ne \u00e7ok \u00e7al\u0131\u015fmakta ne de h\u0131rsla d\u00fcnyaya sar\u0131lmaktad\u0131r. Tek yol Allah\u2019\u0131n davas\u0131na yard\u0131m etmekte, Hz. Abdurrahm\u00e2n(ra) gibi bir hayat s\u00fcrmektedir. Zira siz Allah yolunda verdi\u011fi i\u00e7in fakir olan g\u00f6rd\u00fcn\u00fcz m\u00fc hi\u00e7?(Tan\u0131t\u0131m B\u00fclteninden)<\/p>\n","protected":false},"excerpt":{"rendered":"<p>\u201cRahm\u00e2n\u2019\u0131n t\u00fcccar\u0131\u201d lakapl\u0131 Abdurrahm\u00e2n b. Avf(ra) ideal bir t\u00fcccar nas\u0131l olunuru bize ya\u015fant\u0131s\u0131 ile \u00f6\u011freten en zengin sahabedir. Kendisi Allah Res\u00fbl\u00fc\u2019ne(sav) namazda imam olma \u015ferefine nail<span class=\"excerpt-hellip\"> [\u2026]<\/span><\/p>\n","protected":false},"featured_media":0,"template":"","meta":{"_monsterinsights_skip_tracking":false,"_monsterinsights_sitenote_active":false,"_monsterinsights_sitenote_note":"","_monsterinsights_sitenote_category":0},"product_brand":[],"product_cat":[12718,12719],"product_tag":[],"class_list":{"0":"post-745297","1":"product","2":"type-product","3":"status-publish","5":"product_cat-din","6":"product_cat-islam","7":"pa_cilt-ciltsiz","8":"pa_tur-kitap","9":"pa_yayinevi-timas-yayinlari","10":"pa_yazar-mehmet-yildiz","12":"first","13":"instock","14":"sale","15":"shipping-taxable","16":"purchasable","17":"product-type-simple"},"_links":{"self":[{"href":"https:\/\/roveyayinevi.com.tr\/index.php\/wp-json\/wp\/v2\/product\/745297","targetHints":{"allow":["GET"]}}],"collection":[{"href":"https:\/\/roveyayinevi.com.tr\/index.php\/wp-json\/wp\/v2\/product"}],"about":[{"href":"https:\/\/roveyayinevi.com.tr\/index.php\/wp-json\/wp\/v2\/types\/product"}],"wp:attachment":[{"href":"https:\/\/roveyayinevi.com.tr\/index.php\/wp-json\/wp\/v2\/media?parent=745297"}],"wp:term":[{"taxonomy":"product_brand","embeddable":true,"href":"https:\/\/roveyayinevi.com.tr\/index.php\/wp-json\/wp\/v2\/product_brand?post=745297"},{"taxonomy":"product_cat","embeddable":true,"href":"https:\/\/roveyayinevi.com.tr\/index.php\/wp-json\/wp\/v2\/product_cat?post=745297"},{"taxonomy":"product_tag","embeddable":true,"href":"https:\/\/roveyayinevi.com.tr\/index.php\/wp-json\/wp\/v2\/product_tag?post=745297"}],"curies":[{"name":"wp","href":"https:\/\/api.w.org\/{rel}","templated":true}]}}