{"id":745296,"date":"2025-08-28T02:16:22","date_gmt":"2025-08-27T23:16:22","guid":{"rendered":"https:\/\/roveyayinevi.com.tr\/index.php\/urun\/hz-sad-bin-ebi-vakkas-r-a-cennetle-mujdeli-10-sahabe\/"},"modified":"2026-04-16T02:57:37","modified_gmt":"2026-04-15T23:57:37","slug":"hz-sad-bin-ebi-vakkas-r-a-cennetle-mujdeli-10-sahabe","status":"publish","type":"product","link":"https:\/\/roveyayinevi.com.tr\/index.php\/urun\/hz-sad-bin-ebi-vakkas-r-a-cennetle-mujdeli-10-sahabe\/","title":{"rendered":"Hz.Sa&#8217;d Bin Ebi Vakkas (R.A) Cennetle M\u00fcjdeli 10 Sahabe"},"content":{"rendered":"<p>\u0130sl\u00e2m ad\u0131na havaya kalkan ilk yumru\u011fun, at\u0131lan ilk okun sahibi olan Hz. Sa\u2019d(ra) harp sevdal\u0131s\u0131, cesaret ve kahramanl\u0131k sahibi biridir. \u00d6yle ki kendisi Uhud\u2019da o g\u00fcne kadar hi\u00e7 kimsenin elde edemeyece\u011fi bir \u015feref elde etmi\u015ftir.Uhud\u2019un en \u00e7etin zaman\u0131nda Efendimiz\u2019in(sav) rub\u00e2i di\u015fleri k\u0131r\u0131ld\u0131, Allah Res\u00fbl\u00fc(sav) kaz\u0131lan \u00e7ukura d\u00fc\u015ft\u00fc, ba\u015f\u0131ndaki mi\u011fferin demir halkalar\u0131 yanaklar\u0131na sapland\u0131 ve her taraftan oklar\u0131n, k\u0131l\u0131\u00e7lar\u0131n, m\u0131zraklar\u0131n muhatab\u0131 oldu. O\u2019nu(sav) koruma ad\u0131na yan\u0131nda olan sahabelerden kimi k\u0131l\u0131\u00e7 sallad\u0131, kimi bedenini Efendimiz\u2019e(sav) kalkan etti. Bu tabloda Sa\u2019d b. Eb\u00ee Vakk\u00e2s(ra) ise Res\u00fblullah\u2019\u0131n(sav) \u00f6n\u00fcne oturdu, en b\u00fcy\u00fck yetene\u011fi olan ok atma maharetini ortaya koydu, eline ald\u0131\u011f\u0131 oklar\u0131 beklemeden d\u00fc\u015fman\u0131n \u00fczerine att\u0131. O att\u0131k\u00e7a Efendimiz(sav) arkadan ona ok uzatt\u0131, Sa\u2019d\u2019\u0131n(ra) her at\u0131\u015f\u0131nda da: \u201cAt! (Ey Sa\u2019d) Anam, babam sana feda olsun.\u201d dedi.Efendimiz(sav) bir had\u00ees-i \u015ferifinde: \u201cB\u00fcy\u00fck cihad: nefsin heva ve hevesine kar\u015f\u0131 yap\u0131lan cihadd\u0131r.\u201d buyurmu\u015ftu. Hz. Sa\u2019d\u2019\u0131n(ra) k\u00fc\u00e7\u00fck cihatta att\u0131\u011f\u0131 oklar ona Res\u00fblullah\u2019\u0131n(sav) r\u0131zas\u0131n\u0131 kazand\u0131rd\u0131. Belki bizim de bu Asr-\u0131 Fel\u00e2ket\u2019te nefsimize att\u0131\u011f\u0131m\u0131z iman oklar\u0131 bize ahirette Res\u00fblullah\u2019\u0131n(sav) r\u0131zas\u0131n\u0131 kazand\u0131r\u0131r. S\u0131rf bu umut i\u00e7in bile Sa\u2019d(ra) gibi ya\u015famaya, nefse kar\u015f\u0131 sava\u015fmaya de\u011fmez mi?(Tan\u0131t\u0131m B\u00fclteninden)<\/p>\n","protected":false},"excerpt":{"rendered":"<p>\u0130sl\u00e2m ad\u0131na havaya kalkan ilk yumru\u011fun, at\u0131lan ilk okun sahibi olan Hz. Sa\u2019d(ra) harp sevdal\u0131s\u0131, cesaret ve kahramanl\u0131k sahibi biridir. \u00d6yle ki kendisi Uhud\u2019da o g\u00fcne<span class=\"excerpt-hellip\"> [\u2026]<\/span><\/p>\n","protected":false},"featured_media":0,"template":"","meta":{"_monsterinsights_skip_tracking":false,"_monsterinsights_sitenote_active":false,"_monsterinsights_sitenote_note":"","_monsterinsights_sitenote_category":0},"product_brand":[],"product_cat":[12718,12719],"product_tag":[],"class_list":{"0":"post-745296","1":"product","2":"type-product","3":"status-publish","5":"product_cat-din","6":"product_cat-islam","7":"pa_cilt-ciltsiz","8":"pa_tur-kitap","9":"pa_yayinevi-timas-yayinlari","10":"pa_yazar-mehmet-yildiz","12":"first","13":"instock","14":"sale","15":"shipping-taxable","16":"purchasable","17":"product-type-simple"},"_links":{"self":[{"href":"https:\/\/roveyayinevi.com.tr\/index.php\/wp-json\/wp\/v2\/product\/745296","targetHints":{"allow":["GET"]}}],"collection":[{"href":"https:\/\/roveyayinevi.com.tr\/index.php\/wp-json\/wp\/v2\/product"}],"about":[{"href":"https:\/\/roveyayinevi.com.tr\/index.php\/wp-json\/wp\/v2\/types\/product"}],"wp:attachment":[{"href":"https:\/\/roveyayinevi.com.tr\/index.php\/wp-json\/wp\/v2\/media?parent=745296"}],"wp:term":[{"taxonomy":"product_brand","embeddable":true,"href":"https:\/\/roveyayinevi.com.tr\/index.php\/wp-json\/wp\/v2\/product_brand?post=745296"},{"taxonomy":"product_cat","embeddable":true,"href":"https:\/\/roveyayinevi.com.tr\/index.php\/wp-json\/wp\/v2\/product_cat?post=745296"},{"taxonomy":"product_tag","embeddable":true,"href":"https:\/\/roveyayinevi.com.tr\/index.php\/wp-json\/wp\/v2\/product_tag?post=745296"}],"curies":[{"name":"wp","href":"https:\/\/api.w.org\/{rel}","templated":true}]}}