{"id":745295,"date":"2025-08-28T02:16:21","date_gmt":"2025-08-27T23:16:21","guid":{"rendered":"https:\/\/roveyayinevi.com.tr\/index.php\/urun\/hz-zubeyr-bin-avvam-r-a-cennetle-mujdeli-10-sahabe\/"},"modified":"2026-04-16T02:57:37","modified_gmt":"2026-04-15T23:57:37","slug":"hz-zubeyr-bin-avvam-r-a-cennetle-mujdeli-10-sahabe","status":"publish","type":"product","link":"https:\/\/roveyayinevi.com.tr\/index.php\/urun\/hz-zubeyr-bin-avvam-r-a-cennetle-mujdeli-10-sahabe\/","title":{"rendered":"Hz.Z\u00fcbeyr Bin Avvam (R.A) Cennetle M\u00fcjdeli 10 Sahabe"},"content":{"rendered":"<p>Yi\u011fitli\u011fi ile aleme nam salm\u0131\u015f, Allah yolunda \u00e7ekilen ilk k\u0131l\u0131c\u0131n sahibi Z\u00fcbeyr b. Avv\u00e2m(ra), iyi bir sava\u015f\u00e7\u0131, korkusuz bir civanmerttir. O, g\u00fcnaha girmemi\u015f bir bedenle iman ile tan\u0131\u015fm\u0131\u015f, kalemler daha yeni kendisi i\u00e7in lehte veya aleyhte yazmaya ba\u015flam\u0131\u015fken nurdan halkaya dahil olmu\u015ftur. Buna ra\u011fmen Allah\u2019\u0131 raz\u0131 etmek i\u00e7in giri\u015filecek hi\u00e7bir m\u00fccadeleden geri durmam\u0131\u015f ve Bedir\u2019de m\u00fc\u015friklerin korkulu r\u00fcyas\u0131, Uhud\u2019da Allah Res\u00fbl\u00fc\u2019n\u00fc(sav) savunan bir k\u0131l\u0131\u00e7, Hendek\u2019te Ahz\u00e2b ordular\u0131n\u0131 da\u011f\u0131tan ve Hayber\u2019de Yahudi kalelerini deviren yi\u011fit olmu\u015ftur.O ya\u015farken cennet ile m\u00fcjdelenmesine ra\u011fmen b\u00fct\u00fcn \u00f6mr\u00fcn\u00fc cehd ve gayretle ge\u00e7irmi\u015f ama bizler b\u00f6yle bir m\u00fcjde almamam\u0131za ra\u011fmen cennet garantiliymi\u015fiz gibi bir hayat ya\u015f\u0131yoruz. Allah\u2019\u0131m! Bizlerin do\u011fru bildi\u011fimiz e\u011fri ya\u015fant\u0131lar\u0131m\u0131z\u0131 d\u00fczeltmemiz i\u00e7in Z\u00fcbeyr\u2019in(ra) gayreti ile gayretlenmeye \u00e7ok ihtiyac\u0131m\u0131z var. Sen(cc) nasip et\u2026(Tan\u0131t\u0131m B\u00fclteninden)<\/p>\n","protected":false},"excerpt":{"rendered":"<p>Yi\u011fitli\u011fi ile aleme nam salm\u0131\u015f, Allah yolunda \u00e7ekilen ilk k\u0131l\u0131c\u0131n sahibi Z\u00fcbeyr b. Avv\u00e2m(ra), iyi bir sava\u015f\u00e7\u0131, korkusuz bir civanmerttir. O, g\u00fcnaha girmemi\u015f bir bedenle iman<span class=\"excerpt-hellip\"> [\u2026]<\/span><\/p>\n","protected":false},"featured_media":0,"template":"","meta":{"_monsterinsights_skip_tracking":false,"_monsterinsights_sitenote_active":false,"_monsterinsights_sitenote_note":"","_monsterinsights_sitenote_category":0},"product_brand":[],"product_cat":[12718,12719],"product_tag":[],"class_list":{"0":"post-745295","1":"product","2":"type-product","3":"status-publish","5":"product_cat-din","6":"product_cat-islam","7":"pa_cilt-ciltsiz","8":"pa_tur-kitap","9":"pa_yayinevi-timas-yayinlari","10":"pa_yazar-mehmet-yildiz","12":"first","13":"instock","14":"sale","15":"shipping-taxable","16":"purchasable","17":"product-type-simple"},"_links":{"self":[{"href":"https:\/\/roveyayinevi.com.tr\/index.php\/wp-json\/wp\/v2\/product\/745295","targetHints":{"allow":["GET"]}}],"collection":[{"href":"https:\/\/roveyayinevi.com.tr\/index.php\/wp-json\/wp\/v2\/product"}],"about":[{"href":"https:\/\/roveyayinevi.com.tr\/index.php\/wp-json\/wp\/v2\/types\/product"}],"wp:attachment":[{"href":"https:\/\/roveyayinevi.com.tr\/index.php\/wp-json\/wp\/v2\/media?parent=745295"}],"wp:term":[{"taxonomy":"product_brand","embeddable":true,"href":"https:\/\/roveyayinevi.com.tr\/index.php\/wp-json\/wp\/v2\/product_brand?post=745295"},{"taxonomy":"product_cat","embeddable":true,"href":"https:\/\/roveyayinevi.com.tr\/index.php\/wp-json\/wp\/v2\/product_cat?post=745295"},{"taxonomy":"product_tag","embeddable":true,"href":"https:\/\/roveyayinevi.com.tr\/index.php\/wp-json\/wp\/v2\/product_tag?post=745295"}],"curies":[{"name":"wp","href":"https:\/\/api.w.org\/{rel}","templated":true}]}}