{"id":745294,"date":"2025-08-28T02:16:20","date_gmt":"2025-08-27T23:16:20","guid":{"rendered":"https:\/\/roveyayinevi.com.tr\/index.php\/urun\/hz-talha-bin-ubeydullah-r-a-cennetle-mujdeli-10-sahabe\/"},"modified":"2026-04-15T03:07:53","modified_gmt":"2026-04-15T00:07:53","slug":"hz-talha-bin-ubeydullah-r-a-cennetle-mujdeli-10-sahabe","status":"publish","type":"product","link":"https:\/\/roveyayinevi.com.tr\/index.php\/urun\/hz-talha-bin-ubeydullah-r-a-cennetle-mujdeli-10-sahabe\/","title":{"rendered":"Hz.Talha Bin Ubeydullah (R.A) Cennetle M\u00fcjdeli 10 Sahabe"},"content":{"rendered":"<p>\u201cAkasya a\u011fac\u0131\u201d anlam\u0131na gelen Talha(ra) ayn\u0131 bu a\u011fa\u00e7 gibi \u00f6yle bereketlidir ki, her neyi varsa her \u015feyini Allah yoluna vermi\u015f, mal\u0131ndan, can\u0131ndan \u0130sl\u00e2m i\u00e7in istifade edilmi\u015ftir. O, Uhud\u2019da Allah Res\u00fbl\u00fc\u2019ne(sav) gelecek tehlikelere kar\u015f\u0131 v\u00fccudunu siper etmi\u015f, bedeninde yara almad\u0131k hi\u00e7bir yer kalmam\u0131\u015ft\u0131r. Ama t\u00fcm ac\u0131lara ra\u011fmen Efendimiz\u2019i(sav) sava\u015f meydan\u0131ndan uzakla\u015ft\u0131rmak i\u00e7in s\u0131rt\u0131nda yine o ta\u015f\u0131m\u0131\u015ft\u0131r. Bir ara Res\u00fblullah(sav) bir kayan\u0131n \u00fcst\u00fcne \u00e7\u0131kmakta zorlan\u0131nca Talha(ra) bu sefer de \u00f6n\u00fcne diz \u00e7\u00f6kerek \u201cBas ya Res\u00fblullah(sav)! S\u0131rt\u0131ma bas ve yukar\u0131 \u00e7\u0131k!\u201d demi\u015ftir. Talha\u2019n\u0131n(ra) bu davran\u0131\u015f\u0131 Res\u00fblullah\u2019\u0131(sav) \u00f6yle memnun etmi\u015ftir ki Efendimiz(sav): \u201cTalha\u2019ya cennet vacip oldu!\u201d buyurmu\u015ftur. \u0130lk m\u00fcjdeyi burada alan Talha(ra) bir di\u011fer m\u00fcjdeyi de Uhud\u2019dan birka\u00e7 sene sonra Efendimiz(sav) hutbe irad ederken alm\u0131\u015ft\u0131r. Res\u00fblullah(sav) hutbede \u015fehitlerden bahsederken \u201cYery\u00fcz\u00fcnde ya\u015fayan bir \u015fehit g\u00f6rmek isteyen Talha b. Ubeydullah\u2019a baks\u0131n.\u201d demi\u015ftir.O daha \u00f6lmeden \u015fehitlikle m\u00fcjdelenmi\u015f \u00e7\u00fcnk\u00fc onun ya\u015fant\u0131s\u0131 \u015fehitli\u011fine \u015fahitlik etmi\u015ftir. \u00d6yleyse bizim ya\u015fant\u0131lar\u0131m\u0131z\u0131n da iman\u0131m\u0131za \u015fahit k\u0131l\u0131nmas\u0131 i\u00e7in Talha(ra) gibi olmam\u0131z icap ediyor. (Tan\u0131t\u0131m B\u00fclteninden)<\/p>\n","protected":false},"excerpt":{"rendered":"<p>\u201cAkasya a\u011fac\u0131\u201d anlam\u0131na gelen Talha(ra) ayn\u0131 bu a\u011fa\u00e7 gibi \u00f6yle bereketlidir ki, her neyi varsa her \u015feyini Allah yoluna vermi\u015f, mal\u0131ndan, can\u0131ndan \u0130sl\u00e2m i\u00e7in istifade edilmi\u015ftir.<span class=\"excerpt-hellip\"> [\u2026]<\/span><\/p>\n","protected":false},"featured_media":0,"template":"","meta":{"_monsterinsights_skip_tracking":false,"_monsterinsights_sitenote_active":false,"_monsterinsights_sitenote_note":"","_monsterinsights_sitenote_category":0},"product_brand":[],"product_cat":[12718,12719],"product_tag":[],"class_list":{"0":"post-745294","1":"product","2":"type-product","3":"status-publish","5":"product_cat-din","6":"product_cat-islam","7":"pa_cilt-ciltsiz","8":"pa_tur-kitap","9":"pa_yayinevi-timas-yayinlari","10":"pa_yazar-mehmet-yildiz","12":"first","13":"instock","14":"sale","15":"shipping-taxable","16":"purchasable","17":"product-type-simple"},"_links":{"self":[{"href":"https:\/\/roveyayinevi.com.tr\/index.php\/wp-json\/wp\/v2\/product\/745294","targetHints":{"allow":["GET"]}}],"collection":[{"href":"https:\/\/roveyayinevi.com.tr\/index.php\/wp-json\/wp\/v2\/product"}],"about":[{"href":"https:\/\/roveyayinevi.com.tr\/index.php\/wp-json\/wp\/v2\/types\/product"}],"wp:attachment":[{"href":"https:\/\/roveyayinevi.com.tr\/index.php\/wp-json\/wp\/v2\/media?parent=745294"}],"wp:term":[{"taxonomy":"product_brand","embeddable":true,"href":"https:\/\/roveyayinevi.com.tr\/index.php\/wp-json\/wp\/v2\/product_brand?post=745294"},{"taxonomy":"product_cat","embeddable":true,"href":"https:\/\/roveyayinevi.com.tr\/index.php\/wp-json\/wp\/v2\/product_cat?post=745294"},{"taxonomy":"product_tag","embeddable":true,"href":"https:\/\/roveyayinevi.com.tr\/index.php\/wp-json\/wp\/v2\/product_tag?post=745294"}],"curies":[{"name":"wp","href":"https:\/\/api.w.org\/{rel}","templated":true}]}}