{"id":745293,"date":"2025-08-28T02:16:19","date_gmt":"2025-08-27T23:16:19","guid":{"rendered":"https:\/\/roveyayinevi.com.tr\/index.php\/urun\/hz-ali-r-a-cennetle-mujdeli-10-sahabe\/"},"modified":"2026-04-16T02:57:37","modified_gmt":"2026-04-15T23:57:37","slug":"hz-ali-r-a-cennetle-mujdeli-10-sahabe","status":"publish","type":"product","link":"https:\/\/roveyayinevi.com.tr\/index.php\/urun\/hz-ali-r-a-cennetle-mujdeli-10-sahabe\/","title":{"rendered":"Hz.Ali (R.A) Cennetle M\u00fcjdeli 10 Sahabe"},"content":{"rendered":"<p>Efendimiz\u2019in(sav) vefat\u0131ndan sonra Eb\u00fb H\u00e2le(ra) Hz. Ali(ra) i\u00e7in \u015f\u00f6yle s\u00f6ylemi\u015ftir: \u201cYoksa siz hissetmiyor musunuz? Bak\u0131n Ali\u2019den, Res\u00fblullah\u2019\u0131n(sav) kokusu geliyor!\u201d Allah Res\u00fbl\u00fc(sav) ne zaman \u201cAllah\u2019a giden yolda bana kim yard\u0131mc\u0131 olacak?\u201d dese, Hz. Ali(ra) elini kald\u0131rm\u0131\u015f ve \u201cBen var\u0131m ya Res\u00fblullah(sav)!\u201d demi\u015ftir. Kendisi risalet davas\u0131n\u0131n inmeyen eli, \u201cEmrolundu\u011fun gibi dosdo\u011fru ol.\u201d ayetinin en g\u00fczel temsilcilerinden biridir. Bu b\u00fcy\u00fck \u0130sl\u00e2m insan\u0131 hem ilmin kap\u0131s\u0131, hem vahiy katibi, hem kabiliyetli komutan, hem Kur\u2019\u00e2n\u2019\u0131 \u00e7ok iyi anlayan ve yorumlayan bir m\u00fcfessir, hem h\u00fck\u00fcm vermede emsalsiz bir kad\u0131d\u0131r. T\u00fcm bunlar\u0131n yan\u0131nda Bedir\u2019in 313 aslan\u0131ndan biri, Hendek\u2019in Haydar-\u0131 Kerr\u00e2r\u2019\u0131, Uhud\u2019un korkusuz yi\u011fidi, \u201cAli gibi gen\u00e7, Z\u00fclfikar gibi k\u0131l\u0131\u00e7 yoktur.\u201d \u00f6vg\u00fcs\u00fcn\u00fcn sahibidir.Peki biz bu davan\u0131n neresindeyiz? Bizim ellerimiz de \u0130sl\u00e2m i\u00e7in bir vazife oldu\u011funda \u201cBen var\u0131m!\u201d diye kalk\u0131yor mu? Hayatlar\u0131m\u0131z t\u0131pk\u0131 Hz. Ali\u2019nin(ra) hayat\u0131 gibi emrolundu\u011fumuz \u00fczere mi? Yoksa ondan Res\u00fblullah\u2019\u0131n(sav) kokusu gelirken bizden d\u00fcnyan\u0131n kokusu mu geliyor?(Tan\u0131t\u0131m B\u00fclteninden)<\/p>\n","protected":false},"excerpt":{"rendered":"<p>Efendimiz\u2019in(sav) vefat\u0131ndan sonra Eb\u00fb H\u00e2le(ra) Hz. Ali(ra) i\u00e7in \u015f\u00f6yle s\u00f6ylemi\u015ftir: \u201cYoksa siz hissetmiyor musunuz? Bak\u0131n Ali\u2019den, Res\u00fblullah\u2019\u0131n(sav) kokusu geliyor!\u201d Allah Res\u00fbl\u00fc(sav) ne zaman \u201cAllah\u2019a giden yolda<span class=\"excerpt-hellip\"> [\u2026]<\/span><\/p>\n","protected":false},"featured_media":0,"template":"","meta":{"_monsterinsights_skip_tracking":false,"_monsterinsights_sitenote_active":false,"_monsterinsights_sitenote_note":"","_monsterinsights_sitenote_category":0},"product_brand":[],"product_cat":[12718,12719],"product_tag":[],"class_list":{"0":"post-745293","1":"product","2":"type-product","3":"status-publish","5":"product_cat-din","6":"product_cat-islam","7":"pa_cilt-ciltsiz","8":"pa_tur-kitap","9":"pa_yayinevi-timas-yayinlari","10":"pa_yazar-mehmet-yildiz","12":"first","13":"instock","14":"sale","15":"shipping-taxable","16":"purchasable","17":"product-type-simple"},"_links":{"self":[{"href":"https:\/\/roveyayinevi.com.tr\/index.php\/wp-json\/wp\/v2\/product\/745293","targetHints":{"allow":["GET"]}}],"collection":[{"href":"https:\/\/roveyayinevi.com.tr\/index.php\/wp-json\/wp\/v2\/product"}],"about":[{"href":"https:\/\/roveyayinevi.com.tr\/index.php\/wp-json\/wp\/v2\/types\/product"}],"wp:attachment":[{"href":"https:\/\/roveyayinevi.com.tr\/index.php\/wp-json\/wp\/v2\/media?parent=745293"}],"wp:term":[{"taxonomy":"product_brand","embeddable":true,"href":"https:\/\/roveyayinevi.com.tr\/index.php\/wp-json\/wp\/v2\/product_brand?post=745293"},{"taxonomy":"product_cat","embeddable":true,"href":"https:\/\/roveyayinevi.com.tr\/index.php\/wp-json\/wp\/v2\/product_cat?post=745293"},{"taxonomy":"product_tag","embeddable":true,"href":"https:\/\/roveyayinevi.com.tr\/index.php\/wp-json\/wp\/v2\/product_tag?post=745293"}],"curies":[{"name":"wp","href":"https:\/\/api.w.org\/{rel}","templated":true}]}}