{"id":745292,"date":"2025-08-28T02:16:18","date_gmt":"2025-08-27T23:16:18","guid":{"rendered":"https:\/\/roveyayinevi.com.tr\/index.php\/urun\/hz-osman-r-a-cennetle-mujdeli-10-sahabe\/"},"modified":"2026-04-16T02:57:37","modified_gmt":"2026-04-15T23:57:37","slug":"hz-osman-r-a-cennetle-mujdeli-10-sahabe","status":"publish","type":"product","link":"https:\/\/roveyayinevi.com.tr\/index.php\/urun\/hz-osman-r-a-cennetle-mujdeli-10-sahabe\/","title":{"rendered":"Hz.Osman (R.A) Cennetle M\u00fcjdeli 10 Sahabe"},"content":{"rendered":"<p>Can\u0131n\u0131 Allah yolunda sarf etti\u011fi gibi can\u0131n\u0131n yongas\u0131 mal\u0131n\u0131 da defalarca Allah\u2019\u0131n davas\u0131 i\u00e7in veren Hz. Osman(ra) Mekke\u2019nin soylu \u015fahsiyeti, \u0130sl\u00e2m\u2019\u0131n zeki t\u00fcccar\u0131d\u0131r. \u0130nfaka doymayan bu g\u00fczide sahabe Teb\u00fck Seferi\u2019ndeki zorluk ordusunun donat\u0131c\u0131s\u0131d\u0131r. Kendisi Peygamber(sav) evine iki kez damat olma \u015ferefine nail olmu\u015f ve \u201cZinn\u00fbreyn \/ \u0130ki nur sahibi\u201d lakab\u0131n\u0131 alm\u0131\u015ft\u0131r. \u00c7ok g\u00fczel yaz\u0131 yazan bir vahiy katibi olan Hz. Osman(ra) ayn\u0131 zamanda \u00e7ok da g\u00fczel konu\u015fur. Hatta tal\u00e2kat denilen g\u00fczel konu\u015fma sanat\u0131n\u0131n ondan tevar\u00fcs etti\u011fi s\u00f6ylenmektedir. Allah Res\u00fbl\u00fc\u2019n\u00fcn(sav) ikinci Y\u00fbsuf(as) olarak nitelendirdi\u011fi bu e\u015fsiz g\u00fczellik, g\u00fczelli\u011finin yan\u0131nda son derece de iffet sahibidir. Onun i\u00e7in kendisinden de\u011fil insanlar melekler bile hay\u00e2 etmi\u015ftir.G\u00fcn\u00fcm\u00fczde hay\u00e2s\u0131zl\u0131\u011f\u0131n kol gezdi\u011fi sokaklarda senin iffetine; menfaatin, yalan\u0131n ve faizin az\u0131k edinildi\u011fi ticarette senin kolayl\u0131\u011f\u0131na, do\u011frulu\u011funa ve tevekk\u00fcl\u00fcne her \u015feyden \u00e7ok ihtiyac\u0131m\u0131z var Ey Osman(ra)! (Tan\u0131t\u0131m B\u00fclteninden)<\/p>\n","protected":false},"excerpt":{"rendered":"<p>Can\u0131n\u0131 Allah yolunda sarf etti\u011fi gibi can\u0131n\u0131n yongas\u0131 mal\u0131n\u0131 da defalarca Allah\u2019\u0131n davas\u0131 i\u00e7in veren Hz. Osman(ra) Mekke\u2019nin soylu \u015fahsiyeti, \u0130sl\u00e2m\u2019\u0131n zeki t\u00fcccar\u0131d\u0131r. \u0130nfaka doymayan bu<span class=\"excerpt-hellip\"> [\u2026]<\/span><\/p>\n","protected":false},"featured_media":0,"template":"","meta":{"_monsterinsights_skip_tracking":false,"_monsterinsights_sitenote_active":false,"_monsterinsights_sitenote_note":"","_monsterinsights_sitenote_category":0},"product_brand":[],"product_cat":[12718,12719],"product_tag":[],"class_list":{"0":"post-745292","1":"product","2":"type-product","3":"status-publish","5":"product_cat-din","6":"product_cat-islam","7":"pa_cilt-ciltsiz","8":"pa_tur-kitap","9":"pa_yayinevi-timas-yayinlari","10":"pa_yazar-mehmet-yildiz","12":"first","13":"instock","14":"sale","15":"shipping-taxable","16":"purchasable","17":"product-type-simple"},"_links":{"self":[{"href":"https:\/\/roveyayinevi.com.tr\/index.php\/wp-json\/wp\/v2\/product\/745292","targetHints":{"allow":["GET"]}}],"collection":[{"href":"https:\/\/roveyayinevi.com.tr\/index.php\/wp-json\/wp\/v2\/product"}],"about":[{"href":"https:\/\/roveyayinevi.com.tr\/index.php\/wp-json\/wp\/v2\/types\/product"}],"wp:attachment":[{"href":"https:\/\/roveyayinevi.com.tr\/index.php\/wp-json\/wp\/v2\/media?parent=745292"}],"wp:term":[{"taxonomy":"product_brand","embeddable":true,"href":"https:\/\/roveyayinevi.com.tr\/index.php\/wp-json\/wp\/v2\/product_brand?post=745292"},{"taxonomy":"product_cat","embeddable":true,"href":"https:\/\/roveyayinevi.com.tr\/index.php\/wp-json\/wp\/v2\/product_cat?post=745292"},{"taxonomy":"product_tag","embeddable":true,"href":"https:\/\/roveyayinevi.com.tr\/index.php\/wp-json\/wp\/v2\/product_tag?post=745292"}],"curies":[{"name":"wp","href":"https:\/\/api.w.org\/{rel}","templated":true}]}}