{"id":745291,"date":"2025-08-28T02:16:17","date_gmt":"2025-08-27T23:16:17","guid":{"rendered":"https:\/\/roveyayinevi.com.tr\/index.php\/urun\/hz-omer-r-a-cennetle-mujdeli-10-sahabe\/"},"modified":"2026-04-16T02:57:37","modified_gmt":"2026-04-15T23:57:37","slug":"hz-omer-r-a-cennetle-mujdeli-10-sahabe","status":"publish","type":"product","link":"https:\/\/roveyayinevi.com.tr\/index.php\/urun\/hz-omer-r-a-cennetle-mujdeli-10-sahabe\/","title":{"rendered":"Hz.\u00d6mer (R.A) Cennetle M\u00fcjdeli 10 Sahabe"},"content":{"rendered":"<p>\u201cMucize istersen e\u011fer \u0130sl\u00e2m\u2019dan \u00f6nce \u00d6mer \u0130sl\u00e2m\u2019dan sonra \u00d6mer!\u201d \u00f6vg\u00fcs\u00fcn\u00fcn sahibi olan Hz. \u00d6mer(ra) yaln\u0131z dostlar\u0131n\u0131 kendisine hayran b\u0131rakmakla kalmam\u0131\u015f d\u00fc\u015fmanlar\u0131n\u0131 bile hayran b\u0131rakm\u0131\u015ft\u0131r. Kendisi hilafeti zaman\u0131nda \u0130sl\u00e2m\u2019\u0131 \u00fc\u00e7 k\u0131taya birden ta\u015f\u0131m\u0131\u015f, sosyal ve k\u00fclt\u00fcrel hayattaki ilklerin ve yeniliklerin \u00f6nc\u00fcs\u00fc olmu\u015ftur. Efendimiz\u2019in(sav), \u201c\u00d6mer\u00fc\u2019l-F\u00e2r\u00fbk\u201d olarak vas\u0131fland\u0131rd\u0131\u011f\u0131 bu e\u015fsiz \u015fahsiyet \u0130sl\u00e2m ile \u015fereflendi\u011fi andan itibaren hakk\u0131 b\u00e2t\u0131ldan, iman\u0131 ink\u00e2rdan, hidayeti dalaletten, adaleti zul\u00fcmden, hayr\u0131 \u015ferden ay\u0131rm\u0131\u015f ve \u0130sl\u00e2m\u2019daki adaletin yery\u00fcz\u00fcndeki tecellisi olmu\u015ftur. \u00d6mer\u2019in(ra) \u00f6lmesiyle adaletin de \u00f6ld\u00fc\u011f\u00fc bu Asr-\u0131 Fel\u00e2ket\u2019te onun hayat\u0131n\u0131 kendi hayat\u0131m\u0131za d\u00fcstur edinerek kaybetti\u011fimiz de\u011ferleri yeniden diriltmeye \u00e7ok ihtiyac\u0131m\u0131z var. (Tan\u0131t\u0131m B\u00fclteninden)<\/p>\n","protected":false},"excerpt":{"rendered":"<p>\u201cMucize istersen e\u011fer \u0130sl\u00e2m\u2019dan \u00f6nce \u00d6mer \u0130sl\u00e2m\u2019dan sonra \u00d6mer!\u201d \u00f6vg\u00fcs\u00fcn\u00fcn sahibi olan Hz. \u00d6mer(ra) yaln\u0131z dostlar\u0131n\u0131 kendisine hayran b\u0131rakmakla kalmam\u0131\u015f d\u00fc\u015fmanlar\u0131n\u0131 bile hayran b\u0131rakm\u0131\u015ft\u0131r. Kendisi hilafeti<span class=\"excerpt-hellip\"> [\u2026]<\/span><\/p>\n","protected":false},"featured_media":0,"template":"","meta":{"_monsterinsights_skip_tracking":false,"_monsterinsights_sitenote_active":false,"_monsterinsights_sitenote_note":"","_monsterinsights_sitenote_category":0},"product_brand":[],"product_cat":[12718,12719],"product_tag":[],"class_list":{"0":"post-745291","1":"product","2":"type-product","3":"status-publish","5":"product_cat-din","6":"product_cat-islam","7":"pa_cilt-ciltsiz","8":"pa_tur-kitap","9":"pa_yayinevi-timas-yayinlari","10":"pa_yazar-mehmet-yildiz","12":"first","13":"instock","14":"sale","15":"shipping-taxable","16":"purchasable","17":"product-type-simple"},"_links":{"self":[{"href":"https:\/\/roveyayinevi.com.tr\/index.php\/wp-json\/wp\/v2\/product\/745291","targetHints":{"allow":["GET"]}}],"collection":[{"href":"https:\/\/roveyayinevi.com.tr\/index.php\/wp-json\/wp\/v2\/product"}],"about":[{"href":"https:\/\/roveyayinevi.com.tr\/index.php\/wp-json\/wp\/v2\/types\/product"}],"wp:attachment":[{"href":"https:\/\/roveyayinevi.com.tr\/index.php\/wp-json\/wp\/v2\/media?parent=745291"}],"wp:term":[{"taxonomy":"product_brand","embeddable":true,"href":"https:\/\/roveyayinevi.com.tr\/index.php\/wp-json\/wp\/v2\/product_brand?post=745291"},{"taxonomy":"product_cat","embeddable":true,"href":"https:\/\/roveyayinevi.com.tr\/index.php\/wp-json\/wp\/v2\/product_cat?post=745291"},{"taxonomy":"product_tag","embeddable":true,"href":"https:\/\/roveyayinevi.com.tr\/index.php\/wp-json\/wp\/v2\/product_tag?post=745291"}],"curies":[{"name":"wp","href":"https:\/\/api.w.org\/{rel}","templated":true}]}}