{"id":745290,"date":"2025-08-28T02:16:16","date_gmt":"2025-08-27T23:16:16","guid":{"rendered":"https:\/\/roveyayinevi.com.tr\/index.php\/urun\/hz-ebu-bekir-r-a-cennetle-mujdeli-10-sahabe\/"},"modified":"2026-04-16T02:57:37","modified_gmt":"2026-04-15T23:57:37","slug":"hz-ebu-bekir-r-a-cennetle-mujdeli-10-sahabe","status":"publish","type":"product","link":"https:\/\/roveyayinevi.com.tr\/index.php\/urun\/hz-ebu-bekir-r-a-cennetle-mujdeli-10-sahabe\/","title":{"rendered":"Hz.Ebu Bekir (R.A) Cennetle M\u00fcjdeli 10 Sahabe"},"content":{"rendered":"<p>Her peygamber muhatap oldu\u011fu insanlar\u0131n hassasiyetlerine g\u00f6re \u00e7e\u015fitli mucizeler g\u00f6stermi\u015ftir. \u015e\u00fcphesiz ki Efendimiz\u2019in(sav) en b\u00fcy\u00fck mucizesi Kur\u2019\u00e2n, Kur\u2019\u00e2n\u2019\u0131n en b\u00fcy\u00fck mucizesi sah\u00e2be, sah\u00e2benin en b\u00fcy\u00fck mucizesi ise Hz. Eb\u00fb Bekir\u2019dir(ra). O Kur\u2019\u00e2n\u2019\u0131n insan yeti\u015ftirme mucizesinin yery\u00fcz\u00fcnde v\u00fccut bulmu\u015f halidir. 63 y\u0131ll\u0131k bereketli hayat\u0131n sahibi, tam bir teslimiyet, sadakat ve celadet abidesi olan bu g\u00fczide \u015fahsiyet, Efendimiz\u2019in(sav) arkas\u0131nda namaz k\u0131ld\u0131\u011f\u0131 iki ki\u015fiden biridir. O, Res\u00fblullah\u2019\u0131n(sav) vefat\u0131ndan sonra sah\u00e2beleri da\u011f gibi ayakta tutan, O\u2019nun(sav) vefat\u0131ndan sonra b\u00fct\u00fcn m\u00fc\u015fk\u00fcl meseleleri son derece kolayl\u0131kla \u00e7\u00f6z\u00fcme kavu\u015fturan, Mi\u2019rac hadisesinde \u201cO(sav) s\u00f6yl\u00fcyorsa do\u011frudur!\u201d s\u00f6z\u00fcn\u00fc s\u00f6yledi\u011fi i\u00e7in, k\u0131yamete kadar \u201cEb\u00fb Bekir-i S\u0131dd\u00eek\u201d diye an\u0131lacak oland\u0131r.\u0130nsanlar\u0131n sadakatlerinden ve samimiyetlerinden fazlaca \u015f\u00fcphe duydu\u011fumuz bu as\u0131rda senin her y\u00f6n\u00fcyle Allah r\u0131zas\u0131 i\u00e7in kurmu\u015f oldu\u011fun halis dostluk ahlak\u0131na hasretiz ya Eb\u00fb Bekir(ra)! \u00c7\u00fcnk\u00fc bu devirde insanlar dostlu\u011fun, karde\u015fli\u011fin, vefan\u0131n da bir sadakat oldu\u011funu bilmiyorlar.  (Tan\u0131t\u0131m B\u00fclteninden)<\/p>\n","protected":false},"excerpt":{"rendered":"<p>Her peygamber muhatap oldu\u011fu insanlar\u0131n hassasiyetlerine g\u00f6re \u00e7e\u015fitli mucizeler g\u00f6stermi\u015ftir. \u015e\u00fcphesiz ki Efendimiz\u2019in(sav) en b\u00fcy\u00fck mucizesi Kur\u2019\u00e2n, Kur\u2019\u00e2n\u2019\u0131n en b\u00fcy\u00fck mucizesi sah\u00e2be, sah\u00e2benin en b\u00fcy\u00fck mucizesi<span class=\"excerpt-hellip\"> [\u2026]<\/span><\/p>\n","protected":false},"featured_media":0,"template":"","meta":{"_monsterinsights_skip_tracking":false,"_monsterinsights_sitenote_active":false,"_monsterinsights_sitenote_note":"","_monsterinsights_sitenote_category":0},"product_brand":[],"product_cat":[12718,12719],"product_tag":[],"class_list":{"0":"post-745290","1":"product","2":"type-product","3":"status-publish","5":"product_cat-din","6":"product_cat-islam","7":"pa_cilt-ciltsiz","8":"pa_tur-kitap","9":"pa_yayinevi-timas-yayinlari","10":"pa_yazar-mehmet-yildiz","12":"first","13":"instock","14":"sale","15":"shipping-taxable","16":"purchasable","17":"product-type-simple"},"_links":{"self":[{"href":"https:\/\/roveyayinevi.com.tr\/index.php\/wp-json\/wp\/v2\/product\/745290","targetHints":{"allow":["GET"]}}],"collection":[{"href":"https:\/\/roveyayinevi.com.tr\/index.php\/wp-json\/wp\/v2\/product"}],"about":[{"href":"https:\/\/roveyayinevi.com.tr\/index.php\/wp-json\/wp\/v2\/types\/product"}],"wp:attachment":[{"href":"https:\/\/roveyayinevi.com.tr\/index.php\/wp-json\/wp\/v2\/media?parent=745290"}],"wp:term":[{"taxonomy":"product_brand","embeddable":true,"href":"https:\/\/roveyayinevi.com.tr\/index.php\/wp-json\/wp\/v2\/product_brand?post=745290"},{"taxonomy":"product_cat","embeddable":true,"href":"https:\/\/roveyayinevi.com.tr\/index.php\/wp-json\/wp\/v2\/product_cat?post=745290"},{"taxonomy":"product_tag","embeddable":true,"href":"https:\/\/roveyayinevi.com.tr\/index.php\/wp-json\/wp\/v2\/product_tag?post=745290"}],"curies":[{"name":"wp","href":"https:\/\/api.w.org\/{rel}","templated":true}]}}