{"id":745289,"date":"2025-08-28T02:16:14","date_gmt":"2025-08-27T23:16:14","guid":{"rendered":"https:\/\/roveyayinevi.com.tr\/index.php\/urun\/kaza-geliyorum-der\/"},"modified":"2026-04-16T02:57:37","modified_gmt":"2026-04-15T23:57:37","slug":"kaza-geliyorum-der","status":"publish","type":"product","link":"https:\/\/roveyayinevi.com.tr\/index.php\/urun\/kaza-geliyorum-der\/","title":{"rendered":"Kaza Geliyorum Der"},"content":{"rendered":"<p>\u201cKaza geliyorum demez\u201d dilimize pelesenk olmu\u015f, halk aras\u0131nda \u00e7ok yayg\u0131nla\u015fm\u0131\u015f bir deyim. Asl\u0131nda \u201cKaza geliyorum der\u201d ama biz bunu duymay\u0131z, g\u00f6rmezden geliriz.   G\u00fcn i\u00e7inde tela\u015fla ve ko\u015fturmacayla ge\u00e7en hayatlar\u0131m\u0131z, acele verdi\u011fimiz bir karar, ihmalk\u00e2r bir davran\u0131\u015f y\u00fcz\u00fcnden bizi sevdiklerimizden kopartabilir. Her g\u00fcn y\u00fczlerce kaza asl\u0131nda bildi\u011fimiz ama bir tedbir al\u0131p uygulamad\u0131\u011f\u0131m\u0131z eylemlerden dolay\u0131 ya\u015fan\u0131yor. Evde, okulda, i\u015f yerinde alaca\u011f\u0131m\u0131z en ufak bir tedbir bizi olas\u0131 kazalardan koruyacak ve sevdiklerimizden koparmayacakt\u0131r.   Yazar, \u00e2deta kaleme ald\u0131\u011f\u0131 \u00f6yk\u00fcleriyle bu ger\u00e7e\u011fi bize ya\u015fatarak g\u00f6steriyor. Asl\u0131nda \u00e7evreden duydu\u011fumuz ve hi\u00e7 yabanc\u0131s\u0131 olmad\u0131\u011f\u0131m\u0131z hik\u00e2yelerin kap\u0131lar\u0131n\u0131 ard\u0131na kadar a\u00e7\u0131yor. \u015eu ana kadar g\u00f6zden ka\u00e7\u0131rd\u0131\u011f\u0131m\u0131z k\u00fc\u00e7\u00fck ve basit bir tedbirle kazalardan, \u00e7evremizdeki tehlikelerden nas\u0131l korunaca\u011f\u0131m\u0131z\u0131, ka\u00e7\u0131naca\u011f\u0131m\u0131z\u0131 etkileyici bir \u00fcslupla okuyucusuna sunuyor. Sonu ac\u0131 biten hayatlar\u0131n ger\u00e7ek\u00e7i bir \u00fcslupla kaleme al\u0131nd\u0131\u011f\u0131 kitaptan ders \u00e7\u0131karmak da okuyucuya d\u00fc\u015f\u00fcyor. <\/p>\n","protected":false},"excerpt":{"rendered":"<p>\u201cKaza geliyorum demez\u201d dilimize pelesenk olmu\u015f, halk aras\u0131nda \u00e7ok yayg\u0131nla\u015fm\u0131\u015f bir deyim. Asl\u0131nda \u201cKaza geliyorum der\u201d ama biz bunu duymay\u0131z, g\u00f6rmezden geliriz. G\u00fcn i\u00e7inde tela\u015fla ve<span class=\"excerpt-hellip\"> [\u2026]<\/span><\/p>\n","protected":false},"featured_media":0,"template":"","meta":{"_monsterinsights_skip_tracking":false,"_monsterinsights_sitenote_active":false,"_monsterinsights_sitenote_note":"","_monsterinsights_sitenote_category":0},"product_brand":[],"product_cat":[12291,12711],"product_tag":[],"class_list":{"0":"post-745289","1":"product","2":"type-product","3":"status-publish","5":"product_cat-edebiyat","6":"product_cat-roman-oyku","7":"pa_cilt-ciltsiz","8":"pa_tur-kitap","9":"pa_yayinevi-ayrikotu-yayinlari","10":"pa_yazar-yagmur-ertekin","12":"first","13":"instock","14":"sale","15":"shipping-taxable","16":"purchasable","17":"product-type-simple"},"_links":{"self":[{"href":"https:\/\/roveyayinevi.com.tr\/index.php\/wp-json\/wp\/v2\/product\/745289","targetHints":{"allow":["GET"]}}],"collection":[{"href":"https:\/\/roveyayinevi.com.tr\/index.php\/wp-json\/wp\/v2\/product"}],"about":[{"href":"https:\/\/roveyayinevi.com.tr\/index.php\/wp-json\/wp\/v2\/types\/product"}],"wp:attachment":[{"href":"https:\/\/roveyayinevi.com.tr\/index.php\/wp-json\/wp\/v2\/media?parent=745289"}],"wp:term":[{"taxonomy":"product_brand","embeddable":true,"href":"https:\/\/roveyayinevi.com.tr\/index.php\/wp-json\/wp\/v2\/product_brand?post=745289"},{"taxonomy":"product_cat","embeddable":true,"href":"https:\/\/roveyayinevi.com.tr\/index.php\/wp-json\/wp\/v2\/product_cat?post=745289"},{"taxonomy":"product_tag","embeddable":true,"href":"https:\/\/roveyayinevi.com.tr\/index.php\/wp-json\/wp\/v2\/product_tag?post=745289"}],"curies":[{"name":"wp","href":"https:\/\/api.w.org\/{rel}","templated":true}]}}