{"id":745288,"date":"2025-08-28T02:16:13","date_gmt":"2025-08-27T23:16:13","guid":{"rendered":"https:\/\/roveyayinevi.com.tr\/index.php\/urun\/global-piyasalar-ciltli\/"},"modified":"2026-04-16T02:57:37","modified_gmt":"2026-04-15T23:57:37","slug":"global-piyasalar-ciltli","status":"publish","type":"product","link":"https:\/\/roveyayinevi.com.tr\/index.php\/urun\/global-piyasalar-ciltli\/","title":{"rendered":"Global Piyasalar (Ciltli)"},"content":{"rendered":"<p>\u201cGeride b\u0131rakt\u0131\u011f\u0131m\u0131z 15 y\u0131l pek \u00e7ok \u015feyin de\u011fi\u015fti\u011fi y\u0131llar oldu. \u00d6yle g\u00f6r\u00fcn\u00fcyor ki \u00f6n\u00fcm\u00fczdeki y\u0131llarda da bu de\u011fi\u015fim h\u0131z kesmeden devam edecek. Finans d\u00fcnyas\u0131 ve global piyasalar da bu de\u011fi\u015fimden pay\u0131n\u0131 ald\u0131 ve almay\u0131 s\u00fcrd\u00fcr\u00fcyor. Pek sevilen deyi\u015fle \u2018yeni bir d\u00fcnya d\u00fczeni\u2019 kurulacak. Ama nas\u0131l ve hangi temeller \u00fczerine? Bizler kendi sorunlar\u0131m\u0131za odaklan\u0131rken d\u00fcnyan\u0131n geri kalan\u0131nda neler olup bitti\u011fiyle pek ilgilen(e)miyoruz. \u00dcstelik ilgilenmeye \u00e7al\u0131\u015fsak dahi d\u00fcnyadaki bilgi ve veri ak\u0131\u015f\u0131n\u0131 yakalayabilmek, b\u00fcy\u00fck \u00e7er\u00e7eve i\u00e7erisinde anlaml\u0131 bir \u015fekilde yorumlamak gayet g\u00fc\u00e7. Bu kitapta bu zorlu\u011fun \u00fcstesinden gelmeyi hedefledim. Piyasalar\u0131n d\u00fcn\u00fcn\u00fc ve bug\u00fcn\u00fcn\u00fc ele ald\u0131m; belirsiz bir gelece\u011fe nas\u0131l haz\u0131rlanabilece\u011fimize dair g\u00fcncel bir b\u00f6l\u00fcm ekleyerek anlatt\u0131klar\u0131m temelinde bir projeksiyon sunmaya \u00e7al\u0131\u015ft\u0131m.\u201d \u015eANT MANUKYAN   Para d\u00fcnyan\u0131n d\u00f6rt bir k\u00f6\u015fesinde nas\u0131l bir de\u011fer haline gelmi\u015ftir? Peki ya global piyasalar hangi \u015fartlar alt\u0131nda, nelerin u\u011fruna kurulmu\u015ftur? Bu sistemin gelece\u011fi var m\u0131d\u0131r? Bug\u00fcn dolar\u0131n yerine bir ba\u015fka para birimini veya Bitcoini koydu\u011fumuzda t\u00fcm sorunlar \u00e7\u00f6z\u00fclecek mi? Finansal balonlar\u0131n, gelir e\u015fitsizli\u011finin, \u00f6demeler dengesi krizlerinin, kurlar\u0131n de\u011fer kayb\u0131n\u0131n \u00f6n\u00fcne nas\u0131l ge\u00e7ilecek? Deneyimli Yat\u0131r\u0131m Uzman\u0131 \u015eant Manukyan elinizdeki \u00e7al\u0131\u015fmada bu ve daha bir\u00e7ok sorunun k\u00f6kenini ve cevab\u0131n\u0131 ar\u0131yor. Global finans sisteminin nas\u0131l ortaya \u00e7\u0131kt\u0131\u011f\u0131n\u0131, nas\u0131l yol ald\u0131\u011f\u0131n\u0131 ve yar\u0131n neler ya\u015fanabilece\u011fini g\u00f6steriyor. Rezerv para sistemi hakk\u0131nda do\u011fru bilinen yanl\u0131\u015flar\u0131, yeni bir varl\u0131k s\u0131n\u0131f\u0131 olarak kripto varl\u0131klar\u0131, g\u00fcvenli liman olarak tan\u0131t\u0131lan stabilparalar\u0131 ele al\u0131yor. Global sistemin merkezindeki Federal Rezerv\u2019in olu\u015fmas\u0131na, Bretton Woods\u2019da temeli at\u0131lan ve art\u0131k kimseyi tatmin etmeyen parasal d\u00fczene, alt\u0131n standard\u0131na, krizlerin bug\u00fcnlere \u00f6zel olmad\u0131\u011f\u0131n\u0131 g\u00f6sterircesine ge\u00e7mi\u015fte ya\u015fanan krizlere de\u011finiyor ve bir yol haritas\u0131 sunuyor. Global Piyasalar, d\u00fcnde ya\u015fananlardan hareketle bug\u00fcn nas\u0131l yol almam\u0131z gerekti\u011fini, yar\u0131na ise nelerle haz\u0131rlanmam\u0131z gerekti\u011fini g\u00f6steren \u00e7ok \u00f6nemli bir k\u0131lavuz kitap. <\/p>\n","protected":false},"excerpt":{"rendered":"<p>\u201cGeride b\u0131rakt\u0131\u011f\u0131m\u0131z 15 y\u0131l pek \u00e7ok \u015feyin de\u011fi\u015fti\u011fi y\u0131llar oldu. \u00d6yle g\u00f6r\u00fcn\u00fcyor ki \u00f6n\u00fcm\u00fczdeki y\u0131llarda da bu de\u011fi\u015fim h\u0131z kesmeden devam edecek. Finans d\u00fcnyas\u0131 ve global<span class=\"excerpt-hellip\"> [\u2026]<\/span><\/p>\n","protected":false},"featured_media":0,"template":"","meta":{"_monsterinsights_skip_tracking":false,"_monsterinsights_sitenote_active":false,"_monsterinsights_sitenote_note":"","_monsterinsights_sitenote_category":0},"product_brand":[],"product_cat":[20333,13043],"product_tag":[],"class_list":{"0":"post-745288","1":"product","2":"type-product","3":"status-publish","5":"product_cat-diger-ekonomi","6":"product_cat-ekonomi","7":"pa_cilt-ciltli","8":"pa_tur-kitap","9":"pa_yayinevi-kronik-kitap","10":"pa_yazar-sant-manukyan","12":"first","13":"instock","14":"sale","15":"shipping-taxable","16":"purchasable","17":"product-type-simple"},"_links":{"self":[{"href":"https:\/\/roveyayinevi.com.tr\/index.php\/wp-json\/wp\/v2\/product\/745288","targetHints":{"allow":["GET"]}}],"collection":[{"href":"https:\/\/roveyayinevi.com.tr\/index.php\/wp-json\/wp\/v2\/product"}],"about":[{"href":"https:\/\/roveyayinevi.com.tr\/index.php\/wp-json\/wp\/v2\/types\/product"}],"wp:attachment":[{"href":"https:\/\/roveyayinevi.com.tr\/index.php\/wp-json\/wp\/v2\/media?parent=745288"}],"wp:term":[{"taxonomy":"product_brand","embeddable":true,"href":"https:\/\/roveyayinevi.com.tr\/index.php\/wp-json\/wp\/v2\/product_brand?post=745288"},{"taxonomy":"product_cat","embeddable":true,"href":"https:\/\/roveyayinevi.com.tr\/index.php\/wp-json\/wp\/v2\/product_cat?post=745288"},{"taxonomy":"product_tag","embeddable":true,"href":"https:\/\/roveyayinevi.com.tr\/index.php\/wp-json\/wp\/v2\/product_tag?post=745288"}],"curies":[{"name":"wp","href":"https:\/\/api.w.org\/{rel}","templated":true}]}}