{"id":745287,"date":"2025-08-28T02:16:12","date_gmt":"2025-08-27T23:16:12","guid":{"rendered":"https:\/\/roveyayinevi.com.tr\/index.php\/urun\/turk-ordusunda-bati-etkisi\/"},"modified":"2026-04-16T02:57:37","modified_gmt":"2026-04-15T23:57:37","slug":"turk-ordusunda-bati-etkisi","status":"publish","type":"product","link":"https:\/\/roveyayinevi.com.tr\/index.php\/urun\/turk-ordusunda-bati-etkisi\/","title":{"rendered":"T\u00fcrk Ordusunda Bat\u0131 Etkisi"},"content":{"rendered":"<p>Prusya\u2019dan NATO\u2019ya T\u00fcrk Ordusunda Bat\u0131 Etkisi   * Osmanl\u0131 ve Cumhuriyet d\u00f6nemlerinde ordunun yeniden yap\u0131land\u0131r\u0131lmas\u0131 i\u00e7in karar vericileri harekete ge\u00e7iren unsurlar nelerdi?   * G\u00fcn\u00fcm\u00fczde dahi etkisi s\u00fcrd\u00fc\u011f\u00fc iddia edilen Prusya (Alman) asker\u00ee sisteminin Osmanl\u0131\/T\u00fcrk Kara Kuvvetleri\u2019ne yerle\u015fmesinde Alman asker\u00ee yard\u0131m misyonlar\u0131 hangi rol\u00fc oynad\u0131lar?   * Cumhuriyet\u2019in ilk y\u0131llar\u0131nda T\u00fcrk Kara Kuvvetleri\u2019nin Bat\u0131 kaynakl\u0131 reorganizasyonu ne \u015fekilde devam etti?   * T\u00fcrk-\u0130ngiliz asker\u00ee ittifak\u0131 T\u00fcrk Kara Kuvvetleri\u2019nde ne gibi bir etkiye yol a\u00e7t\u0131?   * T\u00fcrkiye\u2019nin \u0130kinci D\u00fcnya Sava\u015f\u0131\u2019nda benimsedi\u011fi \u201csava\u015f d\u0131\u015f\u0131 kalma\u201d politikas\u0131 Bat\u0131 kaynakl\u0131 reorganizasyon faaliyetleri \u00fczerinde nas\u0131l bir tesir g\u00f6sterdi?   * Amerikan asker\u00ee sisteminin T\u00fcrk ordusuna n\u00fcfuz etmesinde \u00e7ok \u00f6nemli bir yeri olan JAMMAT ve JUSMMAT gibi kurulu\u015flar\u0131n faaliyet sahalar\u0131 nelerdi? * 1952\u2019de ger\u00e7ekle\u015fen NATO \u00fcyeli\u011fi T\u00fcrk ordusu a\u00e7\u0131s\u0131ndan hangi sonu\u00e7lar\u0131 do\u011furdu? NATO\u2019ya intibak s\u00fcrecinde Amerikal\u0131lar\u0131n rol\u00fc neydi?   * T\u00fcrk ordusunda Prusya ya da Amerikan\/NATO tipi bir subay profilinin olu\u015ftu\u011fu kesin bi\u00e7imde s\u00f6ylenebilir mi?   Asker\u00ee tarih\u00e7i Dr. Erhan \u00c7ifci taraf\u0131ndan Amerikan, \u0130ngiliz, Alman, NATO ve T\u00fcrk ar\u015fiv belgelerinden yararlan\u0131larak kaleme al\u0131nan T\u00fcrk Ordusunda Bat\u0131 Etkisi yukar\u0131daki sorulara cevap ararken, Osmanl\u0131\/T\u00fcrk asker\u00ee sistemindeki Bat\u0131 etkisini kara kuvvetleri \u00f6zelinde ve d\u0131\u015f kaynakl\u0131 yeniden yap\u0131land\u0131rma faaliyetleri temelinde inceliyor. Bu y\u00f6n\u00fcyle ger\u00e7ek bir ba\u015fvuru kayna\u011f\u0131 olan eser literat\u00fcrde \u00f6nemli bir bo\u015flu\u011fu dolduruyor. <\/p>\n","protected":false},"excerpt":{"rendered":"<p>Prusya\u2019dan NATO\u2019ya T\u00fcrk Ordusunda Bat\u0131 Etkisi * Osmanl\u0131 ve Cumhuriyet d\u00f6nemlerinde ordunun yeniden yap\u0131land\u0131r\u0131lmas\u0131 i\u00e7in karar vericileri harekete ge\u00e7iren unsurlar nelerdi? * G\u00fcn\u00fcm\u00fczde dahi etkisi s\u00fcrd\u00fc\u011f\u00fc<span class=\"excerpt-hellip\"> [\u2026]<\/span><\/p>\n","protected":false},"featured_media":0,"template":"","meta":{"_monsterinsights_skip_tracking":false,"_monsterinsights_sitenote_active":false,"_monsterinsights_sitenote_note":"","_monsterinsights_sitenote_category":0},"product_brand":[],"product_cat":[12312,12304],"product_tag":[],"class_list":{"0":"post-745287","1":"product","2":"type-product","3":"status-publish","5":"product_cat-diger","6":"product_cat-tarih","7":"pa_cilt-ciltsiz","8":"pa_tur-kitap","9":"pa_yayinevi-kronik-kitap","10":"pa_yazar-erhan-cifci","12":"first","13":"instock","14":"sale","15":"shipping-taxable","16":"purchasable","17":"product-type-simple"},"_links":{"self":[{"href":"https:\/\/roveyayinevi.com.tr\/index.php\/wp-json\/wp\/v2\/product\/745287","targetHints":{"allow":["GET"]}}],"collection":[{"href":"https:\/\/roveyayinevi.com.tr\/index.php\/wp-json\/wp\/v2\/product"}],"about":[{"href":"https:\/\/roveyayinevi.com.tr\/index.php\/wp-json\/wp\/v2\/types\/product"}],"wp:attachment":[{"href":"https:\/\/roveyayinevi.com.tr\/index.php\/wp-json\/wp\/v2\/media?parent=745287"}],"wp:term":[{"taxonomy":"product_brand","embeddable":true,"href":"https:\/\/roveyayinevi.com.tr\/index.php\/wp-json\/wp\/v2\/product_brand?post=745287"},{"taxonomy":"product_cat","embeddable":true,"href":"https:\/\/roveyayinevi.com.tr\/index.php\/wp-json\/wp\/v2\/product_cat?post=745287"},{"taxonomy":"product_tag","embeddable":true,"href":"https:\/\/roveyayinevi.com.tr\/index.php\/wp-json\/wp\/v2\/product_tag?post=745287"}],"curies":[{"name":"wp","href":"https:\/\/api.w.org\/{rel}","templated":true}]}}