{"id":745286,"date":"2025-08-28T02:16:12","date_gmt":"2025-08-27T23:16:12","guid":{"rendered":"https:\/\/roveyayinevi.com.tr\/index.php\/urun\/dakikalar-icinde-genetik\/"},"modified":"2026-04-16T02:57:37","modified_gmt":"2026-04-15T23:57:37","slug":"dakikalar-icinde-genetik","status":"publish","type":"product","link":"https:\/\/roveyayinevi.com.tr\/index.php\/urun\/dakikalar-icinde-genetik\/","title":{"rendered":"Dakikalar \u0130\u00e7inde Genetik"},"content":{"rendered":"<p>YA\u015eAMIN K\u00d6KENLER\u0130NE DA\u0130R 200 TEMEL KAVRAM   Dakikalar \u0130\u00e7inde Genetik, ya\u015fam\u0131n k\u00f6keni, h\u00fccreler, DNA, kromozom, insan genomu, kal\u0131t\u0131m, do\u011fal se\u00e7ilim, k\u00f6k h\u00fccre ve gen terapileri, klonlama, genetik m\u00fchendisli\u011fi ve yapay se\u00e7ilim ile evrim, cinsiyet, s\u0131n\u0131fland\u0131rma ve ekoloji gibi biyolojik temelleri konu alan g\u00f6rseller e\u015fli\u011finde genetik bilimine dair 200 kavram \u00fczerinden kapsay\u0131c\u0131 ve keyifli bir okuma imk\u00e2n\u0131 sunuyor.   Ya\u015fam nedir? Canl\u0131lar tek bir h\u00fccreden nas\u0131l olu\u015fur? Gezegenimizi ka\u00e7 farkl\u0131 organizmayla payla\u015f\u0131yoruz? D\u00fcnya\u2019daki \u00e7e\u015fitlili\u011fin sebepleri neler? T\u00fcrler neden yok olur? DNA ve RNA s\u0131rlar\u0131n\u0131 h\u00e2l\u00e2 koruyor mu? Genetik kodlar hayat\u0131m\u0131z\u0131 ve davran\u0131\u015flar\u0131m\u0131z\u0131 nas\u0131l etkiler? Geneti\u011fimiz ve zek\u00e2m\u0131z aras\u0131nda nas\u0131l bir ba\u011flant\u0131 vard\u0131r? GDO nedir ve genetik modifikasyonlar hayat\u0131m\u0131z\u0131 nas\u0131l etkiler? Vir\u00fcsler canl\u0131 m\u0131d\u0131r? Kanser nedir? Hastal\u0131klara dair arad\u0131\u011f\u0131m\u0131z yan\u0131tlar gen terapisi ve k\u00f6k h\u00fccre tedavisinde mi yatmaktad\u0131r? Ya\u015fama ve varolu\u015fumuza dair bir\u00e7ok sorunun yan\u0131t\u0131 bu kitab\u0131n sayfalar\u0131n\u0131 s\u00fcsl\u00fcyor.   Dakikalar \u0130\u00e7inde Genetik, bedenlerimizi ve ya\u015famlar\u0131m\u0131z\u0131 \u015fekillendiren genlerimizi anlamam\u0131z\u0131 ve onlar \u00fczerinde kontrol sahibi olmam\u0131z\u0131 sa\u011flayan genetik biliminin temel kavramlar\u0131n\u0131 \u00f6\u011frenmenin en h\u0131zl\u0131 ve e\u011flenceli yolu olacak.<\/p>\n","protected":false},"excerpt":{"rendered":"<p>YA\u015eAMIN K\u00d6KENLER\u0130NE DA\u0130R 200 TEMEL KAVRAM Dakikalar \u0130\u00e7inde Genetik, ya\u015fam\u0131n k\u00f6keni, h\u00fccreler, DNA, kromozom, insan genomu, kal\u0131t\u0131m, do\u011fal se\u00e7ilim, k\u00f6k h\u00fccre ve gen terapileri, klonlama, genetik<span class=\"excerpt-hellip\"> [\u2026]<\/span><\/p>\n","protected":false},"featured_media":0,"template":"","meta":{"_monsterinsights_skip_tracking":false,"_monsterinsights_sitenote_active":false,"_monsterinsights_sitenote_note":"","_monsterinsights_sitenote_category":0},"product_brand":[],"product_cat":[13005,13006],"product_tag":[],"class_list":{"0":"post-745286","1":"product","2":"type-product","3":"status-publish","5":"product_cat-bilim-muhendislik","6":"product_cat-populer-bilim","7":"pa_cilt-ciltsiz","8":"pa_tur-kitap","9":"pa_yayinevi-kronik-kitap","10":"pa_yazar-tom-jackson","12":"first","13":"instock","14":"sale","15":"shipping-taxable","16":"purchasable","17":"product-type-simple"},"_links":{"self":[{"href":"https:\/\/roveyayinevi.com.tr\/index.php\/wp-json\/wp\/v2\/product\/745286","targetHints":{"allow":["GET"]}}],"collection":[{"href":"https:\/\/roveyayinevi.com.tr\/index.php\/wp-json\/wp\/v2\/product"}],"about":[{"href":"https:\/\/roveyayinevi.com.tr\/index.php\/wp-json\/wp\/v2\/types\/product"}],"wp:attachment":[{"href":"https:\/\/roveyayinevi.com.tr\/index.php\/wp-json\/wp\/v2\/media?parent=745286"}],"wp:term":[{"taxonomy":"product_brand","embeddable":true,"href":"https:\/\/roveyayinevi.com.tr\/index.php\/wp-json\/wp\/v2\/product_brand?post=745286"},{"taxonomy":"product_cat","embeddable":true,"href":"https:\/\/roveyayinevi.com.tr\/index.php\/wp-json\/wp\/v2\/product_cat?post=745286"},{"taxonomy":"product_tag","embeddable":true,"href":"https:\/\/roveyayinevi.com.tr\/index.php\/wp-json\/wp\/v2\/product_tag?post=745286"}],"curies":[{"name":"wp","href":"https:\/\/api.w.org\/{rel}","templated":true}]}}