{"id":745283,"date":"2025-08-28T02:16:09","date_gmt":"2025-08-27T23:16:09","guid":{"rendered":"https:\/\/roveyayinevi.com.tr\/index.php\/urun\/turk-komutanlar\/"},"modified":"2026-04-16T02:57:37","modified_gmt":"2026-04-15T23:57:37","slug":"turk-komutanlar","status":"publish","type":"product","link":"https:\/\/roveyayinevi.com.tr\/index.php\/urun\/turk-komutanlar\/","title":{"rendered":"T\u00fcrk Komutanlar"},"content":{"rendered":"<p>Mete\u2019den Atat\u00fcrk\u2019e Tarihe Y\u00f6n Verenler   A. SEFA \u00d6ZKAYA, AHMET TA\u015eA\u011eIL, AL\u0130 AHMETBEYO\u011eLU, ALTAY TAYFUN \u00d6ZCAN, BURAK GAN\u0130 EROL, C\u0130HAH P\u0130YADEO\u011eLU, ERKAN G\u00d6KSU, FER\u0130DUN EMECEN, H\u00dcSEY\u0130N SERDAR TABAKO\u011eLU, \u0130LBER ORTAYLI, KASIM BOLAT, SEL\u0130M ERDO\u011eAN, S\u00dcLEYMAN POLAT, U\u011eUR ALTU\u011e Tarih boyunca pek \u00e7ok T\u00fcrk komutan, d\u00fcnya asker\u00ee tarihi i\u00e7in bir ilham kayna\u011f\u0131 olmu\u015ftur. Onlar karakterlerindeki \u00e7arp\u0131c\u0131 \u00f6zelliklerin yan\u0131 s\u0131ra hem cephe hatt\u0131nda hem de cephe gerisinde tatbik ettikleri planlarla, her zaman merak edilmi\u015f ve incelenmi\u015f rehber \u015fahsiyetlerdir. Ruhlar\u0131ndaki \u00f6nderli\u011fi ve sava\u015f kabiliyetlerini tam bir dengeyle uygulam\u0131\u015f olmalar\u0131, T\u00fcrk komutanlar\u0131 unutulmaz bir konuma yerle\u015ftirmi\u015ftir. Devletini bir imparatorluk h\u00e2line d\u00f6n\u00fc\u015ft\u00fcren, Avrasya bozk\u0131rlar\u0131n\u0131n ortaya \u00e7\u0131kard\u0131\u011f\u0131 ilk b\u00fcy\u00fck h\u00fck\u00fcmdar MOTU (METE), \u201cg\u00fcne\u015fin do\u011fdu\u011fu yerden batt\u0131\u011f\u0131 yere kadar\u201d h\u00e2kimiyet tesis edecek \u00f6zelliklere sahip ATT\u0130LA, F\u0131rat\u2019\u0131n bat\u0131s\u0131na ilk defa ge\u00e7erek 1071\u2019de Malazgirt\u2019te destan yazan ve T\u00fcrk tarihinin efsanesi olan SULTAN ALP ARSLAN, ordu te\u015fkilat\u0131ndan asker\u00ee te\u00e7hizat\u0131n haz\u0131rlanmas\u0131na kadar bilgisiyle her alana hakim bir vezir olan N\u0130Z\u00c2M\u00dcLM\u00dcLK, 1081\u2019de ilk donanmay\u0131 olu\u015fturarak T\u00fcrkleri denizcilikle tan\u0131\u015ft\u0131ran \u00c7AKA BEY, \u00fc\u00e7 k\u0131taya yay\u0131lan bir cihan imparatorlu\u011funun kurucu h\u00fck\u00fcmdar\u0131, OSMAN BEG, Balkanlar\u2019da d\u00f6nemin en b\u00fcy\u00fck ordular\u0131na kar\u015f\u0131 zafer kazanan I. MURAD, K\u00fc\u00e7\u00fck Asya\u2019ya kadar durmadan sava\u015fm\u0131\u015f, bozk\u0131rlar\u0131n son g\u00f6\u00e7ebe fatihi T\u0130MUR, \u0130stanbul\u2019u fethederek iki k\u0131tay\u0131 birle\u015ftiren, \u00e7a\u011f\u0131na ve sonras\u0131na damgas\u0131n\u0131 vuran, Do\u011fu\u2019nun ve Bat\u0131\u2019n\u0131n h\u00fck\u00fcmdar\u0131 FAT\u0130H SULTAN MEHMED, Preveze Deniz Sava\u015f\u0131\u2019yla Akdeniz ve d\u00fcnya tarihine damga vuran BARBAROS HAYREDD\u0130N PA\u015eA, Do\u011fu Akdeniz ve Ortado\u011fu\u2019yu imparatorlu\u011fa katan, o zamanlar i\u00e7in imk\u00e2ns\u0131z g\u00f6r\u00fclen M\u0131s\u0131r Seferi\u2019ni ger\u00e7ekle\u015ftiren b\u00fcy\u00fck mare\u015fal YAVUZ SULTAN SEL\u0130M, sanca\u011fa \u00e7\u0131kmad\u0131\u011f\u0131 h\u00e2lde tarihe ad\u0131n\u0131 Ba\u011fdat ve Revan Fatihi olarak yazd\u0131ran IV. MURAD, T\u00fcrk \u0130stikl\u00e2l Sava\u015f\u0131\u2019n\u0131n ba\u015fkomutan\u0131, d\u00fcnya siyasi tarihine oldu\u011fu kadar asker\u00ee tarihine de damgas\u0131n\u0131 vurmu\u015f gazi ve mare\u015fal MUSTAFA KEMAL ATAT\u00dcRK\u2026 Muharebe alan\u0131nda i\u015fler birbirine d\u00fc\u011f\u00fcmlendi\u011finde hangi stratejiyi uygulad\u0131lar? Yo\u011fun bask\u0131 ve gerilim i\u00e7indeyken psikolojilerini nas\u0131l y\u00fcksek tuttular? \u0130mk\u00e2ns\u0131z gibi g\u00f6r\u00fclen sava\u015flara hangi yollarla haz\u0131rland\u0131lar? Hem kendilerinin hem de etraflar\u0131ndaki kimselerin bak\u0131\u015f a\u00e7\u0131lar\u0131n\u0131 nas\u0131l de\u011fi\u015ftirdiler? Asker\u00ee anlamda kimlerden, hangi kitaplardan ve ekollerden yararland\u0131lar? Pek \u00e7ok uzman\u0131 bir araya getiren T\u00fcrk Komutanlar; hem bu sorular\u0131n cevaplar\u0131n\u0131 ortaya koyuyor hem de benzersiz bir asker\u00ee tarih okumas\u0131 sunuyor. <\/p>\n","protected":false},"excerpt":{"rendered":"<p>Mete\u2019den Atat\u00fcrk\u2019e Tarihe Y\u00f6n Verenler A. SEFA \u00d6ZKAYA, AHMET TA\u015eA\u011eIL, AL\u0130 AHMETBEYO\u011eLU, ALTAY TAYFUN \u00d6ZCAN, BURAK GAN\u0130 EROL, C\u0130HAH P\u0130YADEO\u011eLU, ERKAN G\u00d6KSU, FER\u0130DUN EMECEN, H\u00dcSEY\u0130N SERDAR<span class=\"excerpt-hellip\"> [\u2026]<\/span><\/p>\n","protected":false},"featured_media":0,"template":"","meta":{"_monsterinsights_skip_tracking":false,"_monsterinsights_sitenote_active":false,"_monsterinsights_sitenote_note":"","_monsterinsights_sitenote_category":0},"product_brand":[],"product_cat":[12312,12304],"product_tag":[],"class_list":{"0":"post-745283","1":"product","2":"type-product","3":"status-publish","5":"product_cat-diger","6":"product_cat-tarih","7":"pa_cilt-ciltsiz","8":"pa_tur-kitap","9":"pa_yayinevi-kronik-kitap","10":"pa_yazar-a-sefa-ozkaya","12":"first","13":"instock","14":"sale","15":"shipping-taxable","16":"purchasable","17":"product-type-simple"},"_links":{"self":[{"href":"https:\/\/roveyayinevi.com.tr\/index.php\/wp-json\/wp\/v2\/product\/745283","targetHints":{"allow":["GET"]}}],"collection":[{"href":"https:\/\/roveyayinevi.com.tr\/index.php\/wp-json\/wp\/v2\/product"}],"about":[{"href":"https:\/\/roveyayinevi.com.tr\/index.php\/wp-json\/wp\/v2\/types\/product"}],"wp:attachment":[{"href":"https:\/\/roveyayinevi.com.tr\/index.php\/wp-json\/wp\/v2\/media?parent=745283"}],"wp:term":[{"taxonomy":"product_brand","embeddable":true,"href":"https:\/\/roveyayinevi.com.tr\/index.php\/wp-json\/wp\/v2\/product_brand?post=745283"},{"taxonomy":"product_cat","embeddable":true,"href":"https:\/\/roveyayinevi.com.tr\/index.php\/wp-json\/wp\/v2\/product_cat?post=745283"},{"taxonomy":"product_tag","embeddable":true,"href":"https:\/\/roveyayinevi.com.tr\/index.php\/wp-json\/wp\/v2\/product_tag?post=745283"}],"curies":[{"name":"wp","href":"https:\/\/api.w.org\/{rel}","templated":true}]}}