{"id":745281,"date":"2025-08-28T02:16:07","date_gmt":"2025-08-27T23:16:07","guid":{"rendered":"https:\/\/roveyayinevi.com.tr\/index.php\/urun\/insanligin-seruveni\/"},"modified":"2026-04-16T02:57:37","modified_gmt":"2026-04-15T23:57:37","slug":"insanligin-seruveni","status":"publish","type":"product","link":"https:\/\/roveyayinevi.com.tr\/index.php\/urun\/insanligin-seruveni\/","title":{"rendered":"\u0130nsanl\u0131\u011f\u0131n Ser\u00fcveni"},"content":{"rendered":"<p>&#8220;\u00dclkelerin yoksulluk tuza\u011f\u0131ndan kurtulup zenginle\u015fmesini sa\u011flayan k\u00fclt\u00fcrel, teknolojik ve e\u011fitimsel g\u00fc\u00e7lere kapsaml\u0131 bir bak\u0131\u015f. Derinli\u011fi ve h\u0131rs\u0131yla Diamond\u2019\u0131n T\u00fcfek, Mikrop ve \u00c7elik\u2019i ile Harari\u2019nin Sapiens\u2019ini an\u0131msat\u0131yor.&#8221; -Financial Times &#8220;K\u0131yamet tellall\u0131\u011f\u0131na kar\u015f\u0131 kan\u0131ta dayal\u0131 bir panzehir&#8230; Galor di\u011fer bir\u00e7ok d\u00fc\u015f\u00fcn\u00fcr gibi g\u00fcndem dayatma \u00e7\u0131\u011f\u0131rtkanl\u0131\u011f\u0131na kap\u0131lm\u0131yor&#8230; \u0130nsanl\u0131\u011f\u0131n durumuna ili\u015fkin analizi, umutsuzluk i\u00e7eren \u00f6\u011f\u00fctlere de\u011fil, daha iyi bir gelecek in\u015fa etmeye yard\u0131mc\u0131 olabilecek bir dizi yeni araca kap\u0131 aral\u0131yor.&#8221; -The Guardian   \u0130nsanlar neden asgari ge\u00e7im tuza\u011f\u0131ndan g\u00fcn\u00fcm\u00fcze \u00e7ok yak\u0131n bir zamanda kurtulup di\u011fer t\u00fcm canl\u0131lardan \u00e7ok daha y\u00fcksek bir ya\u015fam standard\u0131na sahip olabilen tek canl\u0131 t\u00fcr\u00fcd\u00fcr? \u0130nsanl\u0131\u011f\u0131n ilerlemesi neden d\u00fcnya \u00e7ap\u0131nda b\u00f6ylesi adaletsiz bir \u015fekilde ger\u00e7ekle\u015fti? Ge\u00e7mi\u015fte elveri\u015fli co\u011frafi \u00f6zelliklerden yararlanan ve zengin \u00e7e\u015fitlili\u011fe sahip olan kimi topluluklar nas\u0131l oldu da refaha giden yolda ilerlerken dezavantajl\u0131 konuma d\u00fc\u015ft\u00fcler? Uluslar aras\u0131nda bug\u00fcn var olan b\u00fcy\u00fck e\u015fitsizlikler neden ortaya \u00e7\u0131kt\u0131? Hepimizi zengin ve ba\u015far\u0131l\u0131 k\u0131lacak bir yol var m\u0131? \u0130nsanl\u0131\u011f\u0131n ortaya \u00e7\u0131k\u0131\u015f\u0131ndan g\u00fcn\u00fcm\u00fcze dek uzanan b\u00fcy\u00fcleyici bir ser\u00fcveni anlatan d\u00fcnyaca \u00fcnl\u00fc ekonomist ve d\u00fc\u015f\u00fcn\u00fcr Oded Galor insanl\u0131\u011f\u0131n iki b\u00fcy\u00fck gizemi olan zenginlik ve e\u015fitsizli\u011fe ilgi \u00e7ekici bir \u00e7\u00f6z\u00fcm sunuyor. Galor\u2019un muazzam ve \u015fa\u015f\u0131rt\u0131c\u0131 ba\u011flant\u0131larla dolu bu s\u00fcr\u00fckleyici anlat\u0131m\u0131 teknoloji, n\u00fcfus b\u00fcy\u00fckl\u00fc\u011f\u00fc ve adaptasyonun sadece iki y\u00fcz y\u0131l \u00f6nce insan\u0131n hik\u00e2yesinde nas\u0131l \u00e7arp\u0131c\u0131 bir h\u00e2l de\u011fi\u015fimine yol a\u00e7t\u0131\u011f\u0131n\u0131 g\u00f6steriyor. Galor ayn\u0131 ser\u00fcven boyunca zamanda geriye do\u011fru giderek bizi e\u015fitsizli\u011fin nihai nedenlerine dair bir a\u00e7\u0131klamaya da g\u00f6t\u00fcr\u00fcyor. Kolonicilik, siyasal kurumlar, toplumsal yap\u0131, k\u00fclt\u00fcr gibi etki katmanlar\u0131n\u0131 birer birer a\u00e7\u0131\u011fa \u00e7\u0131kar\u0131yor. D\u00fcnyan\u0131n d\u00f6rt bir yan\u0131nda ekonomik, sistemik ve ekolojik krizle y\u00fcz y\u00fcze oldu\u011fumuz bu g\u00fcnlerde hem umut verici hem de derinlikli dersler i\u00e7eren ve \u00f6nemli hakikatleri sunan \u0130nsanl\u0131\u011f\u0131n Ser\u00fcveni: Zenginli\u011fin ve E\u015fitsizli\u011fin Tarihi ge\u00e7mi\u015ften hareketle ileriye d\u00f6n\u00fck kal\u0131c\u0131 bir re\u00e7ete sunan bir kitap. <\/p>\n","protected":false},"excerpt":{"rendered":"<p>&#8220;\u00dclkelerin yoksulluk tuza\u011f\u0131ndan kurtulup zenginle\u015fmesini sa\u011flayan k\u00fclt\u00fcrel, teknolojik ve e\u011fitimsel g\u00fc\u00e7lere kapsaml\u0131 bir bak\u0131\u015f. Derinli\u011fi ve h\u0131rs\u0131yla Diamond\u2019\u0131n T\u00fcfek, Mikrop ve \u00c7elik\u2019i ile Harari\u2019nin Sapiens\u2019ini an\u0131msat\u0131yor.&#8221;<span class=\"excerpt-hellip\"> [\u2026]<\/span><\/p>\n","protected":false},"featured_media":0,"template":"","meta":{"_monsterinsights_skip_tracking":false,"_monsterinsights_sitenote_active":false,"_monsterinsights_sitenote_note":"","_monsterinsights_sitenote_category":0},"product_brand":[],"product_cat":[12305,12304],"product_tag":[],"class_list":{"0":"post-745281","1":"product","2":"type-product","3":"status-publish","5":"product_cat-dunya-tarihi","6":"product_cat-tarih","7":"pa_cilt-ciltsiz","8":"pa_tur-kitap","9":"pa_yayinevi-kronik-kitap","10":"pa_yazar-oded-galor","12":"first","13":"instock","14":"sale","15":"shipping-taxable","16":"purchasable","17":"product-type-simple"},"_links":{"self":[{"href":"https:\/\/roveyayinevi.com.tr\/index.php\/wp-json\/wp\/v2\/product\/745281","targetHints":{"allow":["GET"]}}],"collection":[{"href":"https:\/\/roveyayinevi.com.tr\/index.php\/wp-json\/wp\/v2\/product"}],"about":[{"href":"https:\/\/roveyayinevi.com.tr\/index.php\/wp-json\/wp\/v2\/types\/product"}],"wp:attachment":[{"href":"https:\/\/roveyayinevi.com.tr\/index.php\/wp-json\/wp\/v2\/media?parent=745281"}],"wp:term":[{"taxonomy":"product_brand","embeddable":true,"href":"https:\/\/roveyayinevi.com.tr\/index.php\/wp-json\/wp\/v2\/product_brand?post=745281"},{"taxonomy":"product_cat","embeddable":true,"href":"https:\/\/roveyayinevi.com.tr\/index.php\/wp-json\/wp\/v2\/product_cat?post=745281"},{"taxonomy":"product_tag","embeddable":true,"href":"https:\/\/roveyayinevi.com.tr\/index.php\/wp-json\/wp\/v2\/product_tag?post=745281"}],"curies":[{"name":"wp","href":"https:\/\/api.w.org\/{rel}","templated":true}]}}