{"id":745279,"date":"2025-08-28T02:16:05","date_gmt":"2025-08-27T23:16:05","guid":{"rendered":"https:\/\/roveyayinevi.com.tr\/index.php\/urun\/romanin-yukselisi\/"},"modified":"2026-04-16T02:57:37","modified_gmt":"2026-04-15T23:57:37","slug":"romanin-yukselisi","status":"publish","type":"product","link":"https:\/\/roveyayinevi.com.tr\/index.php\/urun\/romanin-yukselisi\/","title":{"rendered":"Roma\u2019n\u0131n Y\u00fckseli\u015fi"},"content":{"rendered":"<p>M.\u00d6. 1000 civar\u0131nda Roma yerle\u015fimi, birka\u00e7 tepenin \u00fczerinde kurulmu\u015f k\u00fc\u00e7\u00fck bir topluluktu. M.\u00d6. 3. y\u00fczy\u0131lda ise Roma, an\u0131tsal tap\u0131naklar\u0131, kamu binalar\u0131 ve g\u00f6rkemli evleriyle b\u00fcy\u00fck ve g\u00fc\u00e7l\u00fc bir kent haline gelmi\u015fti. T\u00fcm \u0130talya\u2019y\u0131 ele ge\u00e7irmi\u015fti ve bir imparatorluk yaratmaya haz\u0131rlan\u0131yordu. Ancak basit bir kent bu tarihi d\u00f6n\u00fc\u015f\u00fcm\u00fc nas\u0131l ger\u00e7ekle\u015ftirdi? Nas\u0131l oldu da b\u00f6lgenin ve sonras\u0131nda d\u00fcnyan\u0131n ba\u015fat g\u00fcc\u00fc haline geldi?   Eski \u0130talya, her biri kendi dili ve gelenekleri bulunan \u00e7ok \u00e7e\u015fitli etnik topluluklara ev sahipli\u011fi yap\u0131yordu. \u00d6nce Etr\u00fcskler ve daha sonra Samnitler gibi baz\u0131 topluluklar Roma\u2019n\u0131n ba\u015fl\u0131ca d\u00fc\u015fmanlar\u0131yd\u0131. Bu gruplar Ge\u00e7 Demir \u00c7a\u011f\u0131\u2019ndan itibaren \u0130talya\u2019n\u0131n i\u00e7inde ve d\u0131\u015f\u0131nda giderek daha dinamik bir etkile\u015fime girdiler, ticareti geni\u015flettiler ve \u0130talya\u2019n\u0131n her yan\u0131nda giyinme al\u0131\u015fkanl\u0131klar\u0131n\u0131, dini, mimariyi, silahlar\u0131 ve y\u00f6netimi etkilediler. Roma ele ge\u00e7irilen topraklarda var olan sosyal ve politik yap\u0131lar\u0131 b\u00fcy\u00fck bir \u00f6zenle idare etti, stratejik askeri al\u0131mlarla vatanda\u015f havuzunu geni\u015fletti ve bu sayede bir dereceye kadar yerel ba\u011f\u0131ms\u0131zl\u0131\u011fa izin verirken ayn\u0131 zamanda emperyal bir aidiyet duygusunu da besledi. Roma\u2019n\u0131n Y\u00fckseli\u015fi kitab\u0131nda tarih\u00e7i ve arkeolog Kathryn Lomas, Roma\u2019n\u0131n rakiplerle dolu bir b\u00f6lgede bask\u0131n unsur haline gelmesini sa\u011flayan diplomatik giri\u015fimleri, siyasi manevralar\u0131 ve k\u00fclt\u00fcrel de\u011fi\u015f toku\u015flar\u0131 yeniden ele al\u0131yor. Lomas\u2019a g\u00f6re Latin d\u00fcnyas\u0131 Roma taraf\u0131ndan yenilmemi\u015f, aksine Roma bu d\u00fcnyay\u0131 birle\u015ftirmi\u015fti. Roma\u2019n\u0131n \u0130talya\u2019y\u0131 i\u015fgalinden ve birle\u015ftirmesinden do\u011fan bu yeni toplum yap\u0131s\u0131, gelecek y\u00fczy\u0131llar i\u00e7in siyasi bir model i\u015flevi de g\u00f6recekti. * * * Kronik Kitap, Antik D\u00fcnya Tarihi Serisi\u2019ne en g\u00fcncel Roma tarihi ara\u015ft\u0131rmalar\u0131ndan Roma\u2019n\u0131n Y\u00fckseli\u015fi kitab\u0131yla devam ediyor. Lomas bu \u00e7al\u0131\u015fmas\u0131nda geli\u015fme a\u015famas\u0131nda bulunan ve imparatorlu\u011fun farkl\u0131 halklar\u0131n\u0131 birle\u015ftiren siyasi yap\u0131lar\u0131 tan\u0131ml\u0131yor ve \u0130talya toplumunu birle\u015ftiren unsurun k\u00f6kenini buluyor. Roma\u2019n\u0131n nas\u0131l geli\u015fti\u011fini ve Romal\u0131lar\u0131n g\u00f6z kama\u015ft\u0131ran h\u00fck\u00fcmranl\u0131klar\u0131n\u0131 neden ve hangi yollarla elde etti\u011fini g\u00f6z \u00f6n\u00fcnde bulundurarak Roma\u2019n\u0131n bir d\u00fcnya g\u00fcc\u00fc olarak do\u011fu\u015funun b\u00fcy\u00fcleyici hikayesini anlat\u0131yor. <\/p>\n","protected":false},"excerpt":{"rendered":"<p>M.\u00d6. 1000 civar\u0131nda Roma yerle\u015fimi, birka\u00e7 tepenin \u00fczerinde kurulmu\u015f k\u00fc\u00e7\u00fck bir topluluktu. M.\u00d6. 3. y\u00fczy\u0131lda ise Roma, an\u0131tsal tap\u0131naklar\u0131, kamu binalar\u0131 ve g\u00f6rkemli evleriyle b\u00fcy\u00fck ve<span class=\"excerpt-hellip\"> [\u2026]<\/span><\/p>\n","protected":false},"featured_media":0,"template":"","meta":{"_monsterinsights_skip_tracking":false,"_monsterinsights_sitenote_active":false,"_monsterinsights_sitenote_note":"","_monsterinsights_sitenote_category":0},"product_brand":[],"product_cat":[12312,12304],"product_tag":[],"class_list":{"0":"post-745279","1":"product","2":"type-product","3":"status-publish","5":"product_cat-diger","6":"product_cat-tarih","7":"pa_cilt-ciltsiz","8":"pa_tur-kitap","9":"pa_yayinevi-kronik-kitap","10":"pa_yazar-kathryn-lomas","12":"first","13":"instock","14":"sale","15":"shipping-taxable","16":"purchasable","17":"product-type-simple"},"_links":{"self":[{"href":"https:\/\/roveyayinevi.com.tr\/index.php\/wp-json\/wp\/v2\/product\/745279","targetHints":{"allow":["GET"]}}],"collection":[{"href":"https:\/\/roveyayinevi.com.tr\/index.php\/wp-json\/wp\/v2\/product"}],"about":[{"href":"https:\/\/roveyayinevi.com.tr\/index.php\/wp-json\/wp\/v2\/types\/product"}],"wp:attachment":[{"href":"https:\/\/roveyayinevi.com.tr\/index.php\/wp-json\/wp\/v2\/media?parent=745279"}],"wp:term":[{"taxonomy":"product_brand","embeddable":true,"href":"https:\/\/roveyayinevi.com.tr\/index.php\/wp-json\/wp\/v2\/product_brand?post=745279"},{"taxonomy":"product_cat","embeddable":true,"href":"https:\/\/roveyayinevi.com.tr\/index.php\/wp-json\/wp\/v2\/product_cat?post=745279"},{"taxonomy":"product_tag","embeddable":true,"href":"https:\/\/roveyayinevi.com.tr\/index.php\/wp-json\/wp\/v2\/product_tag?post=745279"}],"curies":[{"name":"wp","href":"https:\/\/api.w.org\/{rel}","templated":true}]}}