{"id":745277,"date":"2025-08-28T02:16:03","date_gmt":"2025-08-27T23:16:03","guid":{"rendered":"https:\/\/roveyayinevi.com.tr\/index.php\/urun\/bir-solukta-dunya-mitolojisi\/"},"modified":"2026-04-16T02:57:37","modified_gmt":"2026-04-15T23:57:37","slug":"bir-solukta-dunya-mitolojisi","status":"publish","type":"product","link":"https:\/\/roveyayinevi.com.tr\/index.php\/urun\/bir-solukta-dunya-mitolojisi\/","title":{"rendered":"Bir Solukta Du\u0308nya Mitolojisi"},"content":{"rendered":"<p>Mitoloji, bir ulusa, dine ya da k\u00fclt\u00fcre ait olan mitlerin, efsanelerin toplam\u0131d\u0131r. Her halk, evren, d\u00fcnya, do\u011fa ve ya\u015famla ilgili \u00f6zl\u00fc d\u00fc\u015f\u00fcncelerini \u00f6yk\u00fcle\u015ftirerek bu mitleri ve efsaneleri yarat\u0131r. \u00c7ok farkl\u0131 k\u00fclt\u00fcr ve inan\u00e7lara dayan\u0131yor olmalar\u0131na kar\u015f\u0131n b\u00fct\u00fcn bu \u00f6yk\u00fclerin pek \u00e7o\u011fu \u00e7arp\u0131c\u0131 benzerlikler i\u00e7erir. \u00d6rne\u011fin bu kitaptaki mitlerde sellerle, toprak analarla, g\u00f6k babalarla, ejderhalarla, insan-hayvan kar\u0131\u015f\u0131m\u0131 yarat\u0131klarla \u00e7ok s\u0131k kar\u015f\u0131la\u015facaks\u0131n\u0131z. B\u00fct\u00fcn bu mitler hep ayn\u0131 birka\u00e7 temel soruyu yan\u0131tlamaya \u00e7al\u0131\u015f\u0131r: Nereden geldik? Ni\u00e7in ya\u015f\u0131yoruz? Neden \u00f6l\u00fcml\u00fcy\u00fcz? D\u00fcnyan\u0131n d\u00f6rt bir yan\u0131na da\u011f\u0131lm\u0131\u015f pek \u00e7ok halka ait birbirinden ilgin\u00e7 mitleri bir solukta okuyacaks\u0131n\u0131z. <\/p>\n","protected":false},"excerpt":{"rendered":"<p>Mitoloji, bir ulusa, dine ya da k\u00fclt\u00fcre ait olan mitlerin, efsanelerin toplam\u0131d\u0131r. Her halk, evren, d\u00fcnya, do\u011fa ve ya\u015famla ilgili \u00f6zl\u00fc d\u00fc\u015f\u00fcncelerini \u00f6yk\u00fcle\u015ftirerek bu mitleri ve<span class=\"excerpt-hellip\"> [\u2026]<\/span><\/p>\n","protected":false},"featured_media":0,"template":"","meta":{"_monsterinsights_skip_tracking":false,"_monsterinsights_sitenote_active":false,"_monsterinsights_sitenote_note":"","_monsterinsights_sitenote_category":0},"product_brand":[],"product_cat":[12718,12858],"product_tag":[],"class_list":{"0":"post-745277","1":"product","2":"type-product","3":"status-publish","5":"product_cat-din","6":"product_cat-mitolojiler","7":"pa_cilt-ciltsiz","8":"pa_tur-kitap","9":"pa_yayinevi-say-yayinlari","10":"pa_yazar-hannah-bowstead","12":"first","13":"instock","14":"sale","15":"shipping-taxable","16":"purchasable","17":"product-type-simple"},"_links":{"self":[{"href":"https:\/\/roveyayinevi.com.tr\/index.php\/wp-json\/wp\/v2\/product\/745277","targetHints":{"allow":["GET"]}}],"collection":[{"href":"https:\/\/roveyayinevi.com.tr\/index.php\/wp-json\/wp\/v2\/product"}],"about":[{"href":"https:\/\/roveyayinevi.com.tr\/index.php\/wp-json\/wp\/v2\/types\/product"}],"wp:attachment":[{"href":"https:\/\/roveyayinevi.com.tr\/index.php\/wp-json\/wp\/v2\/media?parent=745277"}],"wp:term":[{"taxonomy":"product_brand","embeddable":true,"href":"https:\/\/roveyayinevi.com.tr\/index.php\/wp-json\/wp\/v2\/product_brand?post=745277"},{"taxonomy":"product_cat","embeddable":true,"href":"https:\/\/roveyayinevi.com.tr\/index.php\/wp-json\/wp\/v2\/product_cat?post=745277"},{"taxonomy":"product_tag","embeddable":true,"href":"https:\/\/roveyayinevi.com.tr\/index.php\/wp-json\/wp\/v2\/product_tag?post=745277"}],"curies":[{"name":"wp","href":"https:\/\/api.w.org\/{rel}","templated":true}]}}