{"id":745276,"date":"2025-08-28T02:16:02","date_gmt":"2025-08-27T23:16:02","guid":{"rendered":"https:\/\/roveyayinevi.com.tr\/index.php\/urun\/turk-utopyalari\/"},"modified":"2026-04-16T02:57:37","modified_gmt":"2026-04-15T23:57:37","slug":"turk-utopyalari","status":"publish","type":"product","link":"https:\/\/roveyayinevi.com.tr\/index.php\/urun\/turk-utopyalari\/","title":{"rendered":"T\u00fcrk \u00dctopyalar\u0131"},"content":{"rendered":"<p>T\u00fcrkiye\u2019nin en prestijli \u00fcniversiteleriyle beraber, Harvard, Columbia, New York, Princeton, Pennsylvania, Stanford ve Sachsen-Anhalt \u00dcniversitesi ile Amerikan Kongre K\u00fct\u00fcphanesi\u2019nde de yer alan bu kitap, geni\u015fletilmi\u015f bas\u0131m\u0131yla yaz\u0131n tarihimizi konu eden en \u00f6nemli kaynak eserlerden biri olarak yeniden raflar\u0131m\u0131za giriyor!  \u201c\u00d6teden beri baz\u0131 liberal ayd\u0131nlar\u0131m\u0131z, \u00fctopik eserlerin sadece Avrupa\u2019ya has bir yaz\u0131n t\u00fcr\u00fc oldu\u011funu s\u00f6yleyip dururlar ve hatta buna ili\u015fkin s\u00f6z\u00fcmona kan\u0131tlar da ileri s\u00fcrerler. Ger\u00e7ekten b\u00f6yle midir? \u00dctopyalar yaln\u0131zca Avrupal\u0131lara has bir yaz\u0131n t\u00fcr\u00fc m\u00fcd\u00fcr? Ne yani, T\u00fcrkler \u00fctopyas\u0131z m\u0131d\u0131r? Hay\u0131r! Her ne kadar T\u00fcrklerin \u00fctopya yaz\u0131n\u0131yla tan\u0131\u015fmas\u0131 19. y\u00fczy\u0131l\u0131n ortalar\u0131na denk gelse de \u00fctopik eserlerle tan\u0131\u015fmas\u0131 \u00e7ok daha eskidir&#8230; T\u00fcrkiye\u2019nin \u00fctopyac\u0131 yazarlar\u0131, yazd\u0131klar\u0131 eserlerle, sadece d\u00fc\u015f\u00fcnsel ve siyasi hayat\u0131m\u0131z\u0131 belirlemediler; ayn\u0131 zamanda devrimlere bizzat kat\u0131larak \u00f6nc\u00fc roller de oynad\u0131lar.   \u201cD\u00fcnyada oldu\u011fu gibi T\u00fcrkiye\u2019nin devrim tarihi ile \u00fctopik yaz\u0131n\u0131n\u0131n tarihi de sarma\u015f\u0131k gibidir; birbirinden ayr\u0131lmaz bi\u00e7imde i\u00e7 i\u00e7e ge\u00e7mi\u015flerdir. Bu kitab\u0131 okudu\u011funuzda tarihimizdeki her devrimci giri\u015fimden \u00f6nce se\u00e7kin \u00fctopyalar\u0131n yaz\u0131ld\u0131\u011f\u0131n\u0131, bu eserleri yazan \u015fahsiyetlerin kendilerinin de aktif siyasetin i\u00e7inde olduklar\u0131n\u0131 ve bu eserlerle hem kendi ku\u015faklar\u0131n\u0131 hem de sonraki devrimci ku\u015faklar\u0131 derinden etkilediklerini, onlara sadece gelecek tasar\u0131s\u0131 sunmad\u0131klar\u0131n\u0131, ayn\u0131 zamanda onlar\u0131n devrimci heyecan\u0131n\u0131 ate\u015flediklerini ve gelece\u011fe ili\u015fkin umutlar\u0131n\u0131 diri tuttuklar\u0131n\u0131 da g\u00f6receksiniz.\u201d<\/p>\n","protected":false},"excerpt":{"rendered":"<p>T\u00fcrkiye\u2019nin en prestijli \u00fcniversiteleriyle beraber, Harvard, Columbia, New York, Princeton, Pennsylvania, Stanford ve Sachsen-Anhalt \u00dcniversitesi ile Amerikan Kongre K\u00fct\u00fcphanesi\u2019nde de yer alan bu kitap, geni\u015fletilmi\u015f bas\u0131m\u0131yla<span class=\"excerpt-hellip\"> [\u2026]<\/span><\/p>\n","protected":false},"featured_media":0,"template":"","meta":{"_monsterinsights_skip_tracking":false,"_monsterinsights_sitenote_active":false,"_monsterinsights_sitenote_note":"","_monsterinsights_sitenote_category":0},"product_brand":[],"product_cat":[13072,12291],"product_tag":[],"class_list":{"0":"post-745276","1":"product","2":"type-product","3":"status-publish","5":"product_cat-arastirma-inceleme-referans","6":"product_cat-edebiyat","7":"pa_cilt-ciltsiz","8":"pa_tur-kitap","9":"pa_yayinevi-kafka-yayinevi","10":"pa_yazar-sadik-usta","12":"first","13":"instock","14":"sale","15":"shipping-taxable","16":"purchasable","17":"product-type-simple"},"_links":{"self":[{"href":"https:\/\/roveyayinevi.com.tr\/index.php\/wp-json\/wp\/v2\/product\/745276","targetHints":{"allow":["GET"]}}],"collection":[{"href":"https:\/\/roveyayinevi.com.tr\/index.php\/wp-json\/wp\/v2\/product"}],"about":[{"href":"https:\/\/roveyayinevi.com.tr\/index.php\/wp-json\/wp\/v2\/types\/product"}],"wp:attachment":[{"href":"https:\/\/roveyayinevi.com.tr\/index.php\/wp-json\/wp\/v2\/media?parent=745276"}],"wp:term":[{"taxonomy":"product_brand","embeddable":true,"href":"https:\/\/roveyayinevi.com.tr\/index.php\/wp-json\/wp\/v2\/product_brand?post=745276"},{"taxonomy":"product_cat","embeddable":true,"href":"https:\/\/roveyayinevi.com.tr\/index.php\/wp-json\/wp\/v2\/product_cat?post=745276"},{"taxonomy":"product_tag","embeddable":true,"href":"https:\/\/roveyayinevi.com.tr\/index.php\/wp-json\/wp\/v2\/product_tag?post=745276"}],"curies":[{"name":"wp","href":"https:\/\/api.w.org\/{rel}","templated":true}]}}