{"id":745275,"date":"2025-08-28T02:16:01","date_gmt":"2025-08-27T23:16:01","guid":{"rendered":"https:\/\/roveyayinevi.com.tr\/index.php\/urun\/yolcu-9\/"},"modified":"2026-04-16T02:57:37","modified_gmt":"2026-04-15T23:57:37","slug":"yolcu-9","status":"publish","type":"product","link":"https:\/\/roveyayinevi.com.tr\/index.php\/urun\/yolcu-9\/","title":{"rendered":"Yolcu"},"content":{"rendered":"<p>\u201cNe istemedi\u011fini bildi\u011finde, ne isteyece\u011fini de bilirsin.\u201d Bu kitap, do\u011fum ve \u00f6l\u00fcm kap\u0131lar\u0131 aras\u0131nda kat edece\u011fin her ad\u0131ma rehberlik etmek ve sana bir ad\u0131mdan di\u011ferine ge\u00e7me f\u0131rsat\u0131 veren kilitli kap\u0131lar\u0131 nas\u0131l a\u00e7abilece\u011finin s\u0131rlar\u0131n\u0131 aktarmak i\u00e7in yaz\u0131ld\u0131 yolcu. Kestirmeden gidemezsin, bir kap\u0131n\u0131n s\u0131rr\u0131na h\u00e2kim olup anahtar\u0131n\u0131 elde etmeden, di\u011fer kap\u0131y\u0131 a\u00e7amazs\u0131n. Kolay olaca\u011f\u0131n\u0131 s\u00f6yleyemeyiz ama m\u00fcmk\u00fcn oldu\u011funu deneyimleyebilmen i\u00e7in sana rehberlik edebiliriz. Bildiklerini unutmaya, tutunduklar\u0131n\u0131 b\u0131rakmaya, ka\u00e7t\u0131klar\u0131nla y\u00fczle\u015fmeye haz\u0131r m\u0131s\u0131n? \u015eimdiye dek \u015fik\u00e2yet etti\u011fin ne vard\u0131ysa bil ki her birine ihtiyac\u0131n oldu\u011fu i\u00e7in kendin kurgulad\u0131n, kendin var ettin. Neyi istemedi\u011finle y\u00fczle\u015fmeye cesaret etti\u011finde, asl\u0131nda neyi istedi\u011fini ke\u015ffetmeye ba\u015fl\u0131yor olacaks\u0131n. Veremedi\u011fin i\u00e7in alamad\u0131\u011f\u0131n\u0131, sahiplendi\u011fin i\u00e7in kaybetti\u011fini, a\u015f\u0131r\u0131ya ka\u00e7t\u0131\u011f\u0131n i\u00e7in yoklu\u011fa d\u00fc\u015ft\u00fc\u011f\u00fcn\u00fc, kullanamayaca\u011f\u0131n\u0131 bildi\u011fin i\u00e7in g\u00fc\u00e7l\u00fc olmaktan ve ba\u015farmaktan geri durdu\u011funu anlad\u0131\u011f\u0131nda, kendine yeni bir kader yaz\u0131yor olacaks\u0131n yolcu. \u201cSahiplendik\u00e7e korkular\u0131n, sahip \u00e7\u0131kt\u0131k\u00e7a g\u00fcvenin artar.\u201d <\/p>\n","protected":false},"excerpt":{"rendered":"<p>\u201cNe istemedi\u011fini bildi\u011finde, ne isteyece\u011fini de bilirsin.\u201d Bu kitap, do\u011fum ve \u00f6l\u00fcm kap\u0131lar\u0131 aras\u0131nda kat edece\u011fin her ad\u0131ma rehberlik etmek ve sana bir ad\u0131mdan di\u011ferine ge\u00e7me<span class=\"excerpt-hellip\"> [\u2026]<\/span><\/p>\n","protected":false},"featured_media":0,"template":"","meta":{"_monsterinsights_skip_tracking":false,"_monsterinsights_sitenote_active":false,"_monsterinsights_sitenote_note":"","_monsterinsights_sitenote_category":0},"product_brand":[],"product_cat":[12364,12376],"product_tag":[],"class_list":{"0":"post-745275","1":"product","2":"type-product","3":"status-publish","5":"product_cat-genel-konular","6":"product_cat-kisisel-gelisim","7":"pa_cilt-ciltsiz","8":"pa_tur-kitap","9":"pa_yayinevi-destek-yayinlari","10":"pa_yazar-unal-guner","12":"first","13":"instock","14":"sale","15":"shipping-taxable","16":"purchasable","17":"product-type-simple"},"_links":{"self":[{"href":"https:\/\/roveyayinevi.com.tr\/index.php\/wp-json\/wp\/v2\/product\/745275","targetHints":{"allow":["GET"]}}],"collection":[{"href":"https:\/\/roveyayinevi.com.tr\/index.php\/wp-json\/wp\/v2\/product"}],"about":[{"href":"https:\/\/roveyayinevi.com.tr\/index.php\/wp-json\/wp\/v2\/types\/product"}],"wp:attachment":[{"href":"https:\/\/roveyayinevi.com.tr\/index.php\/wp-json\/wp\/v2\/media?parent=745275"}],"wp:term":[{"taxonomy":"product_brand","embeddable":true,"href":"https:\/\/roveyayinevi.com.tr\/index.php\/wp-json\/wp\/v2\/product_brand?post=745275"},{"taxonomy":"product_cat","embeddable":true,"href":"https:\/\/roveyayinevi.com.tr\/index.php\/wp-json\/wp\/v2\/product_cat?post=745275"},{"taxonomy":"product_tag","embeddable":true,"href":"https:\/\/roveyayinevi.com.tr\/index.php\/wp-json\/wp\/v2\/product_tag?post=745275"}],"curies":[{"name":"wp","href":"https:\/\/api.w.org\/{rel}","templated":true}]}}