{"id":745274,"date":"2025-08-28T02:16:00","date_gmt":"2025-08-27T23:16:00","guid":{"rendered":"https:\/\/roveyayinevi.com.tr\/index.php\/urun\/munafik\/"},"modified":"2026-04-16T02:57:37","modified_gmt":"2026-04-15T23:57:37","slug":"munafik","status":"publish","type":"product","link":"https:\/\/roveyayinevi.com.tr\/index.php\/urun\/munafik\/","title":{"rendered":"M\u00fcnaf\u0131k"},"content":{"rendered":"<p>\u201cM\u00dcM\u0130N D\u0130N\u0130 U\u011eRUNA MALINI, M\u00dcNAFIK \u0130SE MALI U\u011eRUNA D\u0130N\u0130N\u0130 FEDA EDER.\u201d   M\u00fcnaf\u0131k denen k\u00e2fir g\u00f6r\u00fcn\u00fcrde imanl\u0131d\u0131r; ama gizli olan g\u00f6n\u00fcl yuvas\u0131nda k\u00e2firdir. M\u00fcnaf\u0131k insan, bir kap\u0131dan imana, \u00f6b\u00fcr kap\u0131dan ink\u00e2ra girer, imanla ink\u00e2r aras\u0131nda mekik dokur. M\u00fcnaf\u0131k insan toplum siyasetinin, sosyal ahlak\u0131n\u0131n, hukukunun, k\u00fclt\u00fcr\u00fcn\u00fcn, maneviyat\u0131n\u0131n alt\u0131nda t\u00fcneller a\u00e7ar. Siyasetin, ahlak\u0131n, k\u00fclt\u00fcr\u00fcn, hukukun k\u00f6klerini kemirip kurutur. T\u0131pk\u0131 bir tarlafaresi gibi&#8230;   M\u00fcnaf\u0131k kendisini y\u00fcz\u00fcne kalkan edinir, perde edinir ve ger\u00e7ek niyetinin d\u00fc\u015fmanl\u0131\u011f\u0131n\u0131 o kabu\u011fun arkas\u0131nda saklar. T\u0131pk\u0131 kendini kabu\u011funun arkas\u0131nda saklayan yara gibi&#8230; Yaran\u0131n kabu\u011funu kald\u0131r\u0131nca yaradan cerahat veya kan akar. M\u00fcnaf\u0131\u011f\u0131n arkas\u0131nda sakland\u0131\u011f\u0131 perdeyi kald\u0131r\u0131nca da onun irin ve kan olan niyeti akar. \u201c\u0130kili oynayan\u201d m\u00fcnaf\u0131klar\u0131n psikolojisini, davran\u0131\u015f yap\u0131s\u0131n\u0131, ili\u015fkilerini Kuran\u2019daki ayetlere g\u00f6re a\u00e7\u0131klayan Prof. Dr. Bayraktar Bayrakl\u0131, inananlardanm\u0131\u015f gibi yap\u0131p k\u00fcfre d\u00fc\u015fenlerin detayl\u0131 anatomisini bu kitapta anlat\u0131yor.  <\/p>\n","protected":false},"excerpt":{"rendered":"<p>\u201cM\u00dcM\u0130N D\u0130N\u0130 U\u011eRUNA MALINI, M\u00dcNAFIK \u0130SE MALI U\u011eRUNA D\u0130N\u0130N\u0130 FEDA EDER.\u201d M\u00fcnaf\u0131k denen k\u00e2fir g\u00f6r\u00fcn\u00fcrde imanl\u0131d\u0131r; ama gizli olan g\u00f6n\u00fcl yuvas\u0131nda k\u00e2firdir. M\u00fcnaf\u0131k insan, bir kap\u0131dan<span class=\"excerpt-hellip\"> [\u2026]<\/span><\/p>\n","protected":false},"featured_media":0,"template":"","meta":{"_monsterinsights_skip_tracking":false,"_monsterinsights_sitenote_active":false,"_monsterinsights_sitenote_note":"","_monsterinsights_sitenote_category":0},"product_brand":[],"product_cat":[13036,12718,12719],"product_tag":[],"class_list":{"0":"post-745274","1":"product","2":"type-product","3":"status-publish","5":"product_cat-arastirma-inceleme-islam","6":"product_cat-din","7":"product_cat-islam","8":"pa_cilt-ciltsiz","9":"pa_tur-kitap","10":"pa_yayinevi-destek-yayinlari","11":"pa_yazar-bayraktar-bayrakli","13":"first","14":"instock","15":"sale","16":"shipping-taxable","17":"purchasable","18":"product-type-simple"},"_links":{"self":[{"href":"https:\/\/roveyayinevi.com.tr\/index.php\/wp-json\/wp\/v2\/product\/745274","targetHints":{"allow":["GET"]}}],"collection":[{"href":"https:\/\/roveyayinevi.com.tr\/index.php\/wp-json\/wp\/v2\/product"}],"about":[{"href":"https:\/\/roveyayinevi.com.tr\/index.php\/wp-json\/wp\/v2\/types\/product"}],"wp:attachment":[{"href":"https:\/\/roveyayinevi.com.tr\/index.php\/wp-json\/wp\/v2\/media?parent=745274"}],"wp:term":[{"taxonomy":"product_brand","embeddable":true,"href":"https:\/\/roveyayinevi.com.tr\/index.php\/wp-json\/wp\/v2\/product_brand?post=745274"},{"taxonomy":"product_cat","embeddable":true,"href":"https:\/\/roveyayinevi.com.tr\/index.php\/wp-json\/wp\/v2\/product_cat?post=745274"},{"taxonomy":"product_tag","embeddable":true,"href":"https:\/\/roveyayinevi.com.tr\/index.php\/wp-json\/wp\/v2\/product_tag?post=745274"}],"curies":[{"name":"wp","href":"https:\/\/api.w.org\/{rel}","templated":true}]}}