{"id":745271,"date":"2025-08-28T02:15:54","date_gmt":"2025-08-27T23:15:54","guid":{"rendered":"https:\/\/roveyayinevi.com.tr\/index.php\/urun\/isigina-tavsan-oldugum-filmler\/"},"modified":"2026-04-16T02:57:37","modified_gmt":"2026-04-15T23:57:37","slug":"isigina-tavsan-oldugum-filmler","status":"publish","type":"product","link":"https:\/\/roveyayinevi.com.tr\/index.php\/urun\/isigina-tavsan-oldugum-filmler\/","title":{"rendered":"I\u015f\u0131\u011f\u0131na Tav\u015fan Oldu\u011fum Filmler"},"content":{"rendered":"<p>Sinemaya ger\u00e7ekten tutkuyla ba\u011fl\u0131 bir edebiyat\u00e7\u0131 Murathan Mungan. Sinema yaz\u0131lar\u0131n\u0131 derli toplu bir araya getiren ilk kitap 2007 tarihli Kullan\u0131lm\u0131\u015f Biletler\u2019di. \u015eimdi de tutkusunu I\u015f\u0131\u011f\u0131na Tav\u015fan Oldu\u011fum Filmler\u2019de s\u00fcrd\u00fcr\u00fcyor. Do\u011frudan bir filmin kendisini incelemekten \u00e7ok, i\u00e7erdi\u011fi olgular, sorunlar nedeniyle s\u00f6z s\u00f6ylemeye k\u0131\u015fk\u0131rtt\u0131\u011f\u0131 alanlar \u00fczerine de d\u00fc\u015f\u00fcnmeyi s\u00fcrd\u00fcren yaz\u0131lar\u0131 bir araya getiriyor I\u015f\u0131\u011f\u0131na Tav\u015fan Oldu\u011fum Filmler\u2019de.  Sineman\u0131n devle\u015fmi\u015f isimleri Kurosawa, Antonioni, Coppola, Haneke, Parajanov\u2019un yan\u0131 s\u0131ra Yorgos Lanthimos, Denis Villeneuve ve Ursula Meier gibi \u00e7ok parlak y\u00f6netmenlerin filmlerine kendi merce\u011finden bak\u0131yor. Yaz\u0131 ba\u015fl\u0131klar\u0131 \u015f\u00f6yle: Ger\u00e7e\u011fe A\u00e7\u0131lan \u00dc\u00e7 Kap\u0131, Ba\u015fka D\u00fcnyalar\u0131n Filmleri, I\u015f\u0131\u011f\u0131na Tav\u015fan Oldu\u011fum Filmler, Ya\u015fl\u0131l\u0131k Devleri, Aile Sinemas\u0131, Kefaret, Zaman ve \u0130n\u015fa ya da Gelece\u011fi Hat\u0131rlamak. <\/p>\n","protected":false},"excerpt":{"rendered":"<p>Sinemaya ger\u00e7ekten tutkuyla ba\u011fl\u0131 bir edebiyat\u00e7\u0131 Murathan Mungan. Sinema yaz\u0131lar\u0131n\u0131 derli toplu bir araya getiren ilk kitap 2007 tarihli Kullan\u0131lm\u0131\u015f Biletler\u2019di. \u015eimdi de tutkusunu I\u015f\u0131\u011f\u0131na Tav\u015fan<span class=\"excerpt-hellip\"> [\u2026]<\/span><\/p>\n","protected":false},"featured_media":0,"template":"","meta":{"_monsterinsights_skip_tracking":false,"_monsterinsights_sitenote_active":false,"_monsterinsights_sitenote_note":"","_monsterinsights_sitenote_category":0},"product_brand":[],"product_cat":[12777,12291],"product_tag":[],"class_list":{"0":"post-745271","1":"product","2":"type-product","3":"status-publish","5":"product_cat-deneme","6":"product_cat-edebiyat","7":"pa_cilt-ciltsiz","8":"pa_tur-kitap","9":"pa_yayinevi-metis-yayinlari","10":"pa_yazar-murathan-mungan","12":"first","13":"instock","14":"sale","15":"shipping-taxable","16":"purchasable","17":"product-type-simple"},"_links":{"self":[{"href":"https:\/\/roveyayinevi.com.tr\/index.php\/wp-json\/wp\/v2\/product\/745271","targetHints":{"allow":["GET"]}}],"collection":[{"href":"https:\/\/roveyayinevi.com.tr\/index.php\/wp-json\/wp\/v2\/product"}],"about":[{"href":"https:\/\/roveyayinevi.com.tr\/index.php\/wp-json\/wp\/v2\/types\/product"}],"wp:attachment":[{"href":"https:\/\/roveyayinevi.com.tr\/index.php\/wp-json\/wp\/v2\/media?parent=745271"}],"wp:term":[{"taxonomy":"product_brand","embeddable":true,"href":"https:\/\/roveyayinevi.com.tr\/index.php\/wp-json\/wp\/v2\/product_brand?post=745271"},{"taxonomy":"product_cat","embeddable":true,"href":"https:\/\/roveyayinevi.com.tr\/index.php\/wp-json\/wp\/v2\/product_cat?post=745271"},{"taxonomy":"product_tag","embeddable":true,"href":"https:\/\/roveyayinevi.com.tr\/index.php\/wp-json\/wp\/v2\/product_tag?post=745271"}],"curies":[{"name":"wp","href":"https:\/\/api.w.org\/{rel}","templated":true}]}}