{"id":745268,"date":"2025-08-28T02:15:50","date_gmt":"2025-08-27T23:15:50","guid":{"rendered":"https:\/\/roveyayinevi.com.tr\/index.php\/urun\/zombili-mombili-roman\/"},"modified":"2026-04-16T02:57:37","modified_gmt":"2026-04-15T23:57:37","slug":"zombili-mombili-roman","status":"publish","type":"product","link":"https:\/\/roveyayinevi.com.tr\/index.php\/urun\/zombili-mombili-roman\/","title":{"rendered":"Zombili Mombili Roman"},"content":{"rendered":"<p>\u00c7ocuklar i\u00e7in korku roman\u0131 yazmak&#8230; Ayt\u00fcl Akal, okurlar\u0131 bir korku trenine bindirdi\u011fi Zombili Mombili Roman&#8217;da, karanl\u0131\u011f\u0131n dehlizlerinde gizem dolu bir yolculuk vadediyor; ger\u00e7ek\u00fcst\u00fc olaylarla s\u0131radan ger\u00e7ekleri i\u00e7 i\u00e7e ge\u00e7irerek ezberleri bozan bir anlat\u0131ya imza at\u0131yor. Ba\u015f d\u00f6nd\u00fcr\u00fcc\u00fc bir h\u0131zla kalpleri \u00e7arpt\u0131ran bu s\u00fcr\u00fckleyici kitap, y\u00fczy\u0131llar \u00f6ncesinden g\u00fcn\u00fcm\u00fcze ula\u015fmay\u0131 ba\u015faran baz\u0131 antika e\u015fyalar\u0131n ard\u0131ndaki s\u0131r perdesini aralarken hayal g\u00fcc\u00fcn\u00fcn s\u0131n\u0131rlar\u0131n\u0131 zorluyor. Karanl\u0131k d\u00fc\u015flerin tutsa\u011f\u0131 olan bir adam\u0131n ba\u015f\u0131ndan ge\u00e7enleri \u00fcrpertici bir hik\u00e2yeye d\u00f6n\u00fc\u015ft\u00fcren Akal, anlat\u0131s\u0131n\u0131n arka plan\u0131nda bir yazar\u0131n \u201csanc\u0131l\u0131\u201d yazma ve yaratma s\u00fcrecine de ayna tutuyor.   Edit\u00f6r\u00fc, a\u015fk romanlar\u0131n\u0131n tutkulu yazar\u0131 \u00d6zg\u00fcr&#8217;den \u00e7ocuklar i\u00e7in korku roman\u0131 yazmas\u0131n\u0131 istedi\u011finde gen\u00e7 adam\u0131n d\u00fcnyas\u0131 ba\u015f\u0131na y\u0131k\u0131l\u0131r. Hi\u00e7 deneyimi olmad\u0131\u011f\u0131 bir t\u00fcrde, \u00fcst\u00fcne bir de \u00e7ocuklar i\u00e7in kalem oynatacakt\u0131r. Bir an \u00f6nce buram buram romantizm kokan d\u00fc\u015f\u00fcncelerini bir kenara itip s\u00f6zc\u00fcklerini \u00fcrk\u00fct\u00fcc\u00fc ve gerilimli ortamlarda konu\u015fturmaya ba\u015flamal\u0131d\u0131r. Kafas\u0131nda soru i\u015faretleriyle yolda y\u00fcr\u00fcrken kar\u015f\u0131s\u0131na \u00e7\u0131kan kafe, belki de hayat\u0131n\u0131 alt\u00fcst edecek felaketler dizisinden hemen \u00f6nce soluklanaca\u011f\u0131 son durakt\u0131r. Kafeden evine po\u015fetler dolusu antika e\u015fyayla geri d\u00f6nen \u00d6zg\u00fcr, yakla\u015fan tehlikeden hen\u00fcz habersiz olsa da, bundan b\u00f6yle ataca\u011f\u0131 her ad\u0131m hayat memat meselesidir. Zira kar\u015f\u0131la\u015faca\u011f\u0131 ak\u0131lalmaz olaylar\u0131n k\u00e2bus mu, yoksa ger\u00e7ek mi oldu\u011funun ay\u0131rd\u0131na varmas\u0131 art\u0131k pek de m\u00fcmk\u00fcn de\u011fildir&#8230;   Ayt\u00fcl Akal&#8217;\u0131n, yerelden evrensele uzanan g\u00fc\u00e7l\u00fc hik\u00e2yesinin yan\u0131 s\u0131ra Ba\u015fak \u0130\u015fbilir&#8217;in sinemasal d\u00fc\u015flere yelken a\u00e7t\u0131ran resimleriyle b\u00fct\u00fcnlenen Zombili Mombili Roman, \u00e7ocuk ve gen\u00e7lik edebiyat\u0131m\u0131z\u0131n korku t\u00fcr\u00fcnde yaz\u0131lm\u0131\u015f en \u201cmodern\u201d \u00f6rneklerinden biri.  Ya\u015fayaca\u011f\u0131n\u0131z korku ve gerilim y\u00fcz\u00fcnden yaprak gibi titremeye haz\u0131rsan\u0131z, bu kitab\u0131 okumaya ba\u015flayabilirsiniz! <\/p>\n","protected":false},"excerpt":{"rendered":"<p>\u00c7ocuklar i\u00e7in korku roman\u0131 yazmak&#8230; Ayt\u00fcl Akal, okurlar\u0131 bir korku trenine bindirdi\u011fi Zombili Mombili Roman&#8217;da, karanl\u0131\u011f\u0131n dehlizlerinde gizem dolu bir yolculuk vadediyor; ger\u00e7ek\u00fcst\u00fc olaylarla s\u0131radan ger\u00e7ekleri<span class=\"excerpt-hellip\"> [\u2026]<\/span><\/p>\n","protected":false},"featured_media":0,"template":"","meta":{"_monsterinsights_skip_tracking":false,"_monsterinsights_sitenote_active":false,"_monsterinsights_sitenote_note":"","_monsterinsights_sitenote_category":0},"product_brand":[],"product_cat":[12689,12274],"product_tag":[],"class_list":{"0":"post-745268","1":"product","2":"type-product","3":"status-publish","5":"product_cat-cizgi-roman-cocuk-ve-genclik-kitaplari","6":"product_cat-cocuk-ve-genclik-kitaplari","7":"pa_cilt-ciltsiz","8":"pa_tur-kitap","9":"pa_yayinevi-tudem-yayinlari","10":"pa_yazar-aytul-akal","12":"first","13":"instock","14":"sale","15":"shipping-taxable","16":"purchasable","17":"product-type-simple"},"_links":{"self":[{"href":"https:\/\/roveyayinevi.com.tr\/index.php\/wp-json\/wp\/v2\/product\/745268","targetHints":{"allow":["GET"]}}],"collection":[{"href":"https:\/\/roveyayinevi.com.tr\/index.php\/wp-json\/wp\/v2\/product"}],"about":[{"href":"https:\/\/roveyayinevi.com.tr\/index.php\/wp-json\/wp\/v2\/types\/product"}],"wp:attachment":[{"href":"https:\/\/roveyayinevi.com.tr\/index.php\/wp-json\/wp\/v2\/media?parent=745268"}],"wp:term":[{"taxonomy":"product_brand","embeddable":true,"href":"https:\/\/roveyayinevi.com.tr\/index.php\/wp-json\/wp\/v2\/product_brand?post=745268"},{"taxonomy":"product_cat","embeddable":true,"href":"https:\/\/roveyayinevi.com.tr\/index.php\/wp-json\/wp\/v2\/product_cat?post=745268"},{"taxonomy":"product_tag","embeddable":true,"href":"https:\/\/roveyayinevi.com.tr\/index.php\/wp-json\/wp\/v2\/product_tag?post=745268"}],"curies":[{"name":"wp","href":"https:\/\/api.w.org\/{rel}","templated":true}]}}