{"id":745259,"date":"2025-08-28T02:15:37","date_gmt":"2025-08-27T23:15:37","guid":{"rendered":"https:\/\/roveyayinevi.com.tr\/index.php\/urun\/agac-arkadasim\/"},"modified":"2026-04-16T02:57:36","modified_gmt":"2026-04-15T23:57:36","slug":"agac-arkadasim","status":"publish","type":"product","link":"https:\/\/roveyayinevi.com.tr\/index.php\/urun\/agac-arkadasim\/","title":{"rendered":"A\u011fa\u00e7 Arkada\u015f\u0131m"},"content":{"rendered":"<p>D\u00fc\u015fle! D\u00fc\u015fle ki ger\u00e7ek olsun masal. D\u00fc\u015fle ki dile gelsin a\u011fa\u00e7. D\u00fc\u015fle, s\u0131n\u0131rs\u0131z bir hayalin ucundan tutarak. D\u00fc\u015fle, hayallerini ger\u00e7e\u011fine katarak. D\u00fc\u015fle! D\u00fc\u015fle ki ger\u00e7ek olsun masal. D\u00fc\u015fle ki dile gelsin hayallerin. D\u00fc\u015fle! G\u00fc\u00e7 sende!  Uluslararas\u0131 \u00f6d\u00fcll\u00fc hik\u00e2ye anlat\u0131c\u0131s\u0131 ve e\u011fitmen Nazl\u0131 \u00c7evik Azazi bu kitab\u0131yla t\u00fcm \u00e7ocuklar\u0131 \u015fefkatli masallar ve yemye\u015fil a\u011fa\u00e7larla bulu\u015fturuyor. Birbirinden etkileyici a\u011fa\u00e7 masallar\u0131 anlat\u0131rken okurlar\u0131n\u0131 da bu masal yolculu\u011funa dahil ediyor; onlar\u0131 hayal g\u00fcc\u00fcn\u00fcn s\u0131n\u0131rlar\u0131n\u0131 oyunlar arac\u0131l\u0131\u011f\u0131yla ke\u015ffetmeye ve kendi masallar\u0131n\u0131 yazmaya davet ediyor. Bu yolculu\u011fun sonunda, kalbindeki masal orman\u0131n\u0131 ke\u015ffedecek, bu ormanda oyunlar oynamaya doyamayacaks\u0131n! <\/p>\n","protected":false},"excerpt":{"rendered":"<p>D\u00fc\u015fle! D\u00fc\u015fle ki ger\u00e7ek olsun masal. D\u00fc\u015fle ki dile gelsin a\u011fa\u00e7. D\u00fc\u015fle, s\u0131n\u0131rs\u0131z bir hayalin ucundan tutarak. D\u00fc\u015fle, hayallerini ger\u00e7e\u011fine katarak. D\u00fc\u015fle! D\u00fc\u015fle ki ger\u00e7ek olsun<span class=\"excerpt-hellip\"> [\u2026]<\/span><\/p>\n","protected":false},"featured_media":0,"template":"","meta":{"_monsterinsights_skip_tracking":false,"_monsterinsights_sitenote_active":false,"_monsterinsights_sitenote_note":"","_monsterinsights_sitenote_category":0},"product_brand":[],"product_cat":[12274,12523],"product_tag":[],"class_list":{"0":"post-745259","1":"product","2":"type-product","3":"status-publish","5":"product_cat-cocuk-ve-genclik-kitaplari","6":"product_cat-masallar","7":"pa_cilt-ciltsiz","8":"pa_tur-kitap","9":"pa_yayinevi-dogan-cocuk","10":"pa_yazar-nazli-cevik-azazi","12":"first","13":"instock","14":"sale","15":"shipping-taxable","16":"purchasable","17":"product-type-simple"},"_links":{"self":[{"href":"https:\/\/roveyayinevi.com.tr\/index.php\/wp-json\/wp\/v2\/product\/745259","targetHints":{"allow":["GET"]}}],"collection":[{"href":"https:\/\/roveyayinevi.com.tr\/index.php\/wp-json\/wp\/v2\/product"}],"about":[{"href":"https:\/\/roveyayinevi.com.tr\/index.php\/wp-json\/wp\/v2\/types\/product"}],"wp:attachment":[{"href":"https:\/\/roveyayinevi.com.tr\/index.php\/wp-json\/wp\/v2\/media?parent=745259"}],"wp:term":[{"taxonomy":"product_brand","embeddable":true,"href":"https:\/\/roveyayinevi.com.tr\/index.php\/wp-json\/wp\/v2\/product_brand?post=745259"},{"taxonomy":"product_cat","embeddable":true,"href":"https:\/\/roveyayinevi.com.tr\/index.php\/wp-json\/wp\/v2\/product_cat?post=745259"},{"taxonomy":"product_tag","embeddable":true,"href":"https:\/\/roveyayinevi.com.tr\/index.php\/wp-json\/wp\/v2\/product_tag?post=745259"}],"curies":[{"name":"wp","href":"https:\/\/api.w.org\/{rel}","templated":true}]}}