{"id":745258,"date":"2025-08-28T02:15:35","date_gmt":"2025-08-27T23:15:35","guid":{"rendered":"https:\/\/roveyayinevi.com.tr\/index.php\/urun\/batik-adasi\/"},"modified":"2026-04-16T02:57:36","modified_gmt":"2026-04-15T23:57:36","slug":"batik-adasi","status":"publish","type":"product","link":"https:\/\/roveyayinevi.com.tr\/index.php\/urun\/batik-adasi\/","title":{"rendered":"Bat\u0131k Adas\u0131"},"content":{"rendered":"<p>\u201cG\u00f6zleri bulu\u015furken Seth\u2019in dikkati Ellie\u2019nin omzunun ard\u0131ndaki bir \u015fey y\u00fcz\u00fcnden da\u011f\u0131ld\u0131 ve Seth, \u015fa\u015fk\u0131nl\u0131kla donup kald\u0131.  Ellie de d\u00f6n\u00fcp bakt\u0131. Ufukta uzan\u0131yordu. Ay \u0131\u015f\u0131\u011f\u0131n\u0131n ayd\u0131nlatt\u0131\u011f\u0131, siyah, \u00e7\u0131k\u0131nt\u0131l\u0131 bir \u015fekil&#8230; Yeni bir ada.\u201d Ellie ve Seth, \u00f6zg\u00fcrl\u00fck ve huzur aray\u0131\u015f\u0131 i\u00e7inde D\u00fc\u015fman\u2019\u0131n \u015eehri\u2019nden ka\u00e7\u0131p sonsuz okyanusa yelken a\u00e7t\u0131. Dalgalar ve r\u00fczg\u00e2r onlar\u0131 gizemli bir krali\u00e7e taraf\u0131ndan y\u00f6netilen tropik bir adan\u0131n k\u0131y\u0131lar\u0131na ula\u015ft\u0131rd\u0131\u011f\u0131nda hayallerindeki m\u00fckemmel yuvay\u0131 bulduklar\u0131n\u0131 d\u00fc\u015f\u00fcnd\u00fcler. Ancak \u00e7ok ge\u00e7meden Ellie ve Seth kendilerini tehlikeli bir g\u00fc\u00e7 m\u00fccadelesinin i\u00e7inde bulacaklar ve ge\u00e7mi\u015flerinden gelen korkun\u00e7 ger\u00e7eklerle y\u00fczle\u015fmek zorunda kalacaklar.   \u201cStruan Murray, en yetenekli kurgu d\u00fcnya yarat\u0131c\u0131lar\u0131n\u0131n aras\u0131na zahmetsizce kat\u0131l\u0131yor&#8230; \u00d6ng\u00f6r\u00fclemez, \u015fa\u015f\u0131rt\u0131c\u0131 olay \u00f6rg\u00fcs\u00fc ve gri tonlar\u0131yla bu kitap hem s\u00fcr\u00fckleyici hem de orijinal.\u201d Observer <\/p>\n","protected":false},"excerpt":{"rendered":"<p>\u201cG\u00f6zleri bulu\u015furken Seth\u2019in dikkati Ellie\u2019nin omzunun ard\u0131ndaki bir \u015fey y\u00fcz\u00fcnden da\u011f\u0131ld\u0131 ve Seth, \u015fa\u015fk\u0131nl\u0131kla donup kald\u0131. Ellie de d\u00f6n\u00fcp bakt\u0131. Ufukta uzan\u0131yordu. Ay \u0131\u015f\u0131\u011f\u0131n\u0131n ayd\u0131nlatt\u0131\u011f\u0131, siyah,<span class=\"excerpt-hellip\"> [\u2026]<\/span><\/p>\n","protected":false},"featured_media":0,"template":"","meta":{"_monsterinsights_skip_tracking":false,"_monsterinsights_sitenote_active":false,"_monsterinsights_sitenote_note":"","_monsterinsights_sitenote_category":0},"product_brand":[],"product_cat":[12689,12274],"product_tag":[],"class_list":{"0":"post-745258","1":"product","2":"type-product","3":"status-publish","5":"product_cat-cizgi-roman-cocuk-ve-genclik-kitaplari","6":"product_cat-cocuk-ve-genclik-kitaplari","7":"pa_cilt-ciltsiz","8":"pa_tur-kitap","9":"pa_yayinevi-dogan-cocuk","10":"pa_yazar-struan-murray","12":"first","13":"instock","14":"sale","15":"shipping-taxable","16":"purchasable","17":"product-type-simple"},"_links":{"self":[{"href":"https:\/\/roveyayinevi.com.tr\/index.php\/wp-json\/wp\/v2\/product\/745258","targetHints":{"allow":["GET"]}}],"collection":[{"href":"https:\/\/roveyayinevi.com.tr\/index.php\/wp-json\/wp\/v2\/product"}],"about":[{"href":"https:\/\/roveyayinevi.com.tr\/index.php\/wp-json\/wp\/v2\/types\/product"}],"wp:attachment":[{"href":"https:\/\/roveyayinevi.com.tr\/index.php\/wp-json\/wp\/v2\/media?parent=745258"}],"wp:term":[{"taxonomy":"product_brand","embeddable":true,"href":"https:\/\/roveyayinevi.com.tr\/index.php\/wp-json\/wp\/v2\/product_brand?post=745258"},{"taxonomy":"product_cat","embeddable":true,"href":"https:\/\/roveyayinevi.com.tr\/index.php\/wp-json\/wp\/v2\/product_cat?post=745258"},{"taxonomy":"product_tag","embeddable":true,"href":"https:\/\/roveyayinevi.com.tr\/index.php\/wp-json\/wp\/v2\/product_tag?post=745258"}],"curies":[{"name":"wp","href":"https:\/\/api.w.org\/{rel}","templated":true}]}}